{"id":3729,"date":"2025-11-14T11:15:00","date_gmt":"2025-11-14T10:15:00","guid":{"rendered":"https:\/\/bilive.ma\/?post_type=product&#038;p=3729"},"modified":"2026-02-14T11:59:34","modified_gmt":"2026-02-14T10:59:34","slug":"spiruline-comprimes","status":"publish","type":"product","link":"https:\/\/bilive.ma\/index.php\/product\/spiruline-comprimes\/","title":{"rendered":"Spiruline comprim\u00e9s"},"content":{"rendered":"<p style=\"text-align: justify;\"><strong>Spiruline Super Algae 500mg 240 Comprim\u00e9s Indoka<\/strong><br \/>\nLa spiruline, super-aliment naturel, est une source exceptionnelle de nutriments essentiels. Elle contribue \u00e0 entretenir l&#8217;\u00e9nergie et le tonus au quotidien, tout en maintenant la vitalit\u00e9 g\u00e9n\u00e9rale de l&#8217;organisme. Gr\u00e2ce \u00e0 ses propri\u00e9t\u00e9s, elle aide \u00e0 renforcer les d\u00e9fenses naturelles et \u00e0 stimuler la r\u00e9sistance face aux agressions ext\u00e9rieures. Id\u00e9ale pour soutenir votre bien-\u00eatre, la spiruline favorise \u00e9galement la r\u00e9cup\u00e9ration et l&#8217;endurance, vous permettant de rester actif et en forme tout au long de la journ\u00e9e.<\/p>\n<p style=\"text-align: justify;\">BIENFAITS<\/p>\n<p style=\"text-align: justify;\">Compl\u00e9ment alimentaire.<\/p>\n<p style=\"text-align: justify;\">Booste le syst\u00e8me immunitaire et la vitalit\u00e9.<\/p>\n<p style=\"text-align: justify;\">Am\u00e9liore l&#8217;endurance et la r\u00e9sistance.<\/p>\n<p style=\"text-align: justify;\">Aide \u00e0 garder ou \u00e0 retrouver la forme.<\/p>\n<p style=\"text-align: justify;\">Maintient le tonus et l&#8217;\u00e9nergie.<\/p>\n<p style=\"text-align: justify;\">Riche en fer, acides amin\u00e9s, b\u00eata-carot\u00e8ne et antioxydants.<\/p>\n<p style=\"text-align: justify;\">Aide au contr\u00f4le du poids et \u00e0 une glyc\u00e9mie normale.<\/p>\n<p style=\"text-align: justify;\">Renforce les d\u00e9fenses naturelles et lutte contre le stress oxydatif.<\/p>\n<p style=\"text-align: justify;\"><strong>CONSEILS D&#8217;UTILISATION<\/strong><\/p>\n<p style=\"text-align: justify;\">4 \u00e0 6 comprim\u00e9s par jour \u00e0 prendre avec un verre d&#8217;eau.<\/p>\n<p style=\"text-align: justify;\"><strong>PRECAUTIONS<\/strong><\/p>\n<p style=\"text-align: justify;\">A consommer dans le cadre d&#8217;une alimentation vari\u00e9e.<\/p>\n<p style=\"text-align: justify;\">Ne pas d\u00e9passer la dose journali\u00e8re indiqu\u00e9e.<\/p>\n<p style=\"text-align: justify;\">Tenir hors de port\u00e9e des enfants.<\/p>\n<p style=\"text-align: justify;\">Conserver \u00e0 l&#8217;abri de la chaleur, de la lumi\u00e8re et de l&#8217;humidit\u00e9.<\/p>\n<p style=\"text-align: justify;\">Pour les femmes enceintes ou allaitantes consulter un professionnel de la sant\u00e9.<\/p>\n","protected":false},"excerpt":{"rendered":"<p><strong>Spiruline Super Algae 500mg 120 ou 240 Comprim\u00e9s Indoka<\/strong><br \/>\nLa spiruline, super-aliment naturel, est une source exceptionnelle de nutriments essentiels. Elle contribue \u00e0 entretenir l&#8217;\u00e9nergie et le tonus au quotidien, tout en maintenant la vitalit\u00e9 g\u00e9n\u00e9rale de l&#8217;organisme.<\/p>\n","protected":false},"featured_media":3759,"comment_status":"open","ping_status":"closed","template":"","meta":[],"product_brand":[],"product_cat":[86],"product_tag":[],"class_list":{"0":"post-3729","1":"product","2":"type-product","3":"status-publish","4":"has-post-thumbnail","6":"product_cat-complements-alimentaires","8":"first","9":"instock","10":"shipping-taxable","11":"purchasable","12":"product-type-variable","13":"wvs-archive-product-wrapper"},"_links":{"self":[{"href":"https:\/\/bilive.ma\/index.php\/wp-json\/wp\/v2\/product\/3729","targetHints":{"allow":["GET"]}}],"collection":[{"href":"https:\/\/bilive.ma\/index.php\/wp-json\/wp\/v2\/product"}],"about":[{"href":"https:\/\/bilive.ma\/index.php\/wp-json\/wp\/v2\/types\/product"}],"replies":[{"embeddable":true,"href":"https:\/\/bilive.ma\/index.php\/wp-json\/wp\/v2\/comments?post=3729"}],"version-history":[{"count":3,"href":"https:\/\/bilive.ma\/index.php\/wp-json\/wp\/v2\/product\/3729\/revisions"}],"predecessor-version":[{"id":5182,"href":"https:\/\/bilive.ma\/index.php\/wp-json\/wp\/v2\/product\/3729\/revisions\/5182"}],"wp:featuredmedia":[{"embeddable":true,"href":"https:\/\/bilive.ma\/index.php\/wp-json\/wp\/v2\/media\/3759"}],"wp:attachment":[{"href":"https:\/\/bilive.ma\/index.php\/wp-json\/wp\/v2\/media?parent=3729"}],"wp:term":[{"taxonomy":"product_brand","embeddable":true,"href":"https:\/\/bilive.ma\/index.php\/wp-json\/wp\/v2\/product_brand?post=3729"},{"taxonomy":"product_cat","embeddable":true,"href":"https:\/\/bilive.ma\/index.php\/wp-json\/wp\/v2\/product_cat?post=3729"},{"taxonomy":"product_tag","embeddable":true,"href":"https:\/\/bilive.ma\/index.php\/wp-json\/wp\/v2\/product_tag?post=3729"}],"curies":[{"name":"wp","href":"https:\/\/api.w.org\/{rel}","templated":true}]}}