{"id":3730,"date":"2025-11-14T11:15:01","date_gmt":"2025-11-14T10:15:01","guid":{"rendered":"https:\/\/bilive.ma\/?post_type=product&#038;p=3730"},"modified":"2025-11-14T11:15:04","modified_gmt":"2025-11-14T10:15:04","slug":"vitamine-c-vita-c-ascorbiq","status":"publish","type":"product","link":"https:\/\/bilive.ma\/index.php\/product\/vitamine-c-vita-c-ascorbiq\/","title":{"rendered":"Vitamine C Vita C ASCORBIQ"},"content":{"rendered":"<p style=\"text-align: justify;\"><strong>INDOKA Vitamine C VITA C ASCORBIQ 60 comprim\u00e9s 500 mg<\/strong><br \/>\nLa vitamine C est une vitamine hydrosoluble, nest pas stock\u00e9e dans lorganisme, sa fragilit\u00e9 est grande, et les apports doivent\u00a0\u00eatre journaliers et suffisants. Elle est facilement d\u00e9truite par la cuisson et le tabac. -La vitamine C est sans nul doute la plus c\u00e9l\u00e8bre des treize vitamines n\u00e9cessaires au bon fonctionnement de notre organisme. -R\u00e9put\u00e9e pour son action contre la fatigue, cette \u00ab vitamine du tonus \u00bb est impliqu\u00e9e dans un tr\u00e8s grand nombre de m\u00e9canismes et de r\u00e9actions chimiques qui pr\u00e9servent les cellules du vieillissement. -Elle combat les agressions ext\u00e9rieures et soutient le syst\u00e8me immunitaire. Elle joue beaucoup de\u00a0r\u00f4les : accroitre labsorption du fer r\u00e9duire la fatigue la protection des cellules contre le stress oxydatif le fonctionnement normal du syst\u00e8me immunitaire la formation normale du collag\u00e8ne<\/p>\n","protected":false},"excerpt":{"rendered":"<p>La vitamine C est une vitamine hydrosoluble, nest pas stock\u00e9e dans lorganisme, sa fragilit\u00e9 est grande<\/p>\n","protected":false},"featured_media":3761,"comment_status":"open","ping_status":"closed","template":"","meta":[],"product_brand":[],"product_cat":[86],"product_tag":[],"class_list":{"0":"post-3730","1":"product","2":"type-product","3":"status-publish","4":"has-post-thumbnail","6":"product_cat-complements-alimentaires","8":"first","9":"instock","10":"shipping-taxable","11":"purchasable","12":"product-type-simple"},"_links":{"self":[{"href":"https:\/\/bilive.ma\/index.php\/wp-json\/wp\/v2\/product\/3730","targetHints":{"allow":["GET"]}}],"collection":[{"href":"https:\/\/bilive.ma\/index.php\/wp-json\/wp\/v2\/product"}],"about":[{"href":"https:\/\/bilive.ma\/index.php\/wp-json\/wp\/v2\/types\/product"}],"replies":[{"embeddable":true,"href":"https:\/\/bilive.ma\/index.php\/wp-json\/wp\/v2\/comments?post=3730"}],"version-history":[{"count":1,"href":"https:\/\/bilive.ma\/index.php\/wp-json\/wp\/v2\/product\/3730\/revisions"}],"predecessor-version":[{"id":3762,"href":"https:\/\/bilive.ma\/index.php\/wp-json\/wp\/v2\/product\/3730\/revisions\/3762"}],"wp:featuredmedia":[{"embeddable":true,"href":"https:\/\/bilive.ma\/index.php\/wp-json\/wp\/v2\/media\/3761"}],"wp:attachment":[{"href":"https:\/\/bilive.ma\/index.php\/wp-json\/wp\/v2\/media?parent=3730"}],"wp:term":[{"taxonomy":"product_brand","embeddable":true,"href":"https:\/\/bilive.ma\/index.php\/wp-json\/wp\/v2\/product_brand?post=3730"},{"taxonomy":"product_cat","embeddable":true,"href":"https:\/\/bilive.ma\/index.php\/wp-json\/wp\/v2\/product_cat?post=3730"},{"taxonomy":"product_tag","embeddable":true,"href":"https:\/\/bilive.ma\/index.php\/wp-json\/wp\/v2\/product_tag?post=3730"}],"curies":[{"name":"wp","href":"https:\/\/api.w.org\/{rel}","templated":true}]}}