{"id":3731,"date":"2025-11-14T11:15:01","date_gmt":"2025-11-14T10:15:01","guid":{"rendered":"https:\/\/bilive.ma\/?post_type=product&#038;p=3731"},"modified":"2025-11-14T11:15:04","modified_gmt":"2025-11-14T10:15:04","slug":"vitamine-b12","status":"publish","type":"product","link":"https:\/\/bilive.ma\/index.php\/product\/vitamine-b12\/","title":{"rendered":"Vitamine B12"},"content":{"rendered":"<p style=\"text-align: justify;\"><strong>Vitamine B VITA B12 Cyanocobalamine 1.5mcg 60 Comprim\u00e9s<\/strong><br \/>\nLe compl\u00e9ment alimentaire Vita B12, \u00e0 base de vitamine B12 sous forme de cyanocobalamine, est excellent pour la sant\u00e9. Il soutient efficacement le syst\u00e8me nerveux, aide \u00e0 pr\u00e9venir l&#8217;an\u00e9mie, prot\u00e8ge le c\u0153ur, am\u00e9liore l&#8217;humeur et fournit de l&#8217;\u00e9nergie. En r\u00e9sum\u00e9, c&#8217;est un ajout pr\u00e9cieux \u00e0 une alimentation \u00e9quilibr\u00e9e pour rester en forme.<\/p>\n","protected":false},"excerpt":{"rendered":"<p style=\"text-align: justify;\">Un compl\u00e9ment essentiel qui soutient le syst\u00e8me nerveux, prot\u00e8ge le c\u0153ur, donne de l&#8217;\u00e9nergie, et am\u00e9liore l&#8217;humeur.<\/p>\n","protected":false},"featured_media":3763,"comment_status":"open","ping_status":"closed","template":"","meta":[],"product_brand":[],"product_cat":[86],"product_tag":[],"class_list":{"0":"post-3731","1":"product","2":"type-product","3":"status-publish","4":"has-post-thumbnail","6":"product_cat-complements-alimentaires","8":"first","9":"instock","10":"shipping-taxable","11":"purchasable","12":"product-type-simple"},"_links":{"self":[{"href":"https:\/\/bilive.ma\/index.php\/wp-json\/wp\/v2\/product\/3731","targetHints":{"allow":["GET"]}}],"collection":[{"href":"https:\/\/bilive.ma\/index.php\/wp-json\/wp\/v2\/product"}],"about":[{"href":"https:\/\/bilive.ma\/index.php\/wp-json\/wp\/v2\/types\/product"}],"replies":[{"embeddable":true,"href":"https:\/\/bilive.ma\/index.php\/wp-json\/wp\/v2\/comments?post=3731"}],"version-history":[{"count":1,"href":"https:\/\/bilive.ma\/index.php\/wp-json\/wp\/v2\/product\/3731\/revisions"}],"predecessor-version":[{"id":3764,"href":"https:\/\/bilive.ma\/index.php\/wp-json\/wp\/v2\/product\/3731\/revisions\/3764"}],"wp:featuredmedia":[{"embeddable":true,"href":"https:\/\/bilive.ma\/index.php\/wp-json\/wp\/v2\/media\/3763"}],"wp:attachment":[{"href":"https:\/\/bilive.ma\/index.php\/wp-json\/wp\/v2\/media?parent=3731"}],"wp:term":[{"taxonomy":"product_brand","embeddable":true,"href":"https:\/\/bilive.ma\/index.php\/wp-json\/wp\/v2\/product_brand?post=3731"},{"taxonomy":"product_cat","embeddable":true,"href":"https:\/\/bilive.ma\/index.php\/wp-json\/wp\/v2\/product_cat?post=3731"},{"taxonomy":"product_tag","embeddable":true,"href":"https:\/\/bilive.ma\/index.php\/wp-json\/wp\/v2\/product_tag?post=3731"}],"curies":[{"name":"wp","href":"https:\/\/api.w.org\/{rel}","templated":true}]}}