{"id":3732,"date":"2025-11-14T11:15:01","date_gmt":"2025-11-14T10:15:01","guid":{"rendered":"https:\/\/bilive.ma\/?post_type=product&#038;p=3732"},"modified":"2026-02-14T12:01:01","modified_gmt":"2026-02-14T11:01:01","slug":"capiroc-fortifiant","status":"publish","type":"product","link":"https:\/\/bilive.ma\/index.php\/product\/capiroc-fortifiant\/","title":{"rendered":"Capiroc Fortifiant"},"content":{"rendered":"<p style=\"text-align: justify;\"><strong>Capiroc Fortifiant 300mg pour Cheveux et Ongles 36 Gelules &#8211; Riche en Acides Amines, ZINC et Vitamines<\/strong><br \/>\nCapiroc Fortifiant est le compl\u00e9ment alimentaire parfaitement adapt\u00e9 pour renforcer vos cheveux et ongles fragilis\u00e9s. Formul\u00e9 avec un m\u00e9lange unique d&#8217;acides amin\u00e9s essentiels, de vitamines B et D, ainsi que de zinc, ce produit offre une solution efficace pour ceux qui rencontrent des probl\u00e8mes de fragilit\u00e9 capillaire et d&#8217;ongles cassants. Pourquoi Choisir Capiroc Fortifiant ? Renforce les cheveux affaiblis pour une apparence saine et radieuse. Favorise la vitalit\u00e9 et la sant\u00e9 des ongles pour une all-ure \u00e9l\u00e9gante et soign\u00e9e. Chaque bo\u00eete contient 36 g\u00e9lules de 300 mg, id\u00e9ales pour un traitement complet. Formul\u00e9 avec des ingr\u00e9dients de qualit\u00e9 pour des r\u00e9sultats durables. Valeur nutritionnelle: Portions 18 doses Portion 2 g\u00e9lules M\u00e9thionine 100 mg Cystine 200 mg Vitamine D3 5 mcg Vitamine B5 6 mg Vitamine B 6 1.4 mg Vitamine B8 50 mcg Vitamine B9 200 mcg Zinc 10 mg Attention: Ne pas d\u00e9passer la dose recommand\u00e9e. Tenir hors de port\u00e9e des jeunes enfants. Un compl\u00e9ment alimentaire ne doit pas se substituer \u00e0 une alimentation vari\u00e9e et \u00e0 un mode de vie sain. CONSEILS D&#8217;UTILISATION Prenez 2 g\u00e9lules par jour au petit-d\u00e9jeuner ou au premier repas, accompagn\u00e9es d&#8217;un verre d&#8217;eau. Optez pour Capiroc Fortifiant et offrez \u00e0 vos cheveux et ongles la vitalit\u00e9 dont ils ont besoin pour rayonner de sant\u00e9 et de beaut\u00e9, jour apr\u00e8s jour.<\/p>\n","protected":false},"excerpt":{"rendered":"<p style=\"text-align: justify;\">Capiroc Fortifiant est le compl\u00e9ment alimentaire parfaitement adapt\u00e9 pour renforcer vos cheveux et ongles fragilis\u00e9s.<\/p>\n","protected":false},"featured_media":3766,"comment_status":"open","ping_status":"closed","template":"","meta":[],"product_brand":[],"product_cat":[86],"product_tag":[],"class_list":{"0":"post-3732","1":"product","2":"type-product","3":"status-publish","4":"has-post-thumbnail","6":"product_cat-complements-alimentaires","8":"first","9":"instock","10":"shipping-taxable","11":"purchasable","12":"product-type-simple"},"_links":{"self":[{"href":"https:\/\/bilive.ma\/index.php\/wp-json\/wp\/v2\/product\/3732","targetHints":{"allow":["GET"]}}],"collection":[{"href":"https:\/\/bilive.ma\/index.php\/wp-json\/wp\/v2\/product"}],"about":[{"href":"https:\/\/bilive.ma\/index.php\/wp-json\/wp\/v2\/types\/product"}],"replies":[{"embeddable":true,"href":"https:\/\/bilive.ma\/index.php\/wp-json\/wp\/v2\/comments?post=3732"}],"version-history":[{"count":1,"href":"https:\/\/bilive.ma\/index.php\/wp-json\/wp\/v2\/product\/3732\/revisions"}],"predecessor-version":[{"id":3767,"href":"https:\/\/bilive.ma\/index.php\/wp-json\/wp\/v2\/product\/3732\/revisions\/3767"}],"wp:featuredmedia":[{"embeddable":true,"href":"https:\/\/bilive.ma\/index.php\/wp-json\/wp\/v2\/media\/3766"}],"wp:attachment":[{"href":"https:\/\/bilive.ma\/index.php\/wp-json\/wp\/v2\/media?parent=3732"}],"wp:term":[{"taxonomy":"product_brand","embeddable":true,"href":"https:\/\/bilive.ma\/index.php\/wp-json\/wp\/v2\/product_brand?post=3732"},{"taxonomy":"product_cat","embeddable":true,"href":"https:\/\/bilive.ma\/index.php\/wp-json\/wp\/v2\/product_cat?post=3732"},{"taxonomy":"product_tag","embeddable":true,"href":"https:\/\/bilive.ma\/index.php\/wp-json\/wp\/v2\/product_tag?post=3732"}],"curies":[{"name":"wp","href":"https:\/\/api.w.org\/{rel}","templated":true}]}}