{"id":3733,"date":"2025-11-14T11:15:01","date_gmt":"2025-11-14T10:15:01","guid":{"rendered":"https:\/\/bilive.ma\/?post_type=product&#038;p=3733"},"modified":"2026-02-14T12:01:44","modified_gmt":"2026-02-14T11:01:44","slug":"lotion-antichute-capiroc","status":"publish","type":"product","link":"https:\/\/bilive.ma\/index.php\/product\/lotion-antichute-capiroc\/","title":{"rendered":"Lotion Antichute Capiroc"},"content":{"rendered":"<div class=\"col-12 px-0 pb-2 dv_details_pr\">\n<p style=\"text-align: justify;\"><strong>Lotion Antichute Capiroc 100mL Indoka<\/strong><\/p>\n<p style=\"text-align: justify;\">La lotion antichute Capiroc est sp\u00e9cialement formul\u00e9e pour favoriser la repousse des cheveux tout en les renfor\u00e7ant et les nourrissant en profondeur. Sa composition enrichie en vitamines C, E, B5, B6, PP, et H, ainsi qu&#8217;en huiles essentielles, aide \u00e0 revitaliser le cuir chevelu, am\u00e9liorer la circulation sanguine et fortifier les cheveux d\u00e8s la racine. Ces actifs agissent en synergie pour pr\u00e9venir la chute, stimuler la croissance et am\u00e9liorer la sant\u00e9 globale des cheveux.<\/p>\n<p style=\"text-align: justify;\"><strong>CONSEILS D&#8217;UTILISATION<\/strong><\/p>\n<p style=\"text-align: justify;\">Utiliser la lotion anti-chute Capiroc une fois par jour.<\/p>\n<p style=\"text-align: justify;\">Bien agiter avant chaque utilisation.<\/p>\n<p style=\"text-align: justify;\">Appliquer raie par raie sur cheveux secs ou mouill\u00e9s.<\/p>\n<p style=\"text-align: justify;\">Masser l\u00e9g\u00e8rement.<\/p>\n<p style=\"text-align: justify;\">Sans rin\u00e7age.<\/p>\n<p style=\"text-align: justify;\">Ne pas appliquer en direction des yeux.<\/p>\n<\/div>\n","protected":false},"excerpt":{"rendered":"<div class=\"std\">\n<p>La lotion antichute Capiroc stimule la repousse, nourrit et renforce les cheveux gr\u00e2ce \u00e0 une combinaison de vitamines et d&#8217;huiles essentielles.<\/p>\n<\/div>\n","protected":false},"featured_media":3768,"comment_status":"open","ping_status":"closed","template":"","meta":[],"product_brand":[],"product_cat":[85,99],"product_tag":[],"class_list":{"0":"post-3733","1":"product","2":"type-product","3":"status-publish","4":"has-post-thumbnail","6":"product_cat-cosmetiques","7":"product_cat-soins-cheveux","9":"first","10":"instock","11":"shipping-taxable","12":"purchasable","13":"product-type-simple"},"_links":{"self":[{"href":"https:\/\/bilive.ma\/index.php\/wp-json\/wp\/v2\/product\/3733","targetHints":{"allow":["GET"]}}],"collection":[{"href":"https:\/\/bilive.ma\/index.php\/wp-json\/wp\/v2\/product"}],"about":[{"href":"https:\/\/bilive.ma\/index.php\/wp-json\/wp\/v2\/types\/product"}],"replies":[{"embeddable":true,"href":"https:\/\/bilive.ma\/index.php\/wp-json\/wp\/v2\/comments?post=3733"}],"version-history":[{"count":1,"href":"https:\/\/bilive.ma\/index.php\/wp-json\/wp\/v2\/product\/3733\/revisions"}],"predecessor-version":[{"id":3769,"href":"https:\/\/bilive.ma\/index.php\/wp-json\/wp\/v2\/product\/3733\/revisions\/3769"}],"wp:featuredmedia":[{"embeddable":true,"href":"https:\/\/bilive.ma\/index.php\/wp-json\/wp\/v2\/media\/3768"}],"wp:attachment":[{"href":"https:\/\/bilive.ma\/index.php\/wp-json\/wp\/v2\/media?parent=3733"}],"wp:term":[{"taxonomy":"product_brand","embeddable":true,"href":"https:\/\/bilive.ma\/index.php\/wp-json\/wp\/v2\/product_brand?post=3733"},{"taxonomy":"product_cat","embeddable":true,"href":"https:\/\/bilive.ma\/index.php\/wp-json\/wp\/v2\/product_cat?post=3733"},{"taxonomy":"product_tag","embeddable":true,"href":"https:\/\/bilive.ma\/index.php\/wp-json\/wp\/v2\/product_tag?post=3733"}],"curies":[{"name":"wp","href":"https:\/\/api.w.org\/{rel}","templated":true}]}}