{"id":3736,"date":"2025-11-14T11:15:01","date_gmt":"2025-11-14T10:15:01","guid":{"rendered":"https:\/\/bilive.ma\/?post_type=product&#038;p=3736"},"modified":"2026-02-14T12:10:35","modified_gmt":"2026-02-14T11:10:35","slug":"vitamines-d3-et-k2","status":"publish","type":"product","link":"https:\/\/bilive.ma\/index.php\/product\/vitamines-d3-et-k2\/","title":{"rendered":"VITAMINES D3 ET K2"},"content":{"rendered":"<p>PROPRIETES NUTRITIONNELLES OU ALLEGATIONS SANTE:<br \/>\n\u2022 La vitamine D3 contribue \u00e0 l\u2019absorption et \u00e0 l\u2019utilisation normale du calcium.<br \/>\n\u2022 La vitamine K2 facilite la fixation s\u00e9lective du calcium dans les os et le maintien d\u2019une ossature normale.<br \/>\n\u2022 L\u2019association de ces deux vitamines aide \u00e0 am\u00e9liorer la densit\u00e9 osseuse et la sant\u00e9 cardiovasculaire.<\/p>\n<p>COMPOSITION:<br \/>\nVitamine D3 (chol\u00e9calcif\u00e9rol) Vitamine K2 (m\u00e9naquinone-7) Huile d\u2019olive extra vierge 5 ug 75 ug 250 mg<\/p>\n<p>Enveloppe de la capsule :<br \/>\nG\u00e9latine ,Glyc\u00e9rine, Eau purifi\u00e9e<\/p>\n<p>POSOLOGIE ET MODE D\u2019EMPLOI:<br \/>\n1 capsule par jour au moment du repas, avec un verre d\u2019eau.<\/p>\n<p>DUR\u00c9E D\u2019UTILISATION:<br \/>\nCure d\u2019un mois renouvelable, si besoin.<\/p>\n<p>LIMITES D\u2019UTILISATION OU CONTRE \u2013 INDICATIONS:<br \/>\n\u2022 La dose recommand\u00e9e ne doit pas \u00eatre d\u00e9pass\u00e9e.<br \/>\n\u2022 Tenir hors de la port\u00e9e des petits enfants.<br \/>\n\u2022 Prendre un avis m\u00e9dical en cas de grossesse ou d\u2019allaitement.<br \/>\n\u2022D\u00e9conseill\u00e9 en cas de traitement anti vitamine K2.<br \/>\n\u2022A tenir \u00e0 l\u2019abri de la chaleur et de la lumi\u00e8re.<\/p>\n","protected":false},"excerpt":{"rendered":"<p>PROPRIETES NUTRITIONNELLES OU ALLEGATIONS SANTE:<br \/>\n\u2022 La vitamine D3 contribue \u00e0 l\u2019absorption et \u00e0 l\u2019utilisation normale du calcium.<br \/>\n\u2022 La vitamine K2 facilite la fixation s\u00e9lective du calcium dans les os et le maintien d\u2019une ossature normale.<br \/>\n\u2022 L\u2019association de ces deux vitamines aide \u00e0 am\u00e9liorer la densit\u00e9 osseuse et la sant\u00e9 cardiovasculaire.<\/p>\n","protected":false},"featured_media":3774,"comment_status":"open","ping_status":"closed","template":"","meta":[],"product_brand":[],"product_cat":[86],"product_tag":[],"class_list":{"0":"post-3736","1":"product","2":"type-product","3":"status-publish","4":"has-post-thumbnail","6":"product_cat-complements-alimentaires","8":"first","9":"instock","10":"shipping-taxable","11":"purchasable","12":"product-type-simple"},"_links":{"self":[{"href":"https:\/\/bilive.ma\/index.php\/wp-json\/wp\/v2\/product\/3736","targetHints":{"allow":["GET"]}}],"collection":[{"href":"https:\/\/bilive.ma\/index.php\/wp-json\/wp\/v2\/product"}],"about":[{"href":"https:\/\/bilive.ma\/index.php\/wp-json\/wp\/v2\/types\/product"}],"replies":[{"embeddable":true,"href":"https:\/\/bilive.ma\/index.php\/wp-json\/wp\/v2\/comments?post=3736"}],"version-history":[{"count":1,"href":"https:\/\/bilive.ma\/index.php\/wp-json\/wp\/v2\/product\/3736\/revisions"}],"predecessor-version":[{"id":3775,"href":"https:\/\/bilive.ma\/index.php\/wp-json\/wp\/v2\/product\/3736\/revisions\/3775"}],"wp:featuredmedia":[{"embeddable":true,"href":"https:\/\/bilive.ma\/index.php\/wp-json\/wp\/v2\/media\/3774"}],"wp:attachment":[{"href":"https:\/\/bilive.ma\/index.php\/wp-json\/wp\/v2\/media?parent=3736"}],"wp:term":[{"taxonomy":"product_brand","embeddable":true,"href":"https:\/\/bilive.ma\/index.php\/wp-json\/wp\/v2\/product_brand?post=3736"},{"taxonomy":"product_cat","embeddable":true,"href":"https:\/\/bilive.ma\/index.php\/wp-json\/wp\/v2\/product_cat?post=3736"},{"taxonomy":"product_tag","embeddable":true,"href":"https:\/\/bilive.ma\/index.php\/wp-json\/wp\/v2\/product_tag?post=3736"}],"curies":[{"name":"wp","href":"https:\/\/api.w.org\/{rel}","templated":true}]}}