{"id":3737,"date":"2025-11-14T11:15:01","date_gmt":"2025-11-14T10:15:01","guid":{"rendered":"https:\/\/bilive.ma\/?post_type=product&#038;p=3737"},"modified":"2026-02-14T12:10:57","modified_gmt":"2026-02-14T11:10:57","slug":"bain-de-bouche-naturel-aux-huiles-essentielles","status":"publish","type":"product","link":"https:\/\/bilive.ma\/index.php\/product\/bain-de-bouche-naturel-aux-huiles-essentielles\/","title":{"rendered":"Bain de Bouche Naturel aux huiles essentielles"},"content":{"rendered":"<p style=\"text-align: justify;\"><strong>Bain de Bouche Naturel aux huiles essentielles<br \/>\n<\/strong>Les\u00a0extraits naturels de plantes, par leur action assainissante et apaisante, contribuent \u00e0 maintenir les muqueuses en bonne sant\u00e9. Le m\u00e9lange dhuiles essentielles dEucalyptus et Fenouil\u00a0procure une agr\u00e9able sensation de fraicheur durable. Sans menthol ni fluor, il est COMPATIBLE avec lHOM\u00c9OPATHIE. Notre bain de bouche est certifi\u00e9 produit naturel et respectueux de lenvironnement.<strong><br \/>\n<\/strong><\/p>\n","protected":false},"excerpt":{"rendered":"<p>pr\u00e9vient la formation de la plaque dentaire. Il contient du Xylitol qui rend le pH de la bouche moins acide et du Calcium pour prot\u00e9ger l\u00e9mail de la d\u00e9min\u00e9ralisation.<\/p>\n","protected":false},"featured_media":3776,"comment_status":"open","ping_status":"closed","template":"","meta":[],"product_brand":[],"product_cat":[85],"product_tag":[],"class_list":{"0":"post-3737","1":"product","2":"type-product","3":"status-publish","4":"has-post-thumbnail","6":"product_cat-cosmetiques","8":"first","9":"instock","10":"shipping-taxable","11":"purchasable","12":"product-type-simple"},"_links":{"self":[{"href":"https:\/\/bilive.ma\/index.php\/wp-json\/wp\/v2\/product\/3737","targetHints":{"allow":["GET"]}}],"collection":[{"href":"https:\/\/bilive.ma\/index.php\/wp-json\/wp\/v2\/product"}],"about":[{"href":"https:\/\/bilive.ma\/index.php\/wp-json\/wp\/v2\/types\/product"}],"replies":[{"embeddable":true,"href":"https:\/\/bilive.ma\/index.php\/wp-json\/wp\/v2\/comments?post=3737"}],"version-history":[{"count":1,"href":"https:\/\/bilive.ma\/index.php\/wp-json\/wp\/v2\/product\/3737\/revisions"}],"predecessor-version":[{"id":3777,"href":"https:\/\/bilive.ma\/index.php\/wp-json\/wp\/v2\/product\/3737\/revisions\/3777"}],"wp:featuredmedia":[{"embeddable":true,"href":"https:\/\/bilive.ma\/index.php\/wp-json\/wp\/v2\/media\/3776"}],"wp:attachment":[{"href":"https:\/\/bilive.ma\/index.php\/wp-json\/wp\/v2\/media?parent=3737"}],"wp:term":[{"taxonomy":"product_brand","embeddable":true,"href":"https:\/\/bilive.ma\/index.php\/wp-json\/wp\/v2\/product_brand?post=3737"},{"taxonomy":"product_cat","embeddable":true,"href":"https:\/\/bilive.ma\/index.php\/wp-json\/wp\/v2\/product_cat?post=3737"},{"taxonomy":"product_tag","embeddable":true,"href":"https:\/\/bilive.ma\/index.php\/wp-json\/wp\/v2\/product_tag?post=3737"}],"curies":[{"name":"wp","href":"https:\/\/api.w.org\/{rel}","templated":true}]}}