{"id":3739,"date":"2025-11-14T11:15:01","date_gmt":"2025-11-14T10:15:01","guid":{"rendered":"https:\/\/bilive.ma\/?post_type=product&#038;p=3739"},"modified":"2026-02-14T12:11:13","modified_gmt":"2026-02-14T11:11:13","slug":"shampooing-dargan","status":"publish","type":"product","link":"https:\/\/bilive.ma\/index.php\/product\/shampooing-dargan\/","title":{"rendered":"Shampooing d\u2019Argan"},"content":{"rendered":"<p style=\"text-align: justify;\">Belar\u00f4me Shampooing Argan<br \/>\nCosm\u00e9tique naturel<br \/>\n100% du total des ingr\u00e9dients sont d\u2019origine naturelle.<br \/>\n14% du total des ingr\u00e9dients sont issus de naturels<br \/>\nSans paraben<\/p>\n<p style=\"text-align: justify;\">Le shampoing Nutrition \u00e0 l\u2019huile d\u2019argan est un produit nourrissant et r\u00e9parateur des cheveux. Riche en vitamine E, c\u2019est \u00e9galement un soin protecteur, ultra doux utilis\u00e9 sur tous types de cheveux, et prot\u00e9geant des effets du calcaire. Ainsi, la chevelure retrouve vigueur, brillance et souplesse.<\/p>\n<p style=\"text-align: justify;\">\n","protected":false},"excerpt":{"rendered":"<p style=\"text-align: justify;\">\u00a0vertus reconnues, flacon plastique avec emballage carton, 200ml, Shampooing Fortifiant Produit fabriqu\u00e9 en\u00a0<strong>Belar\u00f4me<\/strong>\u00a0maroc Cosm\u00e9tique naturel, Ce shampoing 100% pures et naturelles. il lave les cheveux en douceur tout en stimulant la circulation sanguine du cuir chevelu. vos cheveux sont ainsi nourrit, brillants et souples.<\/p>\n","protected":false},"featured_media":3782,"comment_status":"open","ping_status":"closed","template":"","meta":[],"product_brand":[],"product_cat":[85,119,99],"product_tag":[],"class_list":{"0":"post-3739","1":"product","2":"type-product","3":"status-publish","4":"has-post-thumbnail","6":"product_cat-cosmetiques","7":"product_cat-soins-bain-et-corps-cosmetiques","8":"product_cat-soins-cheveux","10":"first","11":"instock","12":"shipping-taxable","13":"purchasable","14":"product-type-simple"},"_links":{"self":[{"href":"https:\/\/bilive.ma\/index.php\/wp-json\/wp\/v2\/product\/3739","targetHints":{"allow":["GET"]}}],"collection":[{"href":"https:\/\/bilive.ma\/index.php\/wp-json\/wp\/v2\/product"}],"about":[{"href":"https:\/\/bilive.ma\/index.php\/wp-json\/wp\/v2\/types\/product"}],"replies":[{"embeddable":true,"href":"https:\/\/bilive.ma\/index.php\/wp-json\/wp\/v2\/comments?post=3739"}],"version-history":[{"count":1,"href":"https:\/\/bilive.ma\/index.php\/wp-json\/wp\/v2\/product\/3739\/revisions"}],"predecessor-version":[{"id":3783,"href":"https:\/\/bilive.ma\/index.php\/wp-json\/wp\/v2\/product\/3739\/revisions\/3783"}],"wp:featuredmedia":[{"embeddable":true,"href":"https:\/\/bilive.ma\/index.php\/wp-json\/wp\/v2\/media\/3782"}],"wp:attachment":[{"href":"https:\/\/bilive.ma\/index.php\/wp-json\/wp\/v2\/media?parent=3739"}],"wp:term":[{"taxonomy":"product_brand","embeddable":true,"href":"https:\/\/bilive.ma\/index.php\/wp-json\/wp\/v2\/product_brand?post=3739"},{"taxonomy":"product_cat","embeddable":true,"href":"https:\/\/bilive.ma\/index.php\/wp-json\/wp\/v2\/product_cat?post=3739"},{"taxonomy":"product_tag","embeddable":true,"href":"https:\/\/bilive.ma\/index.php\/wp-json\/wp\/v2\/product_tag?post=3739"}],"curies":[{"name":"wp","href":"https:\/\/api.w.org\/{rel}","templated":true}]}}