{"id":3740,"date":"2025-11-14T11:15:01","date_gmt":"2025-11-14T10:15:01","guid":{"rendered":"https:\/\/bilive.ma\/?post_type=product&#038;p=3740"},"modified":"2026-02-10T12:06:27","modified_gmt":"2026-02-10T11:06:27","slug":"shampooing-chanvre","status":"publish","type":"product","link":"https:\/\/bilive.ma\/index.php\/product\/shampooing-chanvre\/","title":{"rendered":"Shampooing Chanvre"},"content":{"rendered":"<p style=\"text-align: justify;\">Belar\u00f4me Shampooing Chanvre<br \/>\nCosm\u00e9tique naturel<br \/>\n100% du total des ingr\u00e9dients sont d\u2019origine naturelle.<br \/>\n14% du total des ingr\u00e9dients sont issus de naturels<br \/>\nSans paraben<br \/>\nSans colorant de synth\u00e8se<\/p>\n<p style=\"text-align: justify;\">Ce shampooing doux sans sulfate, sans parab\u00e8ne, sans colorant, au pH \u00e9quilibr\u00e9 agit pour arr\u00eater la chute des cheveux et fortifier les cheveux fragiles, ce qui facilite la gestion et adoucit les cheveux secs pour pr\u00e9server leur vitalit\u00e9 pour le shampooing sans sulfate parfait. la formule est fabriqu\u00e9e \u00e0 partir de plastique recycl\u00e9. D\u00e9couvrez les merveilles naturelles s\u00e9lectionn\u00e9es par Belar\u00f4me et combinez-les avec nous.<\/p>\n","protected":false},"excerpt":{"rendered":"<p style=\"text-align: justify;\">Belar\u00f4me Shampoing chanvre , Anti-Chute,chanvre naturel est riche en acides gras essentiels (AGE) et en om\u00e9ga 3, 6 et 9, essentiels pour des cheveux d\u2019apparence saine, flacon plastique avec emballage carton, 200ml, Shampooing Fortifiant Produit fabriqu\u00e9 en\u00a0<strong>Belar\u00f4me<\/strong>\u00a0maroc Cosm\u00e9tique naturel.<\/p>\n","protected":false},"featured_media":3785,"comment_status":"open","ping_status":"closed","template":"","meta":[],"product_brand":[],"product_cat":[85,119,99],"product_tag":[],"class_list":{"0":"post-3740","1":"product","2":"type-product","3":"status-publish","4":"has-post-thumbnail","6":"product_cat-cosmetiques","7":"product_cat-soins-bain-et-corps-cosmetiques","8":"product_cat-soins-cheveux","10":"first","11":"instock","12":"shipping-taxable","13":"purchasable","14":"product-type-simple"},"_links":{"self":[{"href":"https:\/\/bilive.ma\/index.php\/wp-json\/wp\/v2\/product\/3740","targetHints":{"allow":["GET"]}}],"collection":[{"href":"https:\/\/bilive.ma\/index.php\/wp-json\/wp\/v2\/product"}],"about":[{"href":"https:\/\/bilive.ma\/index.php\/wp-json\/wp\/v2\/types\/product"}],"replies":[{"embeddable":true,"href":"https:\/\/bilive.ma\/index.php\/wp-json\/wp\/v2\/comments?post=3740"}],"version-history":[{"count":1,"href":"https:\/\/bilive.ma\/index.php\/wp-json\/wp\/v2\/product\/3740\/revisions"}],"predecessor-version":[{"id":3786,"href":"https:\/\/bilive.ma\/index.php\/wp-json\/wp\/v2\/product\/3740\/revisions\/3786"}],"wp:featuredmedia":[{"embeddable":true,"href":"https:\/\/bilive.ma\/index.php\/wp-json\/wp\/v2\/media\/3785"}],"wp:attachment":[{"href":"https:\/\/bilive.ma\/index.php\/wp-json\/wp\/v2\/media?parent=3740"}],"wp:term":[{"taxonomy":"product_brand","embeddable":true,"href":"https:\/\/bilive.ma\/index.php\/wp-json\/wp\/v2\/product_brand?post=3740"},{"taxonomy":"product_cat","embeddable":true,"href":"https:\/\/bilive.ma\/index.php\/wp-json\/wp\/v2\/product_cat?post=3740"},{"taxonomy":"product_tag","embeddable":true,"href":"https:\/\/bilive.ma\/index.php\/wp-json\/wp\/v2\/product_tag?post=3740"}],"curies":[{"name":"wp","href":"https:\/\/api.w.org\/{rel}","templated":true}]}}