{"id":3742,"date":"2025-11-14T11:15:01","date_gmt":"2025-11-14T10:15:01","guid":{"rendered":"https:\/\/bilive.ma\/?post_type=product&#038;p=3742"},"modified":"2026-02-14T11:50:12","modified_gmt":"2026-02-14T10:50:12","slug":"shampooing-romarin","status":"publish","type":"product","link":"https:\/\/bilive.ma\/index.php\/product\/shampooing-romarin\/","title":{"rendered":"Shampooing Romarin"},"content":{"rendered":"<p style=\"text-align: justify;\">Shampooing lavande<br \/>\nCosm\u00e9tique naturel<br \/>\n100% du total des ingr\u00e9dients sont d\u2019origine naturelle.<br \/>\n14% du total des ingr\u00e9dients sont issus de naturels<br \/>\nSans paraben<br \/>\nSans parfum ni colorant de synth\u00e8se<\/p>\n<p style=\"text-align: justify;\">Le shampooing\u00a0<strong>Belar\u00f4me<\/strong>\u00a0de Romarin est naturellement doux et efficace. Convient pour un usage familial quotidien.<br \/>\nC\u2019est un tonique naturel du bulbe pileux. Vos cheveux, soutenus par leurs racines, retrouvent force et vitalit\u00e9. Il combat les pellicules. Il est anti-bact\u00e9rien et anti-parasitaire. C\u2019est un nettoyant efficace du cuir chevelu, \u00e9limine la plaque dentaire et r\u00e9duit l\u2019inflammation. Ce shampooing naturel est compos\u00e9 d\u2019un nettoyant \u00e0 base de plantes. bases (tensioactifs) s\u00e9lectionn\u00e9es pour leur douceur. Ainsi ce shampooing n\u2019agresse pas les cheveux et respecte l\u2019\u00e9quilibre du cuir chevelu.<br \/>\nBase moussante d\u2019origine naturelle<br \/>\nSans silicone<br \/>\nPackaging recyclable<br \/>\n<strong>COMMENT UTILISER BELAROME SHAMPOOING ROMARIN\u00a0 ANTI-PELLICULAIRE A HUILE<br \/>\nD\u2019AMANDE DOUCE\u00a0 EAU FLORAL -200ML<\/strong><br \/>\nAppliquer sur cheveux mouill\u00e9s. Masser doucement puis rincer abondamment.<\/p>\n","protected":false},"excerpt":{"rendered":"<p style=\"text-align: justify;\">Belarome Shampoing Romarin, Anti-Pelliculaire, flacon plastique avec emballage carton, 200ml, Shampooing Fortifiant Produit fabriqu\u00e9 en belarome maroc Cosm\u00e9tique naturel<\/p>\n","protected":false},"featured_media":3790,"comment_status":"open","ping_status":"closed","template":"","meta":[],"product_brand":[],"product_cat":[85,119,99],"product_tag":[],"class_list":{"0":"post-3742","1":"product","2":"type-product","3":"status-publish","4":"has-post-thumbnail","6":"product_cat-cosmetiques","7":"product_cat-soins-bain-et-corps-cosmetiques","8":"product_cat-soins-cheveux","10":"first","11":"instock","12":"shipping-taxable","13":"purchasable","14":"product-type-simple"},"_links":{"self":[{"href":"https:\/\/bilive.ma\/index.php\/wp-json\/wp\/v2\/product\/3742","targetHints":{"allow":["GET"]}}],"collection":[{"href":"https:\/\/bilive.ma\/index.php\/wp-json\/wp\/v2\/product"}],"about":[{"href":"https:\/\/bilive.ma\/index.php\/wp-json\/wp\/v2\/types\/product"}],"replies":[{"embeddable":true,"href":"https:\/\/bilive.ma\/index.php\/wp-json\/wp\/v2\/comments?post=3742"}],"version-history":[{"count":3,"href":"https:\/\/bilive.ma\/index.php\/wp-json\/wp\/v2\/product\/3742\/revisions"}],"predecessor-version":[{"id":5177,"href":"https:\/\/bilive.ma\/index.php\/wp-json\/wp\/v2\/product\/3742\/revisions\/5177"}],"wp:featuredmedia":[{"embeddable":true,"href":"https:\/\/bilive.ma\/index.php\/wp-json\/wp\/v2\/media\/3790"}],"wp:attachment":[{"href":"https:\/\/bilive.ma\/index.php\/wp-json\/wp\/v2\/media?parent=3742"}],"wp:term":[{"taxonomy":"product_brand","embeddable":true,"href":"https:\/\/bilive.ma\/index.php\/wp-json\/wp\/v2\/product_brand?post=3742"},{"taxonomy":"product_cat","embeddable":true,"href":"https:\/\/bilive.ma\/index.php\/wp-json\/wp\/v2\/product_cat?post=3742"},{"taxonomy":"product_tag","embeddable":true,"href":"https:\/\/bilive.ma\/index.php\/wp-json\/wp\/v2\/product_tag?post=3742"}],"curies":[{"name":"wp","href":"https:\/\/api.w.org\/{rel}","templated":true}]}}