{"id":3743,"date":"2025-11-14T11:15:02","date_gmt":"2025-11-14T10:15:02","guid":{"rendered":"https:\/\/bilive.ma\/?post_type=product&#038;p=3743"},"modified":"2025-11-14T11:15:10","modified_gmt":"2025-11-14T10:15:10","slug":"beurre-de-karite-dargan","status":"publish","type":"product","link":"https:\/\/bilive.ma\/index.php\/product\/beurre-de-karite-dargan\/","title":{"rendered":"Beurre de karite\u0301 d\u2019Argan"},"content":{"rendered":"<p style=\"text-align: justify;\">Beurre de karit\u00e9 \u00e0 huile d\u2019argan, Emballage plastique pour Protection l\u2019humidit\u00e9 avec bouchon en plastique, Siz;60G Baume de soin ou de massage nourrissant et r\u00e9g\u00e9n\u00e9rant. Le pur beurre de Karit\u00e9 enrichi \u00e0 l\u2019huile d\u2019Argan biologique dispose d\u2019un pouvoir nutritif exceptionnel. Ses 2 constituants sont r\u00e9put\u00e9s pour nourrir et prot\u00e9ger l\u2019\u00e9piderme en amont d\u2019une exposition de ce dernier dans des conditions dess\u00e9chantes s\u00e9v\u00e8res. Il contribue \u00e0 restaurer les peaux ab\u00eem\u00e9s en les adoucissants et en calmant l\u2019inflammation.<\/p>\n<p style=\"text-align: justify;\">Parfum : Parfum \u2013 Parfume la formule, donne une odeur agr\u00e9able au produit. Parfume le beurre d\u2019une parfum de rose<br \/>\nTocopherol \/ Vitamine E : Anti-oxydant \u2013 Prot\u00e8ge le beurre de l\u2019oxydation.<\/p>\n","protected":false},"excerpt":{"rendered":"<p style=\"text-align: justify;\">Beurre de karit\u00e9 \u00e0 huile d\u2019argan, Emballage plastique pour Protection l\u2019humidit\u00e9 avec bouchon en plastique, Siz : 60G Baume de soin ou de massage nourrissant et r\u00e9g\u00e9n\u00e9rant.<\/p>\n","protected":false},"featured_media":3792,"comment_status":"open","ping_status":"closed","template":"","meta":[],"product_brand":[],"product_cat":[85],"product_tag":[],"class_list":{"0":"post-3743","1":"product","2":"type-product","3":"status-publish","4":"has-post-thumbnail","6":"product_cat-cosmetiques","8":"first","9":"instock","10":"shipping-taxable","11":"purchasable","12":"product-type-simple"},"_links":{"self":[{"href":"https:\/\/bilive.ma\/index.php\/wp-json\/wp\/v2\/product\/3743","targetHints":{"allow":["GET"]}}],"collection":[{"href":"https:\/\/bilive.ma\/index.php\/wp-json\/wp\/v2\/product"}],"about":[{"href":"https:\/\/bilive.ma\/index.php\/wp-json\/wp\/v2\/types\/product"}],"replies":[{"embeddable":true,"href":"https:\/\/bilive.ma\/index.php\/wp-json\/wp\/v2\/comments?post=3743"}],"version-history":[{"count":1,"href":"https:\/\/bilive.ma\/index.php\/wp-json\/wp\/v2\/product\/3743\/revisions"}],"predecessor-version":[{"id":3793,"href":"https:\/\/bilive.ma\/index.php\/wp-json\/wp\/v2\/product\/3743\/revisions\/3793"}],"wp:featuredmedia":[{"embeddable":true,"href":"https:\/\/bilive.ma\/index.php\/wp-json\/wp\/v2\/media\/3792"}],"wp:attachment":[{"href":"https:\/\/bilive.ma\/index.php\/wp-json\/wp\/v2\/media?parent=3743"}],"wp:term":[{"taxonomy":"product_brand","embeddable":true,"href":"https:\/\/bilive.ma\/index.php\/wp-json\/wp\/v2\/product_brand?post=3743"},{"taxonomy":"product_cat","embeddable":true,"href":"https:\/\/bilive.ma\/index.php\/wp-json\/wp\/v2\/product_cat?post=3743"},{"taxonomy":"product_tag","embeddable":true,"href":"https:\/\/bilive.ma\/index.php\/wp-json\/wp\/v2\/product_tag?post=3743"}],"curies":[{"name":"wp","href":"https:\/\/api.w.org\/{rel}","templated":true}]}}