{"id":3744,"date":"2025-11-14T11:15:02","date_gmt":"2025-11-14T10:15:02","guid":{"rendered":"https:\/\/bilive.ma\/?post_type=product&#038;p=3744"},"modified":"2025-11-14T11:15:10","modified_gmt":"2025-11-14T10:15:10","slug":"beurre-de-karite-naturelle","status":"publish","type":"product","link":"https:\/\/bilive.ma\/index.php\/product\/beurre-de-karite-naturelle\/","title":{"rendered":"Beurre de karite\u0301 Naturelle"},"content":{"rendered":"<p style=\"text-align: justify;\">. Fabrication artisanal !<br \/>\n. Nature &amp; Progr\u00e8s et Cosm\u00e9tique<br \/>\n. 100% d\u2019ingr\u00e9dients naturel<br \/>\n. Sans colorant, conservateur,<br \/>\n. Sans parab\u00e8ne<br \/>\n. Aucune substance issue de la p\u00e9trochimie ou de synth\u00e8se<br \/>\n.<strong>\u00a0Couleur :<\/strong>\u00a0blanc<br \/>\n.\u00a0<strong>Aspect :<\/strong>\u00a0solide, parfois l\u00e9g\u00e8rement granuleux, liquide huileux au del\u00e0 de 30\u00b0C<\/p>\n<p style=\"text-align: justify;\"><em><strong>Propri\u00e9t\u00e9s:<\/strong><\/em><\/p>\n<p style=\"text-align: justify;\">Le beurre de Karit\u00e9 Naturel Innovatouch a une double utilisation : il s\u2019utilise comme soin du visage mais aussi dans les cheveux.<br \/>\nConnu pour ses vertus de douceur et d\u2019onctuosit\u00e9, il hydrate et nourrit la peau en profondeur (hydratation des couches sup\u00e9rieures de l\u2019\u00e9piderme). Il apporte une protection contre le dess\u00e8chement cutan\u00e9 gr\u00e2ce \u00e0 la pr\u00e9sence de vitamine A. Le karit\u00e9 contient \u00e9galement de la vitamine E, anti-oxydante, ayant des vertus anti-\u00e2ge.<\/p>\n","protected":false},"excerpt":{"rendered":"<p style=\"text-align: justify;\">Beurre de karit\u00e9 Naturel, Emballage plastique pour Protection l\u2019humidit\u00e9 avec bouchon en plastique, Siz : 60G Baume de soin ou de massage nourrissant et r\u00e9g\u00e9n\u00e9rant. Sa composition riche en acides gras donne au beurre de Karit\u00e9 de fortes propri\u00e9t\u00e9s hydratantes et nourrissantes.<br \/>\nIl favorise l\u2019hydratation de la peau durant la journ\u00e9e et prot\u00e8ge le cuir chevelu des agressions ext\u00e9rieures.<\/p>\n","protected":false},"featured_media":3794,"comment_status":"open","ping_status":"closed","template":"","meta":[],"product_brand":[],"product_cat":[85],"product_tag":[],"class_list":{"0":"post-3744","1":"product","2":"type-product","3":"status-publish","4":"has-post-thumbnail","6":"product_cat-cosmetiques","8":"first","9":"instock","10":"shipping-taxable","11":"purchasable","12":"product-type-simple"},"_links":{"self":[{"href":"https:\/\/bilive.ma\/index.php\/wp-json\/wp\/v2\/product\/3744","targetHints":{"allow":["GET"]}}],"collection":[{"href":"https:\/\/bilive.ma\/index.php\/wp-json\/wp\/v2\/product"}],"about":[{"href":"https:\/\/bilive.ma\/index.php\/wp-json\/wp\/v2\/types\/product"}],"replies":[{"embeddable":true,"href":"https:\/\/bilive.ma\/index.php\/wp-json\/wp\/v2\/comments?post=3744"}],"version-history":[{"count":1,"href":"https:\/\/bilive.ma\/index.php\/wp-json\/wp\/v2\/product\/3744\/revisions"}],"predecessor-version":[{"id":3795,"href":"https:\/\/bilive.ma\/index.php\/wp-json\/wp\/v2\/product\/3744\/revisions\/3795"}],"wp:featuredmedia":[{"embeddable":true,"href":"https:\/\/bilive.ma\/index.php\/wp-json\/wp\/v2\/media\/3794"}],"wp:attachment":[{"href":"https:\/\/bilive.ma\/index.php\/wp-json\/wp\/v2\/media?parent=3744"}],"wp:term":[{"taxonomy":"product_brand","embeddable":true,"href":"https:\/\/bilive.ma\/index.php\/wp-json\/wp\/v2\/product_brand?post=3744"},{"taxonomy":"product_cat","embeddable":true,"href":"https:\/\/bilive.ma\/index.php\/wp-json\/wp\/v2\/product_cat?post=3744"},{"taxonomy":"product_tag","embeddable":true,"href":"https:\/\/bilive.ma\/index.php\/wp-json\/wp\/v2\/product_tag?post=3744"}],"curies":[{"name":"wp","href":"https:\/\/api.w.org\/{rel}","templated":true}]}}