{"id":3745,"date":"2025-11-14T11:15:02","date_gmt":"2025-11-14T10:15:02","guid":{"rendered":"https:\/\/bilive.ma\/?post_type=product&#038;p=3745"},"modified":"2025-11-14T11:15:11","modified_gmt":"2025-11-14T10:15:11","slug":"beurre-de-karite-parfum-rose","status":"publish","type":"product","link":"https:\/\/bilive.ma\/index.php\/product\/beurre-de-karite-parfum-rose\/","title":{"rendered":"Beurre de karite\u0301 Parfum Rose"},"content":{"rendered":"<p style=\"text-align: justify;\">Protection l\u2019humidit\u00e9 avec bouchon en plastique, Siz : 60G Baume de soin ou de massage nourrissant et r\u00e9g\u00e9n\u00e9rant. Dans ce soin id\u00e9al pour les peaux s\u00e8ches, ab\u00eem\u00e9es et marqu\u00e9es par le temps. Sa formule simple et efficace, offre une texture souple, facilitant son l\u2019application. En massage corporel, soin du visage et des mains et donne un parfum de rose efficace.<\/p>\n<p style=\"text-align: justify;\"><strong>Parfum<\/strong>\u00a0: Parfum \u2013 Parfume la formule, donne une odeur agr\u00e9able au produit. Parfume le beurre d\u2019une parfum de rose<\/p>\n<p style=\"text-align: justify;\"><strong>Tocopherol \/ Vitamine E :<\/strong>\u00a0Anti-oxydant \u2013 Prot\u00e8ge le beurre de l\u2019oxydation.<\/p>\n<p>Le Beurre de karit\u00e9 certifi\u00e9 bio au parfum rose nourrit et hydrate intens\u00e9ment l\u2019\u00e9piderme. Recherch\u00e9 pour ses propri\u00e9t\u00e9s r\u00e9paratrices, anti-dess\u00e9chantes et protectrices, le beurre de karit\u00e9 est naturellement riche en vitamines A, D, E et F. Il pr\u00e9vient la s\u00e9cheresse cutan\u00e9e, favorise le renouvellement cellulaire, assouplit et adoucit la peau tout en la prot\u00e9geant des agressions ext\u00e9rieures. Son doux parfum rose constitue une v\u00e9ritable invitation au voyage.<\/p>\n<p><em><strong>Pr\u00e9cautions d\u2019emploi :<\/strong><\/em><br \/>\n-Ne pas laisser \u00e0 la port\u00e9e des enfants.<br \/>\n-Suivent son application.<br \/>\n-Uniquement \u00e0 usage externe.<br \/>\n-\u00c9viter le contact avec les yeux<\/p>\n<p><em><strong>Conseils d\u2019utilisation :<\/strong><\/em><br \/>\nPr\u00e9lever une noisette de beurre, la mettre entre la paume des deux mains, frotter jusqu\u2019\u00e0 ce que le beurre se transforme en huile. Si le beurre est granuleux les granules fondent au contact de la peau.<br \/>\nLe beurre doit \u00eatre parfaitement liquide pour permettre une bonne application.<\/p>\n<p><em><strong>D\u2019utilisation :<br \/>\n<\/strong><\/em>Appliquer une petite quantit\u00e9 de beurre sur la peau propre, masser pour bien le faire p\u00e9n\u00e9trer. Enlever un \u00e9ventuel surplus avec un mouchoir en papier.<\/p>\n","protected":false},"excerpt":{"rendered":"<p style=\"text-align: justify;\">Beurre de karit\u00e9 parfum de rose, Emballage plastique pour Protection l\u2019humidit\u00e9 avec bouchon en plastique, Siz : 60G Baume de soin ou de massage nourrissant et r\u00e9g\u00e9n\u00e9rant.<\/p>\n","protected":false},"featured_media":3796,"comment_status":"open","ping_status":"closed","template":"","meta":[],"product_brand":[],"product_cat":[85],"product_tag":[],"class_list":{"0":"post-3745","1":"product","2":"type-product","3":"status-publish","4":"has-post-thumbnail","6":"product_cat-cosmetiques","8":"first","9":"instock","10":"shipping-taxable","11":"purchasable","12":"product-type-simple"},"_links":{"self":[{"href":"https:\/\/bilive.ma\/index.php\/wp-json\/wp\/v2\/product\/3745","targetHints":{"allow":["GET"]}}],"collection":[{"href":"https:\/\/bilive.ma\/index.php\/wp-json\/wp\/v2\/product"}],"about":[{"href":"https:\/\/bilive.ma\/index.php\/wp-json\/wp\/v2\/types\/product"}],"replies":[{"embeddable":true,"href":"https:\/\/bilive.ma\/index.php\/wp-json\/wp\/v2\/comments?post=3745"}],"version-history":[{"count":1,"href":"https:\/\/bilive.ma\/index.php\/wp-json\/wp\/v2\/product\/3745\/revisions"}],"predecessor-version":[{"id":3797,"href":"https:\/\/bilive.ma\/index.php\/wp-json\/wp\/v2\/product\/3745\/revisions\/3797"}],"wp:featuredmedia":[{"embeddable":true,"href":"https:\/\/bilive.ma\/index.php\/wp-json\/wp\/v2\/media\/3796"}],"wp:attachment":[{"href":"https:\/\/bilive.ma\/index.php\/wp-json\/wp\/v2\/media?parent=3745"}],"wp:term":[{"taxonomy":"product_brand","embeddable":true,"href":"https:\/\/bilive.ma\/index.php\/wp-json\/wp\/v2\/product_brand?post=3745"},{"taxonomy":"product_cat","embeddable":true,"href":"https:\/\/bilive.ma\/index.php\/wp-json\/wp\/v2\/product_cat?post=3745"},{"taxonomy":"product_tag","embeddable":true,"href":"https:\/\/bilive.ma\/index.php\/wp-json\/wp\/v2\/product_tag?post=3745"}],"curies":[{"name":"wp","href":"https:\/\/api.w.org\/{rel}","templated":true}]}}