{"id":3746,"date":"2025-11-14T11:15:02","date_gmt":"2025-11-14T10:15:02","guid":{"rendered":"https:\/\/bilive.ma\/?post_type=product&#038;p=3746"},"modified":"2025-11-14T11:15:11","modified_gmt":"2025-11-14T10:15:11","slug":"burre-de-karite-huile-damande-douce","status":"publish","type":"product","link":"https:\/\/bilive.ma\/index.php\/product\/burre-de-karite-huile-damande-douce\/","title":{"rendered":"Burre de karite\u0301 Huile d\u2019amande Douce"},"content":{"rendered":"<p style=\"text-align: justify;\"><em><strong>Les produits:<\/strong><\/em><br \/>\n. Fabrication artisanal !<br \/>\n. Nature &amp; Progr\u00e8s et Cosm\u00e9tique<br \/>\n. 100% d\u2019ingr\u00e9dients naturel<br \/>\n. Sans colorant, conservateur,<br \/>\n. Sans parab\u00e8ne<br \/>\n. Aucune substance issue de la p\u00e9trochimie ou de synth\u00e8se<br \/>\n.\u00a0<strong>Odeur :<\/strong>\u00a0gourmande d\u2019amande Douce<br \/>\n.<strong>\u00a0Couleur :<\/strong>\u00a0blanc<br \/>\n.\u00a0<strong>Aspect :<\/strong>\u00a0solide, parfois l\u00e9g\u00e8rement granuleux, liquide huileux au del\u00e0 de 30\u00b0C<\/p>\n<p style=\"text-align: justify;\"><em><strong>Propri\u00e9t\u00e9s:<\/strong><\/em><\/p>\n<p style=\"text-align: justify;\">Obtenu \u00e0 partir d\u2019huile d\u2019Amande douce BIO et sans hydrog\u00e9nation, ce beurre au toucher riche et velout\u00e9 est un merveilleux actif pour le soin des peaux et cheveux secs. Riche en antioxydants naturels et en phytost\u00e9rols, il apporte une action nourrissante et restructurante \u00e0 vos pr\u00e9parations, et pr\u00e9vient les signes du vieillissement. Il s\u2019incorpore remarquablement bien dans vos formules de cr\u00e8mes, baumes, sticks\u2026 Il est parfait notamment pour les soins \u00e0 th\u00e8me gourmand.<\/p>\n","protected":false},"excerpt":{"rendered":"<p style=\"text-align: justify;\">Beurre de karit\u00e9 \u00e0 Huile d\u2019amande Douce, Emballage plastique pour Protection l\u2019humidit\u00e9 avec bouchon en plastique,<br \/>\n<strong>Siz : 60G<\/strong>\u00a0Baume de soin ou de massage nourrissant et r\u00e9g\u00e9n\u00e9rant.<br \/>\nCette synergie de Beurre de Karit\u00e9 \u00e0 huile d\u2019amande Douce biologiques est parfaite pour les soins de la peau et des cheveux. Texture fondante pour des massages fluides.<br \/>\n\u2013 Nourrissant et r\u00e9g\u00e9n\u00e9rant<br \/>\n\u2013 Prot\u00e8ge la peau contre les agressions ext\u00e9rieures<br \/>\n\u2013 \u00e9mollient (assouplit la peau) et apaisant<br \/>\n\u2013 Convient \u00e0 tous les types de peaux : peaux matures, d\u00e9vitalis\u00e9es, \u2013 -s\u00e8ches, sensibles, irrit\u00e9es et ternes<\/p>\n","protected":false},"featured_media":3798,"comment_status":"open","ping_status":"closed","template":"","meta":[],"product_brand":[],"product_cat":[85],"product_tag":[],"class_list":{"0":"post-3746","1":"product","2":"type-product","3":"status-publish","4":"has-post-thumbnail","6":"product_cat-cosmetiques","8":"first","9":"instock","10":"shipping-taxable","11":"purchasable","12":"product-type-simple"},"_links":{"self":[{"href":"https:\/\/bilive.ma\/index.php\/wp-json\/wp\/v2\/product\/3746","targetHints":{"allow":["GET"]}}],"collection":[{"href":"https:\/\/bilive.ma\/index.php\/wp-json\/wp\/v2\/product"}],"about":[{"href":"https:\/\/bilive.ma\/index.php\/wp-json\/wp\/v2\/types\/product"}],"replies":[{"embeddable":true,"href":"https:\/\/bilive.ma\/index.php\/wp-json\/wp\/v2\/comments?post=3746"}],"version-history":[{"count":1,"href":"https:\/\/bilive.ma\/index.php\/wp-json\/wp\/v2\/product\/3746\/revisions"}],"predecessor-version":[{"id":3799,"href":"https:\/\/bilive.ma\/index.php\/wp-json\/wp\/v2\/product\/3746\/revisions\/3799"}],"wp:featuredmedia":[{"embeddable":true,"href":"https:\/\/bilive.ma\/index.php\/wp-json\/wp\/v2\/media\/3798"}],"wp:attachment":[{"href":"https:\/\/bilive.ma\/index.php\/wp-json\/wp\/v2\/media?parent=3746"}],"wp:term":[{"taxonomy":"product_brand","embeddable":true,"href":"https:\/\/bilive.ma\/index.php\/wp-json\/wp\/v2\/product_brand?post=3746"},{"taxonomy":"product_cat","embeddable":true,"href":"https:\/\/bilive.ma\/index.php\/wp-json\/wp\/v2\/product_cat?post=3746"},{"taxonomy":"product_tag","embeddable":true,"href":"https:\/\/bilive.ma\/index.php\/wp-json\/wp\/v2\/product_tag?post=3746"}],"curies":[{"name":"wp","href":"https:\/\/api.w.org\/{rel}","templated":true}]}}