{"id":3747,"date":"2025-11-14T11:15:02","date_gmt":"2025-11-14T10:15:02","guid":{"rendered":"https:\/\/bilive.ma\/?post_type=product&#038;p=3747"},"modified":"2025-11-14T11:15:11","modified_gmt":"2025-11-14T10:15:11","slug":"gel-douche","status":"publish","type":"product","link":"https:\/\/bilive.ma\/index.php\/product\/gel-douche\/","title":{"rendered":"Gel-douche"},"content":{"rendered":"<p style=\"text-align: justify;\"><em><strong>Les produits:<\/strong><\/em><br \/>\nFABRICATION ARTISANAL!<br \/>\n100% D\u2019INGR\u00c9DIENTS D\u2019ORIGINE NATURELLE<\/p>\n<p style=\"text-align: justify;\"><em><strong>Propri\u00e9t\u00e9s:<\/strong><\/em><br \/>\nLe gel douche \u00e0 l\u2019aloe vera a un merveilleux parfum de mangue et ce sont des ingr\u00e9dients d\u2019origine naturelle. Nourrissante et r\u00e9confortante, sa texture gel l\u00e9g\u00e8re purifie et prot\u00e8ge la peau tout en la parfumant subtilement en vous procurant une sensation de fra\u00eecheur in\u00e9gal\u00e9e et une douceur \u00e9tonnante.<br \/>\nLe r\u00e9sultat:<br \/>\n\u2013 La formule douce rend la peau merveilleusement souple<br \/>\n\u2013 pour les soins quotidiens<br \/>\n\u2013 Convient aux peaux sensibles<br \/>\nCompatibilit\u00e9 cutan\u00e9e approuv\u00e9e dermatologiquement<\/p>\n","protected":false},"excerpt":{"rendered":"<div class=\"woocommerce-product-details__short-description\">\n<p style=\"text-align: justify;\">Type de peau: Normal \/ tout type de peau | Caract\u00e9ristiques du produit: Sans alcool, sans sels d\u2019aluminium, sans nanoparticules, sans parabens, sans paraffines \/ huiles min\u00e9rales, pH neutre pour la peau, vegan, Siz:200ml, dans flacon plastique.<\/p>\n<\/div>\n","protected":false},"featured_media":3800,"comment_status":"open","ping_status":"closed","template":"","meta":[],"product_brand":[],"product_cat":[85],"product_tag":[],"class_list":{"0":"post-3747","1":"product","2":"type-product","3":"status-publish","4":"has-post-thumbnail","6":"product_cat-cosmetiques","8":"first","9":"instock","10":"shipping-taxable","11":"purchasable","12":"product-type-simple"},"_links":{"self":[{"href":"https:\/\/bilive.ma\/index.php\/wp-json\/wp\/v2\/product\/3747","targetHints":{"allow":["GET"]}}],"collection":[{"href":"https:\/\/bilive.ma\/index.php\/wp-json\/wp\/v2\/product"}],"about":[{"href":"https:\/\/bilive.ma\/index.php\/wp-json\/wp\/v2\/types\/product"}],"replies":[{"embeddable":true,"href":"https:\/\/bilive.ma\/index.php\/wp-json\/wp\/v2\/comments?post=3747"}],"version-history":[{"count":1,"href":"https:\/\/bilive.ma\/index.php\/wp-json\/wp\/v2\/product\/3747\/revisions"}],"predecessor-version":[{"id":3801,"href":"https:\/\/bilive.ma\/index.php\/wp-json\/wp\/v2\/product\/3747\/revisions\/3801"}],"wp:featuredmedia":[{"embeddable":true,"href":"https:\/\/bilive.ma\/index.php\/wp-json\/wp\/v2\/media\/3800"}],"wp:attachment":[{"href":"https:\/\/bilive.ma\/index.php\/wp-json\/wp\/v2\/media?parent=3747"}],"wp:term":[{"taxonomy":"product_brand","embeddable":true,"href":"https:\/\/bilive.ma\/index.php\/wp-json\/wp\/v2\/product_brand?post=3747"},{"taxonomy":"product_cat","embeddable":true,"href":"https:\/\/bilive.ma\/index.php\/wp-json\/wp\/v2\/product_cat?post=3747"},{"taxonomy":"product_tag","embeddable":true,"href":"https:\/\/bilive.ma\/index.php\/wp-json\/wp\/v2\/product_tag?post=3747"}],"curies":[{"name":"wp","href":"https:\/\/api.w.org\/{rel}","templated":true}]}}