{"id":3749,"date":"2025-11-14T11:15:02","date_gmt":"2025-11-14T10:15:02","guid":{"rendered":"https:\/\/bilive.ma\/?post_type=product&#038;p=3749"},"modified":"2026-02-10T11:59:10","modified_gmt":"2026-02-10T10:59:10","slug":"huile-alimentaire-courge","status":"publish","type":"product","link":"https:\/\/bilive.ma\/index.php\/product\/huile-alimentaire-courge\/","title":{"rendered":"Huile Alimentaire Courge"},"content":{"rendered":"<p style=\"text-align: justify;\">L\u2019huile de courge est press\u00e9e \u00e0 froid, flacon en verre de couleur fonc\u00e9e pour le prot\u00e9ger du soleil, de couleur tr\u00e8s verte fonc\u00e9e, elle poss\u00e8de un gout tr\u00e8s prononc\u00e9.<br \/>\nL\u00b4huile de p\u00e9pins de courge est une bonne source d\u00b4acides gras essentiel, de vitamines ( A, D, E et K ) et de micro-\u00e9l\u00e9ments. De plus elle contient naturellement des phytost\u00e9roles.<\/p>\n","protected":false},"excerpt":{"rendered":"<p><em><strong>Les produits:<\/strong><\/em><br \/>\n. Fabrication artisanal !<br \/>\n. Nature &amp; Progr\u00e8s et sant\u00e9<br \/>\n. 100% d\u2019ingr\u00e9dients naturel<br \/>\n. Sans colorant, conservateur<\/p>\n<p>Notre compl\u00e9ment alimentaire Huile de p\u00e9pins de courge est indiqu\u00e9 pour le fonctionnement normal de la prostate.<br \/>\nLes bienfaits de l\u2019huile de p\u00e9pins de courge pour la sant\u00e9<br \/>\n\u2013 Sant\u00e9 mentale.<br \/>\n\u2013 Cheveux et peau.<br \/>\n\u2013 Sant\u00e9 cardiaque.<br \/>\n\u2013 Sant\u00e9 de la prostate.<br \/>\n\u2013 Sant\u00e9 urinaire.<br \/>\n\u2013 M\u00e9nopause.<br \/>\nOn dit que l\u2019huile de p\u00e9pins de courge aide \u00e0 promouvoir la sant\u00e9 urinaire et la sant\u00e9 cardiaque. Elle regorge de vitamines et d\u2019agents anti-inflammatoires, ainsi que d\u2019acide linol\u00e9ique et ol\u00e9ique.<\/p>\n","protected":false},"featured_media":3804,"comment_status":"open","ping_status":"closed","template":"","meta":[],"product_brand":[],"product_cat":[85,123],"product_tag":[],"class_list":{"0":"post-3749","1":"product","2":"type-product","3":"status-publish","4":"has-post-thumbnail","6":"product_cat-cosmetiques","7":"product_cat-huiles-cosmetiques","9":"first","10":"instock","11":"shipping-taxable","12":"purchasable","13":"product-type-simple"},"_links":{"self":[{"href":"https:\/\/bilive.ma\/index.php\/wp-json\/wp\/v2\/product\/3749","targetHints":{"allow":["GET"]}}],"collection":[{"href":"https:\/\/bilive.ma\/index.php\/wp-json\/wp\/v2\/product"}],"about":[{"href":"https:\/\/bilive.ma\/index.php\/wp-json\/wp\/v2\/types\/product"}],"replies":[{"embeddable":true,"href":"https:\/\/bilive.ma\/index.php\/wp-json\/wp\/v2\/comments?post=3749"}],"version-history":[{"count":2,"href":"https:\/\/bilive.ma\/index.php\/wp-json\/wp\/v2\/product\/3749\/revisions"}],"predecessor-version":[{"id":5004,"href":"https:\/\/bilive.ma\/index.php\/wp-json\/wp\/v2\/product\/3749\/revisions\/5004"}],"wp:featuredmedia":[{"embeddable":true,"href":"https:\/\/bilive.ma\/index.php\/wp-json\/wp\/v2\/media\/3804"}],"wp:attachment":[{"href":"https:\/\/bilive.ma\/index.php\/wp-json\/wp\/v2\/media?parent=3749"}],"wp:term":[{"taxonomy":"product_brand","embeddable":true,"href":"https:\/\/bilive.ma\/index.php\/wp-json\/wp\/v2\/product_brand?post=3749"},{"taxonomy":"product_cat","embeddable":true,"href":"https:\/\/bilive.ma\/index.php\/wp-json\/wp\/v2\/product_cat?post=3749"},{"taxonomy":"product_tag","embeddable":true,"href":"https:\/\/bilive.ma\/index.php\/wp-json\/wp\/v2\/product_tag?post=3749"}],"curies":[{"name":"wp","href":"https:\/\/api.w.org\/{rel}","templated":true}]}}