{"id":3750,"date":"2025-11-14T11:15:02","date_gmt":"2025-11-14T10:15:02","guid":{"rendered":"https:\/\/bilive.ma\/?post_type=product&#038;p=3750"},"modified":"2026-02-10T11:59:02","modified_gmt":"2026-02-10T10:59:02","slug":"huile-alimentaire-lin","status":"publish","type":"product","link":"https:\/\/bilive.ma\/index.php\/product\/huile-alimentaire-lin\/","title":{"rendered":"Huile Alimentaire Lin"},"content":{"rendered":"<p style=\"text-align: justify;\"><em><strong>Les produits:<\/strong><\/em><br \/>\n. Fabrication artisanal !<br \/>\n. Nature &amp; Progr\u00e8s et sant\u00e9<br \/>\n. 100% d\u2019ingr\u00e9dients naturel<br \/>\n. Sans colorant, conservateur<\/p>\n<p style=\"text-align: justify;\">L\u2019huile de lin est un produit alimentaire qui pr\u00e9sente de nombreux avantages pour la sant\u00e9, fournissant au corps des acides gras om\u00e9ga-3, contribuant \u00e0 r\u00e9duire la croissance des cellules canc\u00e9reuses, \u00e0 favoriser la sant\u00e9 cardiaque et \u00e0 r\u00e9duire la croissance des cellules canc\u00e9reuses. Ils sont riches en fibres et en prot\u00e9ines et fournissent une gamme de min\u00e9raux et de nutriments. L\u2019huile de lin prot\u00e8ge contre la polyarthrite rhumato\u00efde, l\u2019asthme, la maladie de Crohn, l\u2019ecz\u00e9ma et le psoriasis. Renforce et am\u00e9liore le syst\u00e8me immunitaire et am\u00e9liore la vue.<\/p>\n","protected":false},"excerpt":{"rendered":"<p style=\"text-align: justify;\">L\u2019huile de Lin alimentaire pure, flacon en verre de couleur fonc\u00e9e pour le prot\u00e9ger du soleil, Il est produit par pression \u00e0 froid, filtrage sans l\u2019utilisation de solvants, d\u2019additifs ou d\u2019autres agents synth\u00e9tiques, et n\u2019est pas hydrog\u00e9n\u00e9.<\/p>\n","protected":false},"featured_media":3806,"comment_status":"open","ping_status":"closed","template":"","meta":[],"product_brand":[],"product_cat":[85,123],"product_tag":[],"class_list":{"0":"post-3750","1":"product","2":"type-product","3":"status-publish","4":"has-post-thumbnail","6":"product_cat-cosmetiques","7":"product_cat-huiles-cosmetiques","9":"first","10":"instock","11":"shipping-taxable","12":"purchasable","13":"product-type-simple"},"_links":{"self":[{"href":"https:\/\/bilive.ma\/index.php\/wp-json\/wp\/v2\/product\/3750","targetHints":{"allow":["GET"]}}],"collection":[{"href":"https:\/\/bilive.ma\/index.php\/wp-json\/wp\/v2\/product"}],"about":[{"href":"https:\/\/bilive.ma\/index.php\/wp-json\/wp\/v2\/types\/product"}],"replies":[{"embeddable":true,"href":"https:\/\/bilive.ma\/index.php\/wp-json\/wp\/v2\/comments?post=3750"}],"version-history":[{"count":1,"href":"https:\/\/bilive.ma\/index.php\/wp-json\/wp\/v2\/product\/3750\/revisions"}],"predecessor-version":[{"id":3807,"href":"https:\/\/bilive.ma\/index.php\/wp-json\/wp\/v2\/product\/3750\/revisions\/3807"}],"wp:featuredmedia":[{"embeddable":true,"href":"https:\/\/bilive.ma\/index.php\/wp-json\/wp\/v2\/media\/3806"}],"wp:attachment":[{"href":"https:\/\/bilive.ma\/index.php\/wp-json\/wp\/v2\/media?parent=3750"}],"wp:term":[{"taxonomy":"product_brand","embeddable":true,"href":"https:\/\/bilive.ma\/index.php\/wp-json\/wp\/v2\/product_brand?post=3750"},{"taxonomy":"product_cat","embeddable":true,"href":"https:\/\/bilive.ma\/index.php\/wp-json\/wp\/v2\/product_cat?post=3750"},{"taxonomy":"product_tag","embeddable":true,"href":"https:\/\/bilive.ma\/index.php\/wp-json\/wp\/v2\/product_tag?post=3750"}],"curies":[{"name":"wp","href":"https:\/\/api.w.org\/{rel}","templated":true}]}}