{"id":3751,"date":"2025-11-14T11:15:02","date_gmt":"2025-11-14T10:15:02","guid":{"rendered":"https:\/\/bilive.ma\/?post_type=product&#038;p=3751"},"modified":"2026-02-10T11:58:54","modified_gmt":"2026-02-10T10:58:54","slug":"huile-alimentaire-nigelle","status":"publish","type":"product","link":"https:\/\/bilive.ma\/index.php\/product\/huile-alimentaire-nigelle\/","title":{"rendered":"Huile Alimentaire Nigelle"},"content":{"rendered":"<p>Les produits:<br \/>\n. Fabrication artisanal !<br \/>\n. Nature &amp; Progr\u00e8s et sant\u00e9<br \/>\n. 100% d\u2019ingr\u00e9dients naturel<br \/>\n. Sans colorant, conservateur<\/p>\n<p>L\u2019huile de nigelle noir c\u2019est un excellent compl\u00e9ment alimentaire, offre de nombreuses propri\u00e9t\u00e9s m\u00e9dicinales gr\u00e2ce \u00e0 ses propri\u00e9t\u00e9s d\u00e9di\u00e9 \u00e0 l\u2019\u00e9quilibre interne.<br \/>\n<strong>Nombreuses propri\u00e9t\u00e9s curatives :<\/strong>\u00a0digestive, diur\u00e9tique, stimulante, antioxydante, galactog\u00e8ne (elle active la s\u00e9cr\u00e9tion de lait chez les femmes qui allaitent), analg\u00e9sique et antiallergique.<br \/>\nStimule le syst\u00e8me immunitaire, fait baisser le mauvais cholest\u00e9rol .<br \/>\nUne consommation r\u00e9guli\u00e8re de nigelle noir peut r\u00e9duire le taux de sucre dans le sang et la r\u00e9sistance \u00e0 l\u2019insuline, ce qui en fait un rem\u00e8de efficace pour \u00e9viter les diab\u00e8tes de type 2.<br \/>\n<strong>ses Propri\u00e9t\u00e9s m\u00e9dicinales:<\/strong>\u00a0Antibact\u00e9rien , Analg\u00e9siques,Anti-inflammatoires,Anti-douleurs,Anti-oxydantes,Anti-spasmodiques,Anti-virales.<\/p>\n","protected":false},"excerpt":{"rendered":"<p>L\u2019huile de nigelle alimentaire pure, flacon en verre de couleur fonc\u00e9e pour le prot\u00e9ger du soleil, Il est produit par pression \u00e0 froid, filtrage sans l\u2019utilisation de solvants, d\u2019additifs ou d\u2019autres agents synth\u00e9tiques, et n\u2019est pas hydrog\u00e9n\u00e9.<\/p>\n","protected":false},"featured_media":3808,"comment_status":"open","ping_status":"closed","template":"","meta":[],"product_brand":[],"product_cat":[85,123],"product_tag":[],"class_list":{"0":"post-3751","1":"product","2":"type-product","3":"status-publish","4":"has-post-thumbnail","6":"product_cat-cosmetiques","7":"product_cat-huiles-cosmetiques","9":"first","10":"instock","11":"shipping-taxable","12":"purchasable","13":"product-type-simple"},"_links":{"self":[{"href":"https:\/\/bilive.ma\/index.php\/wp-json\/wp\/v2\/product\/3751","targetHints":{"allow":["GET"]}}],"collection":[{"href":"https:\/\/bilive.ma\/index.php\/wp-json\/wp\/v2\/product"}],"about":[{"href":"https:\/\/bilive.ma\/index.php\/wp-json\/wp\/v2\/types\/product"}],"replies":[{"embeddable":true,"href":"https:\/\/bilive.ma\/index.php\/wp-json\/wp\/v2\/comments?post=3751"}],"version-history":[{"count":1,"href":"https:\/\/bilive.ma\/index.php\/wp-json\/wp\/v2\/product\/3751\/revisions"}],"predecessor-version":[{"id":3809,"href":"https:\/\/bilive.ma\/index.php\/wp-json\/wp\/v2\/product\/3751\/revisions\/3809"}],"wp:featuredmedia":[{"embeddable":true,"href":"https:\/\/bilive.ma\/index.php\/wp-json\/wp\/v2\/media\/3808"}],"wp:attachment":[{"href":"https:\/\/bilive.ma\/index.php\/wp-json\/wp\/v2\/media?parent=3751"}],"wp:term":[{"taxonomy":"product_brand","embeddable":true,"href":"https:\/\/bilive.ma\/index.php\/wp-json\/wp\/v2\/product_brand?post=3751"},{"taxonomy":"product_cat","embeddable":true,"href":"https:\/\/bilive.ma\/index.php\/wp-json\/wp\/v2\/product_cat?post=3751"},{"taxonomy":"product_tag","embeddable":true,"href":"https:\/\/bilive.ma\/index.php\/wp-json\/wp\/v2\/product_tag?post=3751"}],"curies":[{"name":"wp","href":"https:\/\/api.w.org\/{rel}","templated":true}]}}