{"id":3753,"date":"2025-11-14T11:15:02","date_gmt":"2025-11-14T10:15:02","guid":{"rendered":"https:\/\/bilive.ma\/?post_type=product&#038;p=3753"},"modified":"2026-02-10T11:57:47","modified_gmt":"2026-02-10T10:57:47","slug":"huile-de-vitamine-e","status":"publish","type":"product","link":"https:\/\/bilive.ma\/index.php\/product\/huile-de-vitamine-e\/","title":{"rendered":"Huile de Vitamine E"},"content":{"rendered":"<p style=\"text-align: justify;\">Les produits:<br \/>\nFABRICATION ARTISANAL!<br \/>\n100% D\u2019INGR\u00c9DIENTS D\u2019ORIGINE NATURELLE<br \/>\nSANS PARABEN<br \/>\nSANS SILICONE<br \/>\n\u2013 R\u00e9veillez-vous avec une belle peau avec notre nouveau s\u00e9rum \u00e0 la vitamine E, r\u00e9g\u00e9n\u00e9rez et suralimentez votre teint avec une hydratation nocturne.<br \/>\n\u2013 Anti-rides, illumine, hydrate et blanchit la peau.<br \/>\nLa vitamine E est l\u2019ingr\u00e9dient de soin ultime dont les r\u00eaves sont faits : elle est hydratante et regorge d\u2019avantages anti-\u00e2ge.<br \/>\n\u2013 Vitamine E : \u2013 Anti-oxydante \u2013 Anti-\u00e2ge : Pr\u00e9vient l\u2019effet des radicaux libres sur la peau, et r\u00e9duit notamment les dommages cellulaires li\u00e9s \u00e0 l\u2019exposition aux rayons ultraviolets.<br \/>\n\u2013 Activit\u00e9 anti-inflammatoire sur la peau (utile en cas de coup de soleil\u2026).<br \/>\n\u2013 Aide \u00e0 maintenir l\u2019\u00e9lasticit\u00e9 et l\u2019hydratation de la peau.<\/p>\n","protected":false},"excerpt":{"rendered":"<p>S\u00e9rum vitamine E pure, capacit\u00e9 de 30 ml, flacon en verre avec pipette compte-gouttes, vierge 100 % naturelle. De haute qualit\u00e9.<br \/>\nVertus: D\u00e9barrassez-vous des rides, nourrissez et hydratez la peau et aidez \u00e0 nourrir le contour des yeux.<\/p>\n","protected":false},"featured_media":3812,"comment_status":"open","ping_status":"closed","template":"","meta":[],"product_brand":[],"product_cat":[85,122],"product_tag":[],"class_list":{"0":"post-3753","1":"product","2":"type-product","3":"status-publish","4":"has-post-thumbnail","6":"product_cat-cosmetiques","7":"product_cat-peau-cosmetiques","9":"first","10":"instock","11":"shipping-taxable","12":"purchasable","13":"product-type-simple"},"_links":{"self":[{"href":"https:\/\/bilive.ma\/index.php\/wp-json\/wp\/v2\/product\/3753","targetHints":{"allow":["GET"]}}],"collection":[{"href":"https:\/\/bilive.ma\/index.php\/wp-json\/wp\/v2\/product"}],"about":[{"href":"https:\/\/bilive.ma\/index.php\/wp-json\/wp\/v2\/types\/product"}],"replies":[{"embeddable":true,"href":"https:\/\/bilive.ma\/index.php\/wp-json\/wp\/v2\/comments?post=3753"}],"version-history":[{"count":1,"href":"https:\/\/bilive.ma\/index.php\/wp-json\/wp\/v2\/product\/3753\/revisions"}],"predecessor-version":[{"id":3813,"href":"https:\/\/bilive.ma\/index.php\/wp-json\/wp\/v2\/product\/3753\/revisions\/3813"}],"wp:featuredmedia":[{"embeddable":true,"href":"https:\/\/bilive.ma\/index.php\/wp-json\/wp\/v2\/media\/3812"}],"wp:attachment":[{"href":"https:\/\/bilive.ma\/index.php\/wp-json\/wp\/v2\/media?parent=3753"}],"wp:term":[{"taxonomy":"product_brand","embeddable":true,"href":"https:\/\/bilive.ma\/index.php\/wp-json\/wp\/v2\/product_brand?post=3753"},{"taxonomy":"product_cat","embeddable":true,"href":"https:\/\/bilive.ma\/index.php\/wp-json\/wp\/v2\/product_cat?post=3753"},{"taxonomy":"product_tag","embeddable":true,"href":"https:\/\/bilive.ma\/index.php\/wp-json\/wp\/v2\/product_tag?post=3753"}],"curies":[{"name":"wp","href":"https:\/\/api.w.org\/{rel}","templated":true}]}}