{"id":3754,"date":"2025-11-14T11:15:02","date_gmt":"2025-11-14T10:15:02","guid":{"rendered":"https:\/\/bilive.ma\/?post_type=product&#038;p=3754"},"modified":"2026-02-14T11:49:13","modified_gmt":"2026-02-14T10:49:13","slug":"huile-figue-de-barbarie","status":"publish","type":"product","link":"https:\/\/bilive.ma\/index.php\/product\/huile-figue-de-barbarie\/","title":{"rendered":"Huile Figue de Barbarie"},"content":{"rendered":"<p style=\"text-align: justify;\">Les produits:<br \/>\nFABRICATION ARTISANAL!<br \/>\n100% D\u2019INGR\u00c9DIENTS D\u2019ORIGINE NATURELLE<br \/>\nSANS PARABEN<br \/>\nSANS SILICONE<\/p>\n<p style=\"text-align: justify;\">FABRICATION ARTISANAL!<br \/>\n100% D\u2019INGR\u00c9DIENTS D\u2019ORIGINE NATURELLE<br \/>\nSANS PARABEN<br \/>\nSANS SILICONE<\/p>\n<p style=\"text-align: justify;\">La plupart des femmes souffrent souvent avec l\u2019\u00e2ge des rides et de l\u2019affaissement du visage. J\u2019ai une solution \u00e0 ces probl\u00e8mes. La magie de la nature de\u00a0<strong>Belar\u00f4me<\/strong>, l\u2019huile de figue de barbarie, qui est l\u2019une des huiles les plus puissantes contre les rides et le vieillissement, nourrit et hydrate la peau de ses profondeurs.<\/p>\n<p style=\"text-align: justify;\">Vivez une exp\u00e9rience in\u00e9dite avec la pr\u00e9cieuse huile de Graines de Figue de Barbarie naturel de\u00a0<strong>Belar\u00f4me\u00a0<\/strong>aux principes actifs naturels exceptionnels pour vos soins cibl\u00e9s : soins du visage, contour des yeux, soin du cou et d\u00e9collet\u00e9.<\/p>\n","protected":false},"excerpt":{"rendered":"<p style=\"text-align: justify;\">Huile de p\u00e9pins de figue de barbarie pure, capacit\u00e9 de 30 ml, flacon en verre avec pipette compte-gouttes, huile v\u00e9g\u00e9tale vierge 100 % naturelle. La meilleure huile anti-\u00e2ge et anti-rides. De haute qualit\u00e9, pure et vierge, premi\u00e8re pression \u00e0 froid pour pr\u00e9server ses meilleures qualit\u00e9s.<br \/>\nVertus : Anti-rides et tenseur naturel, Pr\u00e9ventif, R\u00e9parateur \u00c9paissit la peau autour des yeux et lisse les rides et ridules<\/p>\n","protected":false},"featured_media":3814,"comment_status":"open","ping_status":"closed","template":"","meta":[],"product_brand":[],"product_cat":[85,122],"product_tag":[],"class_list":{"0":"post-3754","1":"product","2":"type-product","3":"status-publish","4":"has-post-thumbnail","6":"product_cat-cosmetiques","7":"product_cat-peau-cosmetiques","9":"first","10":"instock","11":"shipping-taxable","12":"purchasable","13":"product-type-simple"},"_links":{"self":[{"href":"https:\/\/bilive.ma\/index.php\/wp-json\/wp\/v2\/product\/3754","targetHints":{"allow":["GET"]}}],"collection":[{"href":"https:\/\/bilive.ma\/index.php\/wp-json\/wp\/v2\/product"}],"about":[{"href":"https:\/\/bilive.ma\/index.php\/wp-json\/wp\/v2\/types\/product"}],"replies":[{"embeddable":true,"href":"https:\/\/bilive.ma\/index.php\/wp-json\/wp\/v2\/comments?post=3754"}],"version-history":[{"count":1,"href":"https:\/\/bilive.ma\/index.php\/wp-json\/wp\/v2\/product\/3754\/revisions"}],"predecessor-version":[{"id":3815,"href":"https:\/\/bilive.ma\/index.php\/wp-json\/wp\/v2\/product\/3754\/revisions\/3815"}],"wp:featuredmedia":[{"embeddable":true,"href":"https:\/\/bilive.ma\/index.php\/wp-json\/wp\/v2\/media\/3814"}],"wp:attachment":[{"href":"https:\/\/bilive.ma\/index.php\/wp-json\/wp\/v2\/media?parent=3754"}],"wp:term":[{"taxonomy":"product_brand","embeddable":true,"href":"https:\/\/bilive.ma\/index.php\/wp-json\/wp\/v2\/product_brand?post=3754"},{"taxonomy":"product_cat","embeddable":true,"href":"https:\/\/bilive.ma\/index.php\/wp-json\/wp\/v2\/product_cat?post=3754"},{"taxonomy":"product_tag","embeddable":true,"href":"https:\/\/bilive.ma\/index.php\/wp-json\/wp\/v2\/product_tag?post=3754"}],"curies":[{"name":"wp","href":"https:\/\/api.w.org\/{rel}","templated":true}]}}