{"id":3755,"date":"2025-11-14T11:15:03","date_gmt":"2025-11-14T10:15:03","guid":{"rendered":"https:\/\/bilive.ma\/?post_type=product&#038;p=3755"},"modified":"2026-02-10T11:56:14","modified_gmt":"2026-02-10T10:56:14","slug":"hydraulat-composee-appetissant","status":"publish","type":"product","link":"https:\/\/bilive.ma\/index.php\/product\/hydraulat-composee-appetissant\/","title":{"rendered":"Hydraulat Compos\u00e9e App\u00e9tissant"},"content":{"rendered":"<p>Les produits:<br \/>\n. Fabrication artisanal !<br \/>\n. Nature &amp; Progr\u00e8s et sant\u00e9<br \/>\n. 100% d\u2019ingr\u00e9dients naturel<br \/>\n. Sans colorant, conservateur<\/p>\n<p><strong><em>Conseils d\u2019utilisation:<\/em><\/strong><br \/>\nPour les adultes : deux cuill\u00e8res \u00e0 soupe dans un verre d\u2019eau ti\u00e8de apr\u00e8s les repas, trois fois par jour<br \/>\nPour les enfants : deux cuill\u00e8res \u00e0 caf\u00e9 dans un verre d\u2019eau ti\u00e8de apr\u00e8s les repas, trois fois par jour<\/p>\n<p><em><strong>Caract\u00e9ristiques:<\/strong><\/em><br \/>\n<strong>Ingr\u00e9dients:<\/strong>\u00a0Origanum Majorana-Ocimum basilicum, Foeniculum Vulgare-Carum, carvi illicium, Verum-Cuminum, Cyminum<br \/>\n<strong>Fabrication :<\/strong>\u00a0Maroc<\/p>\n","protected":false},"excerpt":{"rendered":"<p>Hydrolat Compos\u00e9e App\u00e9tissant, Flacon Plastique, Volume 50CC, Processus de distillation, Il contient des ingr\u00e9dients naturelle, Seulement de Belar\u00f4me.<\/p>\n","protected":false},"featured_media":3816,"comment_status":"open","ping_status":"closed","template":"","meta":[],"product_brand":[],"product_cat":[85,121],"product_tag":[],"class_list":{"0":"post-3755","1":"product","2":"type-product","3":"status-publish","4":"has-post-thumbnail","6":"product_cat-cosmetiques","7":"product_cat-sante-cosmetiques","9":"first","10":"instock","11":"shipping-taxable","12":"purchasable","13":"product-type-simple"},"_links":{"self":[{"href":"https:\/\/bilive.ma\/index.php\/wp-json\/wp\/v2\/product\/3755","targetHints":{"allow":["GET"]}}],"collection":[{"href":"https:\/\/bilive.ma\/index.php\/wp-json\/wp\/v2\/product"}],"about":[{"href":"https:\/\/bilive.ma\/index.php\/wp-json\/wp\/v2\/types\/product"}],"replies":[{"embeddable":true,"href":"https:\/\/bilive.ma\/index.php\/wp-json\/wp\/v2\/comments?post=3755"}],"version-history":[{"count":1,"href":"https:\/\/bilive.ma\/index.php\/wp-json\/wp\/v2\/product\/3755\/revisions"}],"predecessor-version":[{"id":3817,"href":"https:\/\/bilive.ma\/index.php\/wp-json\/wp\/v2\/product\/3755\/revisions\/3817"}],"wp:featuredmedia":[{"embeddable":true,"href":"https:\/\/bilive.ma\/index.php\/wp-json\/wp\/v2\/media\/3816"}],"wp:attachment":[{"href":"https:\/\/bilive.ma\/index.php\/wp-json\/wp\/v2\/media?parent=3755"}],"wp:term":[{"taxonomy":"product_brand","embeddable":true,"href":"https:\/\/bilive.ma\/index.php\/wp-json\/wp\/v2\/product_brand?post=3755"},{"taxonomy":"product_cat","embeddable":true,"href":"https:\/\/bilive.ma\/index.php\/wp-json\/wp\/v2\/product_cat?post=3755"},{"taxonomy":"product_tag","embeddable":true,"href":"https:\/\/bilive.ma\/index.php\/wp-json\/wp\/v2\/product_tag?post=3755"}],"curies":[{"name":"wp","href":"https:\/\/api.w.org\/{rel}","templated":true}]}}