{"id":3756,"date":"2025-11-14T11:15:03","date_gmt":"2025-11-14T10:15:03","guid":{"rendered":"https:\/\/bilive.ma\/?post_type=product&#038;p=3756"},"modified":"2026-02-10T11:56:20","modified_gmt":"2026-02-10T10:56:20","slug":"hydraulat-composee-belaspasm","status":"publish","type":"product","link":"https:\/\/bilive.ma\/index.php\/product\/hydraulat-composee-belaspasm\/","title":{"rendered":"Hydraulat Compos\u00e9e Belaspasm"},"content":{"rendered":"<p>Les produits:<br \/>\n. Fabrication artisanal !<br \/>\n. Nature &amp; Progr\u00e8s et sant\u00e9<br \/>\n. 100% d\u2019ingr\u00e9dients naturel<br \/>\n. Sans colorant, conservateur<\/p>\n<p><em><strong>Les produits:<\/strong><\/em><br \/>\n. Fabrication artisanal !<br \/>\n. Nature &amp; Progr\u00e8s et sant\u00e9<br \/>\n. 100% d\u2019ingr\u00e9dients naturel<br \/>\n. Sans colorant, conservateur<\/p>\n<p>Voici un produit de belarome hydrolat compos\u00e9e pour le syst\u00e8me digestif \u00e9labor\u00e9 \u00e0 partir d\u2019ingr\u00e9dients naturels, active l\u2019estomac et les intestins, l\u2019indigestion, \u00e9limine les gaz dans l\u2019estomac et les intestins et les coliques intestinales.<\/p>\n","protected":false},"excerpt":{"rendered":"<p style=\"text-align: justify;\">Hydrolat Compos\u00e9e Belaspasm, Flacon Plastique, Volume 50CC , Processus de distillation, Il contient des ingr\u00e9dients naturelle, Seulement de Belar\u00f4me.<\/p>\n","protected":false},"featured_media":3818,"comment_status":"open","ping_status":"closed","template":"","meta":[],"product_brand":[],"product_cat":[85,121],"product_tag":[],"class_list":{"0":"post-3756","1":"product","2":"type-product","3":"status-publish","4":"has-post-thumbnail","6":"product_cat-cosmetiques","7":"product_cat-sante-cosmetiques","9":"first","10":"instock","11":"shipping-taxable","12":"purchasable","13":"product-type-simple"},"_links":{"self":[{"href":"https:\/\/bilive.ma\/index.php\/wp-json\/wp\/v2\/product\/3756","targetHints":{"allow":["GET"]}}],"collection":[{"href":"https:\/\/bilive.ma\/index.php\/wp-json\/wp\/v2\/product"}],"about":[{"href":"https:\/\/bilive.ma\/index.php\/wp-json\/wp\/v2\/types\/product"}],"replies":[{"embeddable":true,"href":"https:\/\/bilive.ma\/index.php\/wp-json\/wp\/v2\/comments?post=3756"}],"version-history":[{"count":1,"href":"https:\/\/bilive.ma\/index.php\/wp-json\/wp\/v2\/product\/3756\/revisions"}],"predecessor-version":[{"id":3819,"href":"https:\/\/bilive.ma\/index.php\/wp-json\/wp\/v2\/product\/3756\/revisions\/3819"}],"wp:featuredmedia":[{"embeddable":true,"href":"https:\/\/bilive.ma\/index.php\/wp-json\/wp\/v2\/media\/3818"}],"wp:attachment":[{"href":"https:\/\/bilive.ma\/index.php\/wp-json\/wp\/v2\/media?parent=3756"}],"wp:term":[{"taxonomy":"product_brand","embeddable":true,"href":"https:\/\/bilive.ma\/index.php\/wp-json\/wp\/v2\/product_brand?post=3756"},{"taxonomy":"product_cat","embeddable":true,"href":"https:\/\/bilive.ma\/index.php\/wp-json\/wp\/v2\/product_cat?post=3756"},{"taxonomy":"product_tag","embeddable":true,"href":"https:\/\/bilive.ma\/index.php\/wp-json\/wp\/v2\/product_tag?post=3756"}],"curies":[{"name":"wp","href":"https:\/\/api.w.org\/{rel}","templated":true}]}}