{"id":3827,"date":"2025-11-14T11:15:16","date_gmt":"2025-11-14T10:15:16","guid":{"rendered":"https:\/\/bilive.ma\/?post_type=product&#038;p=3827"},"modified":"2026-02-10T11:53:50","modified_gmt":"2026-02-10T10:53:50","slug":"hydraulat-composee-urinaire","status":"publish","type":"product","link":"https:\/\/bilive.ma\/index.php\/product\/hydraulat-composee-urinaire\/","title":{"rendered":"Hydraulat Compos\u00e9e Urinaire"},"content":{"rendered":"<p style=\"text-align: justify;\">Les produits:<br \/>\n. Fabrication artisanal !<br \/>\n. Nature &amp; Progr\u00e8s et sant\u00e9<br \/>\n. 100% d\u2019ingr\u00e9dients naturel<br \/>\n. Sans colorant, conservateur<\/p>\n<p style=\"text-align: justify;\"><strong><em>Conseils d\u2019utilisation:<\/em><\/strong><br \/>\nPour les adultes : deux cuill\u00e8res \u00e0 soupe dans un verre d\u2019eau ti\u00e8de apr\u00e8s les repas, trois fois par jour<br \/>\nPour les enfants : deux cuill\u00e8res \u00e0 caf\u00e9 dans un verre d\u2019eau ti\u00e8de apr\u00e8s les repas, trois fois par jour<\/p>\n<p style=\"text-align: justify;\"><em><strong>Caract\u00e9ristiques:<\/strong><\/em><br \/>\n<strong>Ingr\u00e9dients:<\/strong>\u00a0Eucalyptus globulus, Myrtus, Communis Thymus, serpyllum, Juniperus<br \/>\n<strong>Volume:<\/strong>\u00a0500cc<br \/>\n<strong>Fabrication :<\/strong>\u00a0Maroc<\/p>\n","protected":false},"excerpt":{"rendered":"<p style=\"text-align: justify;\">Hydrolat compos\u00e9 Urinaire, flacon plastique, Volume 500CC, processus de distillation, Il contient des ingr\u00e9dients naturelle, Seulement de Belar\u00f4me.<\/p>\n","protected":false},"featured_media":3840,"comment_status":"open","ping_status":"closed","template":"","meta":[],"product_brand":[],"product_cat":[85,121],"product_tag":[],"class_list":{"0":"post-3827","1":"product","2":"type-product","3":"status-publish","4":"has-post-thumbnail","6":"product_cat-cosmetiques","7":"product_cat-sante-cosmetiques","9":"first","10":"instock","11":"shipping-taxable","12":"purchasable","13":"product-type-simple"},"_links":{"self":[{"href":"https:\/\/bilive.ma\/index.php\/wp-json\/wp\/v2\/product\/3827","targetHints":{"allow":["GET"]}}],"collection":[{"href":"https:\/\/bilive.ma\/index.php\/wp-json\/wp\/v2\/product"}],"about":[{"href":"https:\/\/bilive.ma\/index.php\/wp-json\/wp\/v2\/types\/product"}],"replies":[{"embeddable":true,"href":"https:\/\/bilive.ma\/index.php\/wp-json\/wp\/v2\/comments?post=3827"}],"version-history":[{"count":1,"href":"https:\/\/bilive.ma\/index.php\/wp-json\/wp\/v2\/product\/3827\/revisions"}],"predecessor-version":[{"id":3841,"href":"https:\/\/bilive.ma\/index.php\/wp-json\/wp\/v2\/product\/3827\/revisions\/3841"}],"wp:featuredmedia":[{"embeddable":true,"href":"https:\/\/bilive.ma\/index.php\/wp-json\/wp\/v2\/media\/3840"}],"wp:attachment":[{"href":"https:\/\/bilive.ma\/index.php\/wp-json\/wp\/v2\/media?parent=3827"}],"wp:term":[{"taxonomy":"product_brand","embeddable":true,"href":"https:\/\/bilive.ma\/index.php\/wp-json\/wp\/v2\/product_brand?post=3827"},{"taxonomy":"product_cat","embeddable":true,"href":"https:\/\/bilive.ma\/index.php\/wp-json\/wp\/v2\/product_cat?post=3827"},{"taxonomy":"product_tag","embeddable":true,"href":"https:\/\/bilive.ma\/index.php\/wp-json\/wp\/v2\/product_tag?post=3827"}],"curies":[{"name":"wp","href":"https:\/\/api.w.org\/{rel}","templated":true}]}}