{"id":3828,"date":"2025-11-14T11:15:16","date_gmt":"2025-11-14T10:15:16","guid":{"rendered":"https:\/\/bilive.ma\/?post_type=product&#038;p=3828"},"modified":"2026-02-14T11:37:31","modified_gmt":"2026-02-14T10:37:31","slug":"masque-cheveux-nourrissant-argan","status":"publish","type":"product","link":"https:\/\/bilive.ma\/index.php\/product\/masque-cheveux-nourrissant-argan\/","title":{"rendered":"Masque cheveux nourrissant argan"},"content":{"rendered":"<p>Le masque capillaire <em>Belarome Nourrissant \u00e0 l&#8217;Argan<\/em> (150g) est un soin profond con\u00e7u pour nourrir et revitaliser les cheveux secs et ab\u00eem\u00e9s. Gr\u00e2ce \u00e0 l&#8217;huile d&#8217;argan, riche en antioxydants, acides gras essentiels et vitamine E, ce masque hydrate intens\u00e9ment les fibres capillaires, r\u00e9parant les dommages et apportant douceur et brillance. Il aide \u00e0 renforcer les cheveux, \u00e0 pr\u00e9venir la casse et \u00e0 leur redonner vitalit\u00e9 et \u00e9clat. Facile \u00e0 appliquer, il p\u00e9n\u00e8tre rapidement et laisse une sensation de l\u00e9g\u00e8ret\u00e9 sans alourdir. Ce soin convient \u00e0 tous types de cheveux, en particulier les cheveux secs et fragilis\u00e9s.<\/p>\n","protected":false},"excerpt":{"rendered":"<p>Le masque capillaire <em>Belarome Nourrissant \u00e0 l&#8217;Argan<\/em> (150g) est un soin profond con\u00e7u pour nourrir et revitaliser les cheveux secs et ab\u00eem\u00e9s.<\/p>\n","protected":false},"featured_media":3842,"comment_status":"open","ping_status":"closed","template":"","meta":[],"product_brand":[],"product_cat":[85,122,119],"product_tag":[],"class_list":{"0":"post-3828","1":"product","2":"type-product","3":"status-publish","4":"has-post-thumbnail","6":"product_cat-cosmetiques","7":"product_cat-peau-cosmetiques","8":"product_cat-soins-bain-et-corps-cosmetiques","10":"first","11":"instock","12":"shipping-taxable","13":"purchasable","14":"product-type-simple"},"_links":{"self":[{"href":"https:\/\/bilive.ma\/index.php\/wp-json\/wp\/v2\/product\/3828","targetHints":{"allow":["GET"]}}],"collection":[{"href":"https:\/\/bilive.ma\/index.php\/wp-json\/wp\/v2\/product"}],"about":[{"href":"https:\/\/bilive.ma\/index.php\/wp-json\/wp\/v2\/types\/product"}],"replies":[{"embeddable":true,"href":"https:\/\/bilive.ma\/index.php\/wp-json\/wp\/v2\/comments?post=3828"}],"version-history":[{"count":1,"href":"https:\/\/bilive.ma\/index.php\/wp-json\/wp\/v2\/product\/3828\/revisions"}],"predecessor-version":[{"id":3843,"href":"https:\/\/bilive.ma\/index.php\/wp-json\/wp\/v2\/product\/3828\/revisions\/3843"}],"wp:featuredmedia":[{"embeddable":true,"href":"https:\/\/bilive.ma\/index.php\/wp-json\/wp\/v2\/media\/3842"}],"wp:attachment":[{"href":"https:\/\/bilive.ma\/index.php\/wp-json\/wp\/v2\/media?parent=3828"}],"wp:term":[{"taxonomy":"product_brand","embeddable":true,"href":"https:\/\/bilive.ma\/index.php\/wp-json\/wp\/v2\/product_brand?post=3828"},{"taxonomy":"product_cat","embeddable":true,"href":"https:\/\/bilive.ma\/index.php\/wp-json\/wp\/v2\/product_cat?post=3828"},{"taxonomy":"product_tag","embeddable":true,"href":"https:\/\/bilive.ma\/index.php\/wp-json\/wp\/v2\/product_tag?post=3828"}],"curies":[{"name":"wp","href":"https:\/\/api.w.org\/{rel}","templated":true}]}}