{"id":3829,"date":"2025-11-14T11:15:16","date_gmt":"2025-11-14T10:15:16","guid":{"rendered":"https:\/\/bilive.ma\/?post_type=product&#038;p=3829"},"modified":"2026-02-10T11:53:59","modified_gmt":"2026-02-10T10:53:59","slug":"belarome-masque-huileux-anti-chute","status":"publish","type":"product","link":"https:\/\/bilive.ma\/index.php\/product\/belarome-masque-huileux-anti-chute\/","title":{"rendered":"Belarome masque huileux anti chute"},"content":{"rendered":"<p style=\"text-align: justify;\">Masque huileux Anti-chute cosm\u00e9tique naturel, c\u2019est un huile m\u00e9lange, \u00e0 bas de lavande, flacon plastique avec pompe, Contenance 60ml.<br \/>\nL\u2019huile capillaire rafra\u00eechissante et hydratante en profondeur aide \u00e0 adoucir vos m\u00e8ches de cheveux et \u00e0 arr\u00eater leur chute gr\u00e2ce \u00e0 l\u2019extrait de lavande.<\/p>\n<p style=\"text-align: justify;\"><em><strong>Les produits:<\/strong><\/em><br \/>\nFABRICATION ARTISANAL!<br \/>\n100% D\u2019INGR\u00c9DIENTS D\u2019ORIGINE NATURELLE<br \/>\nSANS PARABEN<br \/>\nSANS SILICONE<br \/>\nSANS HUILE MINARALE<\/p>\n<p style=\"text-align: justify;\">Action masque huileux anti-chutes et acc\u00e9l\u00e8re la repousse l\u2019extrait de lavande , ces masque huileux sont des soins tr\u00e8s efficaces pour r\u00e9guler la production de s\u00e9bum, purifier et assainir le cuir chevelu. Parfaitement r\u00e9\u00e9quilibr\u00e9s et hydrat\u00e9s, vos racines ne graissent plus, vos pointes ne fourchent pas. Cette huile p\u00e9n\u00e8tre lentement permettant ainsi un effet de longue dur\u00e9e sur la fibre capillaire.<br \/>\nEffet fraicheur et l\u00e9g\u00e8ret\u00e9. Adapt\u00e9 aux cheveux gras.<\/p>\n","protected":false},"excerpt":{"rendered":"<p style=\"text-align: justify;\">Masque huileux Anti-chute cosm\u00e9tique naturel, c\u2019est un huile m\u00e9lange, \u00e0 bas de lavande, flacon plastique avec pompe, Contenance 60ml.<\/p>\n","protected":false},"featured_media":3844,"comment_status":"open","ping_status":"closed","template":"","meta":[],"product_brand":[],"product_cat":[85,99],"product_tag":[],"class_list":{"0":"post-3829","1":"product","2":"type-product","3":"status-publish","4":"has-post-thumbnail","6":"product_cat-cosmetiques","7":"product_cat-soins-cheveux","9":"first","10":"instock","11":"shipping-taxable","12":"purchasable","13":"product-type-simple"},"_links":{"self":[{"href":"https:\/\/bilive.ma\/index.php\/wp-json\/wp\/v2\/product\/3829","targetHints":{"allow":["GET"]}}],"collection":[{"href":"https:\/\/bilive.ma\/index.php\/wp-json\/wp\/v2\/product"}],"about":[{"href":"https:\/\/bilive.ma\/index.php\/wp-json\/wp\/v2\/types\/product"}],"replies":[{"embeddable":true,"href":"https:\/\/bilive.ma\/index.php\/wp-json\/wp\/v2\/comments?post=3829"}],"version-history":[{"count":2,"href":"https:\/\/bilive.ma\/index.php\/wp-json\/wp\/v2\/product\/3829\/revisions"}],"predecessor-version":[{"id":5003,"href":"https:\/\/bilive.ma\/index.php\/wp-json\/wp\/v2\/product\/3829\/revisions\/5003"}],"wp:featuredmedia":[{"embeddable":true,"href":"https:\/\/bilive.ma\/index.php\/wp-json\/wp\/v2\/media\/3844"}],"wp:attachment":[{"href":"https:\/\/bilive.ma\/index.php\/wp-json\/wp\/v2\/media?parent=3829"}],"wp:term":[{"taxonomy":"product_brand","embeddable":true,"href":"https:\/\/bilive.ma\/index.php\/wp-json\/wp\/v2\/product_brand?post=3829"},{"taxonomy":"product_cat","embeddable":true,"href":"https:\/\/bilive.ma\/index.php\/wp-json\/wp\/v2\/product_cat?post=3829"},{"taxonomy":"product_tag","embeddable":true,"href":"https:\/\/bilive.ma\/index.php\/wp-json\/wp\/v2\/product_tag?post=3829"}],"curies":[{"name":"wp","href":"https:\/\/api.w.org\/{rel}","templated":true}]}}