{"id":3830,"date":"2025-11-14T11:15:16","date_gmt":"2025-11-14T10:15:16","guid":{"rendered":"https:\/\/bilive.ma\/?post_type=product&#038;p=3830"},"modified":"2026-02-10T11:54:17","modified_gmt":"2026-02-10T10:54:17","slug":"masque-huileux-anti-pelliculair","status":"publish","type":"product","link":"https:\/\/bilive.ma\/index.php\/product\/masque-huileux-anti-pelliculair\/","title":{"rendered":"Masque Huileux Anti Pelliculair"},"content":{"rendered":"<p style=\"text-align: justify;\">Les produits:<br \/>\nFABRICATION ARTISANAL!<br \/>\n100% D\u2019INGR\u00c9DIENTS D\u2019ORIGINE NATURELLE<br \/>\nSANS PARABEN<br \/>\nSANS SILICONE<br \/>\nSANS HUILE MINARALE<\/p>\n<p style=\"text-align: justify;\"><em><strong>Conseils d\u2019utilisation :<\/strong><\/em><br \/>\nAppliquer avant le shampooing pour masser les cheveux et le cuir chevelu. Laissez-le pendant 2h, puis rincez-le. Utiliser 2 \u00e0 3 fois par semaine. pour un meilleur effet,<\/p>\n<p style=\"text-align: justify;\"><em><strong>Caract\u00e9ristiques:<\/strong><\/em><br \/>\n<strong>Ingr\u00e9dients:<\/strong>\u00a0Huile d\u2019ail, huile romarin, huile d\u2019algues, huile d\u2019amande douce, huiles essentielles, vitamine E<br \/>\n<strong>Volume:<\/strong>\u00a060ml<\/p>\n","protected":false},"excerpt":{"rendered":"<p style=\"text-align: justify;\">Masque huileux Anti-Pelliculair cosm\u00e9tique naturel, c\u2019est un huile m\u00e9lange, \u00e0 bas de romarin, flacon plastique avec pompe, Contenance 60ml,<br \/>\nL\u2019huile capillaire rafra\u00eechissante et revitalisante en profondeur aide \u00e0 lisser vos m\u00e8ches et \u00e0 \u00e9liminer les pellicules avec l\u2019extrait Romarin.<\/p>\n","protected":false},"featured_media":3846,"comment_status":"open","ping_status":"closed","template":"","meta":[],"product_brand":[],"product_cat":[85,99],"product_tag":[],"class_list":{"0":"post-3830","1":"product","2":"type-product","3":"status-publish","4":"has-post-thumbnail","6":"product_cat-cosmetiques","7":"product_cat-soins-cheveux","9":"first","10":"instock","11":"shipping-taxable","12":"purchasable","13":"product-type-simple"},"_links":{"self":[{"href":"https:\/\/bilive.ma\/index.php\/wp-json\/wp\/v2\/product\/3830","targetHints":{"allow":["GET"]}}],"collection":[{"href":"https:\/\/bilive.ma\/index.php\/wp-json\/wp\/v2\/product"}],"about":[{"href":"https:\/\/bilive.ma\/index.php\/wp-json\/wp\/v2\/types\/product"}],"replies":[{"embeddable":true,"href":"https:\/\/bilive.ma\/index.php\/wp-json\/wp\/v2\/comments?post=3830"}],"version-history":[{"count":1,"href":"https:\/\/bilive.ma\/index.php\/wp-json\/wp\/v2\/product\/3830\/revisions"}],"predecessor-version":[{"id":3847,"href":"https:\/\/bilive.ma\/index.php\/wp-json\/wp\/v2\/product\/3830\/revisions\/3847"}],"wp:featuredmedia":[{"embeddable":true,"href":"https:\/\/bilive.ma\/index.php\/wp-json\/wp\/v2\/media\/3846"}],"wp:attachment":[{"href":"https:\/\/bilive.ma\/index.php\/wp-json\/wp\/v2\/media?parent=3830"}],"wp:term":[{"taxonomy":"product_brand","embeddable":true,"href":"https:\/\/bilive.ma\/index.php\/wp-json\/wp\/v2\/product_brand?post=3830"},{"taxonomy":"product_cat","embeddable":true,"href":"https:\/\/bilive.ma\/index.php\/wp-json\/wp\/v2\/product_cat?post=3830"},{"taxonomy":"product_tag","embeddable":true,"href":"https:\/\/bilive.ma\/index.php\/wp-json\/wp\/v2\/product_tag?post=3830"}],"curies":[{"name":"wp","href":"https:\/\/api.w.org\/{rel}","templated":true}]}}