{"id":3831,"date":"2025-11-14T11:15:16","date_gmt":"2025-11-14T10:15:16","guid":{"rendered":"https:\/\/bilive.ma\/?post_type=product&#038;p=3831"},"modified":"2026-02-10T11:55:39","modified_gmt":"2026-02-10T10:55:39","slug":"masque-huileux-hydratant","status":"publish","type":"product","link":"https:\/\/bilive.ma\/index.php\/product\/masque-huileux-hydratant\/","title":{"rendered":"Masque Huileux Hydratant"},"content":{"rendered":"<p style=\"text-align: justify;\">FABRICATION ARTISANAL!<br \/>\n100% D\u2019INGR\u00c9DIENTS D\u2019ORIGINE NATURELLE<br \/>\nSANS PARABEN<br \/>\nSANS SILICONE<br \/>\nSANS HUILE MINARALE<\/p>\n<p style=\"text-align: justify;\">Masque HUILEUX DE L\u2019AVOCADO HYDRATANT ET NOURRISSANT restaure et ravive vos cheveux du cuir chevelu \u00e0 la fin, l\u2019huile d\u2019avocat est l\u00e9g\u00e8re et l\u2019une des rares huiles qui peuvent p\u00e9n\u00e9trer la cuticule de vos cheveux pour vraiment faire revivre vos m\u00e8ches du cuir chevelu aux extr\u00e9mit\u00e9s.<\/p>\n<p style=\"text-align: justify;\">LIGHTWEIGHT &amp; NON GREASY HAIR OIL est un traitement quotidien parfait pour les cheveux, prot\u00e9geant contre la chaleur et renfor\u00e7ant les cheveux color\u00e9s, secs ou cassants et apaisant votre cuir chevelu sans ajouter de poids<\/p>\n<p style=\"text-align: justify;\"><em><strong>Conseils d\u2019utilisation :<\/strong><\/em><br \/>\nAppliquer avant le shampooing pour masser les cheveux et le cuir chevelu. Laissez-le pendant deux heures, puis rincez-le. Utiliser 2 \u00e0 3 fois par semaine. pour un meilleur effet,<\/p>\n<p style=\"text-align: justify;\"><em><strong>Caract\u00e9ristiques:<\/strong><\/em><br \/>\n<strong>Ingr\u00e9dients:<\/strong>\u00a0Huile de s\u00e9same, huile de camomille, huile d\u2019avocat, huile de bl\u00e9, huile de sauge, parfum d\u2019orchid\u00e9e, vitamine E<br \/>\n<strong>Volume:<\/strong>\u00a060ml<\/p>\n","protected":false},"excerpt":{"rendered":"<p style=\"text-align: justify;\">Masque huileux hydratant cosm\u00e9tique naturel, c\u2019est un huile m\u00e9lange, \u00e0 bas de avocat, flacon plastique avec pompe, Contenance 60ml,<br \/>\nL\u2019huile capillaire DETANGLING &amp; DEEP CONDITIONING aide \u00e0 lisser vos m\u00e8ches avec une base d\u2019extrait avocat.<\/p>\n","protected":false},"featured_media":3848,"comment_status":"open","ping_status":"closed","template":"","meta":[],"product_brand":[],"product_cat":[85,99],"product_tag":[],"class_list":{"0":"post-3831","1":"product","2":"type-product","3":"status-publish","4":"has-post-thumbnail","6":"product_cat-cosmetiques","7":"product_cat-soins-cheveux","9":"first","10":"instock","11":"shipping-taxable","12":"purchasable","13":"product-type-simple"},"_links":{"self":[{"href":"https:\/\/bilive.ma\/index.php\/wp-json\/wp\/v2\/product\/3831","targetHints":{"allow":["GET"]}}],"collection":[{"href":"https:\/\/bilive.ma\/index.php\/wp-json\/wp\/v2\/product"}],"about":[{"href":"https:\/\/bilive.ma\/index.php\/wp-json\/wp\/v2\/types\/product"}],"replies":[{"embeddable":true,"href":"https:\/\/bilive.ma\/index.php\/wp-json\/wp\/v2\/comments?post=3831"}],"version-history":[{"count":2,"href":"https:\/\/bilive.ma\/index.php\/wp-json\/wp\/v2\/product\/3831\/revisions"}],"predecessor-version":[{"id":4910,"href":"https:\/\/bilive.ma\/index.php\/wp-json\/wp\/v2\/product\/3831\/revisions\/4910"}],"wp:featuredmedia":[{"embeddable":true,"href":"https:\/\/bilive.ma\/index.php\/wp-json\/wp\/v2\/media\/3848"}],"wp:attachment":[{"href":"https:\/\/bilive.ma\/index.php\/wp-json\/wp\/v2\/media?parent=3831"}],"wp:term":[{"taxonomy":"product_brand","embeddable":true,"href":"https:\/\/bilive.ma\/index.php\/wp-json\/wp\/v2\/product_brand?post=3831"},{"taxonomy":"product_cat","embeddable":true,"href":"https:\/\/bilive.ma\/index.php\/wp-json\/wp\/v2\/product_cat?post=3831"},{"taxonomy":"product_tag","embeddable":true,"href":"https:\/\/bilive.ma\/index.php\/wp-json\/wp\/v2\/product_tag?post=3831"}],"curies":[{"name":"wp","href":"https:\/\/api.w.org\/{rel}","templated":true}]}}