{"id":3832,"date":"2025-11-14T11:15:16","date_gmt":"2025-11-14T10:15:16","guid":{"rendered":"https:\/\/bilive.ma\/?post_type=product&#038;p=3832"},"modified":"2026-02-10T11:54:55","modified_gmt":"2026-02-10T10:54:55","slug":"nutritif-costus-indien","status":"publish","type":"product","link":"https:\/\/bilive.ma\/index.php\/product\/nutritif-costus-indien\/","title":{"rendered":"Nutritif Costus Indien"},"content":{"rendered":"<p style=\"text-align: justify;\">Les produits:<br \/>\nFABRICATION ARTISANAL!<br \/>\n100% D\u2019INGR\u00c9DIENTS D\u2019ORIGINE NATURELLE<\/p>\n<p style=\"text-align: justify;\">FABRICATION ARTISANAL!<br \/>\n100% D\u2019INGR\u00c9DIENTS D\u2019ORIGINE NATURELLE<\/p>\n<p style=\"text-align: justify;\">Il est couramment utilis\u00e9 dans ces r\u00e9gions du monde pour ses vertus th\u00e9rapeutiques assez nombreuses. Il permet entre autre de calmer les fortes migraines ,booster d\u2019immunit\u00e9, Il r\u00e9duit les maladies respiratoires, les maux de gorge et les amygdales.<\/p>\n<p style=\"text-align: justify;\">Le costus indien, c\u2019est un m\u00e9dicament naturel au rapport qualit\u00e9\/prix imbattable. Utilis\u00e9 par voie interne mais aussi par voie locale, ses propri\u00e9t\u00e9s lui permettent de pouvoir agir dans de nombreuses situations.<\/p>\n<p style=\"text-align: justify;\">Ce compl\u00e9ment alimentaire peut \u00eatre utilis\u00e9 en pr\u00e9vention, ou pour vous aider \u00e0 vous soigner.<\/p>\n<p style=\"text-align: justify;\"><em><strong>Contre-Indications :<\/strong><\/em><br \/>\nContre indiqu\u00e9 pour, les femmes enceintes ou allaitantes.<\/p>\n<p style=\"text-align: justify;\"><strong>Ingr\u00e9dients\u00a0 :<\/strong>\u00a0Costus Indien<br \/>\n<strong>Provenance :<\/strong>\u00a0Inde<br \/>\nA conserver dans un endroit sec, \u00e0 l\u2019abri de la chaleur et de l\u2019humidit\u00e9.<\/p>\n<p style=\"text-align: justify;\">il a la forme poudre (pour le m\u00e9langer \u00e0 du miel par exemple).<\/p>\n<p style=\"text-align: justify;\"><em><strong>Caract\u00e9ristiques:<\/strong><\/em><br \/>\n<strong>Ingr\u00e9dients:<\/strong>\u00a0Costus Indien<br \/>\n<strong>Poids net:\u00a0<\/strong>20G<br \/>\n<strong>Fabrication :<\/strong>\u00a0Maroc<\/p>\n","protected":false},"excerpt":{"rendered":"<p style=\"text-align: justify;\">Utilis\u00e9 depuis des si\u00e8cles dans la m\u00e9decine asiatique mais aussi arabe, notamment par le biais de la m\u00e9decine proph\u00e9tique, le costus indien a plus que fait ses preuves sur de nombreux maux.<br \/>\nEt c\u2019est sous forme de poudre,couleur sombre, Ces Costus sont 100% naturelles et garanties.<\/p>\n","protected":false},"featured_media":3850,"comment_status":"open","ping_status":"closed","template":"","meta":[],"product_brand":[],"product_cat":[85,121],"product_tag":[],"class_list":{"0":"post-3832","1":"product","2":"type-product","3":"status-publish","4":"has-post-thumbnail","6":"product_cat-cosmetiques","7":"product_cat-sante-cosmetiques","9":"first","10":"instock","11":"shipping-taxable","12":"purchasable","13":"product-type-simple"},"_links":{"self":[{"href":"https:\/\/bilive.ma\/index.php\/wp-json\/wp\/v2\/product\/3832","targetHints":{"allow":["GET"]}}],"collection":[{"href":"https:\/\/bilive.ma\/index.php\/wp-json\/wp\/v2\/product"}],"about":[{"href":"https:\/\/bilive.ma\/index.php\/wp-json\/wp\/v2\/types\/product"}],"replies":[{"embeddable":true,"href":"https:\/\/bilive.ma\/index.php\/wp-json\/wp\/v2\/comments?post=3832"}],"version-history":[{"count":1,"href":"https:\/\/bilive.ma\/index.php\/wp-json\/wp\/v2\/product\/3832\/revisions"}],"predecessor-version":[{"id":3851,"href":"https:\/\/bilive.ma\/index.php\/wp-json\/wp\/v2\/product\/3832\/revisions\/3851"}],"wp:featuredmedia":[{"embeddable":true,"href":"https:\/\/bilive.ma\/index.php\/wp-json\/wp\/v2\/media\/3850"}],"wp:attachment":[{"href":"https:\/\/bilive.ma\/index.php\/wp-json\/wp\/v2\/media?parent=3832"}],"wp:term":[{"taxonomy":"product_brand","embeddable":true,"href":"https:\/\/bilive.ma\/index.php\/wp-json\/wp\/v2\/product_brand?post=3832"},{"taxonomy":"product_cat","embeddable":true,"href":"https:\/\/bilive.ma\/index.php\/wp-json\/wp\/v2\/product_cat?post=3832"},{"taxonomy":"product_tag","embeddable":true,"href":"https:\/\/bilive.ma\/index.php\/wp-json\/wp\/v2\/product_tag?post=3832"}],"curies":[{"name":"wp","href":"https:\/\/api.w.org\/{rel}","templated":true}]}}