{"id":4148,"date":"2025-11-17T19:19:44","date_gmt":"2025-11-17T18:19:44","guid":{"rendered":"https:\/\/bilive.ma\/?post_type=product&#038;p=4148"},"modified":"2026-02-14T11:29:57","modified_gmt":"2026-02-14T10:29:57","slug":"4148","status":"publish","type":"product","link":"https:\/\/bilive.ma\/index.php\/product\/4148\/","title":{"rendered":"Primeal Flocons d\u2019Avoine Gros 500g"},"content":{"rendered":"<p style=\"text-align: justify;\"><strong>Ingr\u00e9dients:<\/strong><br \/>\nGruaus d\u2019avoine * (gluten) pr\u00e9cuits \u00e0 la vapeur et lamin\u00e9s entre deux cylindres (gruau d\u2019avoine = avoine complet juste d\u00e9barrass\u00e9 de sa balle indigeste)<br \/>\n*issus de l\u2019agriculture biologique<\/p>\n<p style=\"text-align: justify;\"><strong>Valeurs nutritionnelles pour 100 g de produit:<\/strong><br \/>\nValeur \u00e9nerg\u00e9tique 377kcal \u2013 1587kJ<br \/>\nMati\u00e8res grasses 7,1 g<br \/>\ndont acides gras satur\u00e9s 1,2g<br \/>\nGlucides 61,5 g<br \/>\ndont sucres 1,0 g<br \/>\nFibres 11,5 g<br \/>\nProt\u00e9ines 11,1 g<br \/>\nSel 0,1 g<\/p>\n<p style=\"text-align: justify;\"><strong>Conseils d\u2019utilisation:<\/strong><br \/>\nPr\u00e9paration instantan\u00e9e : \u00e9bouillanter 1 volume de flocons avec 3 volumes de liquide et laisser gonfler 3 mn \u00e0 couvert.<\/p>\n<p style=\"text-align: justify;\"><strong>Conservation:<\/strong><br \/>\nA conserver dans un endroit sec, temp\u00e9r\u00e9 et \u00e0 l\u2019abri de la lumi\u00e8re.<\/p>\n","protected":false},"excerpt":{"rendered":"<p style=\"text-align: justify;\">Ingr\u00e9dients: Gruaus d\u2019avoine * (gluten) pr\u00e9cuits \u00e0 la vapeur et lamin\u00e9s entre deux cylindres (gruau d\u2019avoine = avoine complet juste d\u00e9barrass\u00e9 de sa balle indigeste) *issus de l\u2019agriculture biologique Valeurs\u2026<\/p>\n","protected":false},"featured_media":4153,"comment_status":"open","ping_status":"closed","template":"","meta":[],"product_brand":[],"product_cat":[75,76,103],"product_tag":[],"class_list":{"0":"post-4148","1":"product","2":"type-product","3":"status-publish","4":"has-post-thumbnail","6":"product_cat-regimes-speciaux","7":"product_cat-sans-gluten","8":"product_cat-sans-lactose","10":"first","11":"instock","12":"shipping-taxable","13":"purchasable","14":"product-type-simple"},"_links":{"self":[{"href":"https:\/\/bilive.ma\/index.php\/wp-json\/wp\/v2\/product\/4148","targetHints":{"allow":["GET"]}}],"collection":[{"href":"https:\/\/bilive.ma\/index.php\/wp-json\/wp\/v2\/product"}],"about":[{"href":"https:\/\/bilive.ma\/index.php\/wp-json\/wp\/v2\/types\/product"}],"replies":[{"embeddable":true,"href":"https:\/\/bilive.ma\/index.php\/wp-json\/wp\/v2\/comments?post=4148"}],"version-history":[{"count":3,"href":"https:\/\/bilive.ma\/index.php\/wp-json\/wp\/v2\/product\/4148\/revisions"}],"predecessor-version":[{"id":4908,"href":"https:\/\/bilive.ma\/index.php\/wp-json\/wp\/v2\/product\/4148\/revisions\/4908"}],"wp:featuredmedia":[{"embeddable":true,"href":"https:\/\/bilive.ma\/index.php\/wp-json\/wp\/v2\/media\/4153"}],"wp:attachment":[{"href":"https:\/\/bilive.ma\/index.php\/wp-json\/wp\/v2\/media?parent=4148"}],"wp:term":[{"taxonomy":"product_brand","embeddable":true,"href":"https:\/\/bilive.ma\/index.php\/wp-json\/wp\/v2\/product_brand?post=4148"},{"taxonomy":"product_cat","embeddable":true,"href":"https:\/\/bilive.ma\/index.php\/wp-json\/wp\/v2\/product_cat?post=4148"},{"taxonomy":"product_tag","embeddable":true,"href":"https:\/\/bilive.ma\/index.php\/wp-json\/wp\/v2\/product_tag?post=4148"}],"curies":[{"name":"wp","href":"https:\/\/api.w.org\/{rel}","templated":true}]}}