{"id":4154,"date":"2025-11-17T19:41:12","date_gmt":"2025-11-17T18:41:12","guid":{"rendered":"https:\/\/bilive.ma\/?post_type=product&#038;p=4154"},"modified":"2026-02-14T11:29:20","modified_gmt":"2026-02-14T10:29:20","slug":"primeal-flocons-de-sarrasin-350g","status":"publish","type":"product","link":"https:\/\/bilive.ma\/index.php\/product\/primeal-flocons-de-sarrasin-350g\/","title":{"rendered":"Primeal Flocons de Sarrasin 350G"},"content":{"rendered":"<p style=\"text-align: justify;\">Ingr\u00e9dients<br \/>\nGrains de sarrasin complet* (esp\u00e8ce Polygonum Fagopyrum) pr\u00e9cuits \u00e0 la vapeur et lamin\u00e9s entre 2 cylindres<br \/>\n*issus de l\u2019agriculture biologique<\/p>\n<p style=\"text-align: justify;\">Valeurs nutritionnelles<br \/>\nPour 100 g de produit :<br \/>\nvaleur \u00e9nerg\u00e9tique 357kcal \u2013 1511kJ<br \/>\nMati\u00e8res grasses 2,6 g<br \/>\ndont acides gras satur\u00e9s 0,5 g<br \/>\nglucides 69,9 g<br \/>\ndont sucres 1,5 g<br \/>\nfibres 6,5 g<br \/>\nprot\u00e9ines 10,3 g<br \/>\nsel &lt;0,01 g Conseils d&#8217;utilisation Pr\u00e9paration instantan\u00e9e : \u00e9bouillanter 1 volume de flocons avec 3 volumes de liquide et laisser gonfler 3 mn \u00e0 couvert. Conservation A conserver dans un endroit sec, temp\u00e9r\u00e9 et \u00e0 l&#8217;abri de la lumi\u00e8re<\/p>\n","protected":false},"excerpt":{"rendered":"<div class=\"w-post-elm post_content\" style=\"text-align: justify;\">Ingr\u00e9dients Grains de sarrasin complet* (esp\u00e8ce Polygonum Fagopyrum) pr\u00e9cuits \u00e0 la vapeur et lamin\u00e9s entre 2 cylindres *issus de l\u2019agriculture biologique Valeurs nutritionnelles Pour 100 g de produit : valeur\u2026<\/div>\n","protected":false},"featured_media":4155,"comment_status":"open","ping_status":"closed","template":"","meta":[],"product_brand":[],"product_cat":[75,78],"product_tag":[],"class_list":{"0":"post-4154","1":"product","2":"type-product","3":"status-publish","4":"has-post-thumbnail","6":"product_cat-regimes-speciaux","7":"product_cat-sans-sucre","9":"first","10":"instock","11":"shipping-taxable","12":"purchasable","13":"product-type-simple"},"_links":{"self":[{"href":"https:\/\/bilive.ma\/index.php\/wp-json\/wp\/v2\/product\/4154","targetHints":{"allow":["GET"]}}],"collection":[{"href":"https:\/\/bilive.ma\/index.php\/wp-json\/wp\/v2\/product"}],"about":[{"href":"https:\/\/bilive.ma\/index.php\/wp-json\/wp\/v2\/types\/product"}],"replies":[{"embeddable":true,"href":"https:\/\/bilive.ma\/index.php\/wp-json\/wp\/v2\/comments?post=4154"}],"version-history":[{"count":2,"href":"https:\/\/bilive.ma\/index.php\/wp-json\/wp\/v2\/product\/4154\/revisions"}],"predecessor-version":[{"id":4907,"href":"https:\/\/bilive.ma\/index.php\/wp-json\/wp\/v2\/product\/4154\/revisions\/4907"}],"wp:featuredmedia":[{"embeddable":true,"href":"https:\/\/bilive.ma\/index.php\/wp-json\/wp\/v2\/media\/4155"}],"wp:attachment":[{"href":"https:\/\/bilive.ma\/index.php\/wp-json\/wp\/v2\/media?parent=4154"}],"wp:term":[{"taxonomy":"product_brand","embeddable":true,"href":"https:\/\/bilive.ma\/index.php\/wp-json\/wp\/v2\/product_brand?post=4154"},{"taxonomy":"product_cat","embeddable":true,"href":"https:\/\/bilive.ma\/index.php\/wp-json\/wp\/v2\/product_cat?post=4154"},{"taxonomy":"product_tag","embeddable":true,"href":"https:\/\/bilive.ma\/index.php\/wp-json\/wp\/v2\/product_tag?post=4154"}],"curies":[{"name":"wp","href":"https:\/\/api.w.org\/{rel}","templated":true}]}}