{"id":4161,"date":"2025-11-17T20:16:06","date_gmt":"2025-11-17T19:16:06","guid":{"rendered":"https:\/\/bilive.ma\/index.php\/product\/karelea-biscuits-speculoos-sans-sucres\/"},"modified":"2026-02-14T11:28:14","modified_gmt":"2026-02-14T10:28:14","slug":"karelea-biscuits-speculoos-sans-sucres","status":"publish","type":"product","link":"https:\/\/bilive.ma\/index.php\/product\/karelea-biscuits-speculoos-sans-sucres\/","title":{"rendered":"Kar\u00e9l\u00e9a Biscuits Sp\u00e9culoos sans sucres"},"content":{"rendered":"<p style=\"text-align: justify;\">D\u00e9couvrez Kar\u00e9l\u00e9a Biscuits Sp\u00e9culoos sans sucres ajout\u00e9s , une gourmandise \u00e0 la cannelle con\u00e7ue pour allier plaisir et \u00e9quilibre nutritionnel. \u00c9labor\u00e9s avec 29% de farine compl\u00e8te de bl\u00e9 et enrichis en fibres alimentaires, ces biscuits sont id\u00e9aux pour une pause saine \u00e0 tout moment de la journ\u00e9e.<\/p>\n","protected":false},"excerpt":{"rendered":"<p style=\"text-align: justify;\">Retrouvez le parfum typique des c\u00e9l\u00e8bres speculoos dans une version sans sucres d\u00e9licieusement craquante et sans huile de palme\u00a0! Le speculoos Kar\u00e9l\u00e9a, un biscuit simplement bon, soigneusement \u00e9labor\u00e9 avec de la farine compl\u00e8te et de la cannelle. Une douceur sans sucres et riche en fibres, id\u00e9ale pour accompagner votre th\u00e9, votre caf\u00e9 ou pour agr\u00e9menter vos desserts pr\u00e9f\u00e9r\u00e9s<\/p>\n","protected":false},"featured_media":4162,"comment_status":"open","ping_status":"closed","template":"","meta":[],"product_brand":[],"product_cat":[75,78],"product_tag":[],"class_list":{"0":"post-4161","1":"product","2":"type-product","3":"status-publish","4":"has-post-thumbnail","6":"product_cat-regimes-speciaux","7":"product_cat-sans-sucre","9":"first","10":"instock","11":"shipping-taxable","12":"purchasable","13":"product-type-simple"},"_links":{"self":[{"href":"https:\/\/bilive.ma\/index.php\/wp-json\/wp\/v2\/product\/4161","targetHints":{"allow":["GET"]}}],"collection":[{"href":"https:\/\/bilive.ma\/index.php\/wp-json\/wp\/v2\/product"}],"about":[{"href":"https:\/\/bilive.ma\/index.php\/wp-json\/wp\/v2\/types\/product"}],"replies":[{"embeddable":true,"href":"https:\/\/bilive.ma\/index.php\/wp-json\/wp\/v2\/comments?post=4161"}],"version-history":[{"count":3,"href":"https:\/\/bilive.ma\/index.php\/wp-json\/wp\/v2\/product\/4161\/revisions"}],"predecessor-version":[{"id":4905,"href":"https:\/\/bilive.ma\/index.php\/wp-json\/wp\/v2\/product\/4161\/revisions\/4905"}],"wp:featuredmedia":[{"embeddable":true,"href":"https:\/\/bilive.ma\/index.php\/wp-json\/wp\/v2\/media\/4162"}],"wp:attachment":[{"href":"https:\/\/bilive.ma\/index.php\/wp-json\/wp\/v2\/media?parent=4161"}],"wp:term":[{"taxonomy":"product_brand","embeddable":true,"href":"https:\/\/bilive.ma\/index.php\/wp-json\/wp\/v2\/product_brand?post=4161"},{"taxonomy":"product_cat","embeddable":true,"href":"https:\/\/bilive.ma\/index.php\/wp-json\/wp\/v2\/product_cat?post=4161"},{"taxonomy":"product_tag","embeddable":true,"href":"https:\/\/bilive.ma\/index.php\/wp-json\/wp\/v2\/product_tag?post=4161"}],"curies":[{"name":"wp","href":"https:\/\/api.w.org\/{rel}","templated":true}]}}