{"id":4166,"date":"2025-11-17T20:34:44","date_gmt":"2025-11-17T19:34:44","guid":{"rendered":"https:\/\/bilive.ma\/?post_type=product&#038;p=4166"},"modified":"2026-02-14T11:27:17","modified_gmt":"2026-02-14T10:27:17","slug":"biscuits-saveur-pomme-sans-sucres","status":"publish","type":"product","link":"https:\/\/bilive.ma\/index.php\/product\/biscuits-saveur-pomme-sans-sucres\/","title":{"rendered":"Biscuits saveur Pomme sans sucres"},"content":{"rendered":"<p style=\"text-align: justify;\">Laissez-vous tenter par nos petits biscuits saveur pomme qui accompagneront \u00e0 merveille toutes vos pauses gourmandes.<\/p>\n","protected":false},"excerpt":{"rendered":"<p style=\"text-align: justify;\">Laissez-vous tenter par nos petits biscuits saveur pomme qui accompagneront \u00e0 merveille toutes vos pauses gourmandes. Les biscuits saveur pomme sans sucres Kar\u00e9l\u00e9a allient une texture croquante et une d\u00e9licate saveur r\u00e9confortante entre la pomme cuite et acidul\u00e9e.<\/p>\n","protected":false},"featured_media":4167,"comment_status":"open","ping_status":"closed","template":"","meta":[],"product_brand":[],"product_cat":[75,78],"product_tag":[],"class_list":{"0":"post-4166","1":"product","2":"type-product","3":"status-publish","4":"has-post-thumbnail","6":"product_cat-regimes-speciaux","7":"product_cat-sans-sucre","9":"first","10":"instock","11":"shipping-taxable","12":"purchasable","13":"product-type-simple"},"_links":{"self":[{"href":"https:\/\/bilive.ma\/index.php\/wp-json\/wp\/v2\/product\/4166","targetHints":{"allow":["GET"]}}],"collection":[{"href":"https:\/\/bilive.ma\/index.php\/wp-json\/wp\/v2\/product"}],"about":[{"href":"https:\/\/bilive.ma\/index.php\/wp-json\/wp\/v2\/types\/product"}],"replies":[{"embeddable":true,"href":"https:\/\/bilive.ma\/index.php\/wp-json\/wp\/v2\/comments?post=4166"}],"version-history":[{"count":3,"href":"https:\/\/bilive.ma\/index.php\/wp-json\/wp\/v2\/product\/4166\/revisions"}],"predecessor-version":[{"id":4903,"href":"https:\/\/bilive.ma\/index.php\/wp-json\/wp\/v2\/product\/4166\/revisions\/4903"}],"wp:featuredmedia":[{"embeddable":true,"href":"https:\/\/bilive.ma\/index.php\/wp-json\/wp\/v2\/media\/4167"}],"wp:attachment":[{"href":"https:\/\/bilive.ma\/index.php\/wp-json\/wp\/v2\/media?parent=4166"}],"wp:term":[{"taxonomy":"product_brand","embeddable":true,"href":"https:\/\/bilive.ma\/index.php\/wp-json\/wp\/v2\/product_brand?post=4166"},{"taxonomy":"product_cat","embeddable":true,"href":"https:\/\/bilive.ma\/index.php\/wp-json\/wp\/v2\/product_cat?post=4166"},{"taxonomy":"product_tag","embeddable":true,"href":"https:\/\/bilive.ma\/index.php\/wp-json\/wp\/v2\/product_tag?post=4166"}],"curies":[{"name":"wp","href":"https:\/\/api.w.org\/{rel}","templated":true}]}}