{"id":4169,"date":"2025-11-17T20:39:39","date_gmt":"2025-11-17T19:39:39","guid":{"rendered":"https:\/\/bilive.ma\/?post_type=product&#038;p=4169"},"modified":"2026-02-14T11:26:59","modified_gmt":"2026-02-14T10:26:59","slug":"biscuits-citron-sans-sucres","status":"publish","type":"product","link":"https:\/\/bilive.ma\/index.php\/product\/biscuits-citron-sans-sucres\/","title":{"rendered":"Biscuits citron sans sucres"},"content":{"rendered":"<p style=\"text-align: justify;\">Laissez-vous tenter par nos petits biscuits au citron qui accompagneront \u00e0 merveille toutes vos pauses gourmandes. Les biscuits citron sans sucres\u00a0Kar\u00e9l\u00e9a\u00a0allient une texture croquante et une d\u00e9licate saveur citronn\u00e9e. \u00c9labor\u00e9s sans huile de palme, ces savoureux biscuits citron sont riches en fibres. Ils vous permettent ainsi, dans le cadre d\u2019une alimentation vari\u00e9e et \u00e9quilibr\u00e9e, d\u2019augmenter votre consommation de fibres et de contr\u00f4ler\u00a0vos apports en sucres.<\/p>\n<p style=\"text-align: justify;\">Mangez moins de sucres\u00a0avec\u00a0Kar\u00e9l\u00e9a\u00a0! Comme pour le reste de notre gamme de biscuits, la saveur sucr\u00e9e des biscuits citron sans sucres est apport\u00e9e par le maltitol, \u00e9dulcorant naturel. La pr\u00e9sence de ce\u00a0substitut\u00a0d\u2019origine v\u00e9g\u00e9tale\u00a0dans nos biscuits vous\u00a0garantit\u00a0un apport calorique contr\u00f4l\u00e9 (40% de calories en moins qu\u2019avec des biscuits contenant du sucre blanc ou du sucre roux). Notez aussi que le maltitol a l\u2019avantage de pr\u00e9senter un indice glyc\u00e9mique bas. Ainsi en d\u00e9gustant un de nos biscuits citron, votre pic glyc\u00e9mique ne grimpe pas.<\/p>\n","protected":false},"excerpt":{"rendered":"<p style=\"text-align: justify;\">Les biscuits citron sans sucres\u00a0Kar\u00e9l\u00e9a\u00a0allient une texture croquante et une d\u00e9licate saveur citronn\u00e9e.<\/p>\n","protected":false},"featured_media":4170,"comment_status":"open","ping_status":"closed","template":"","meta":[],"product_brand":[],"product_cat":[75,78],"product_tag":[],"class_list":{"0":"post-4169","1":"product","2":"type-product","3":"status-publish","4":"has-post-thumbnail","6":"product_cat-regimes-speciaux","7":"product_cat-sans-sucre","9":"first","10":"instock","11":"shipping-taxable","12":"purchasable","13":"product-type-simple"},"_links":{"self":[{"href":"https:\/\/bilive.ma\/index.php\/wp-json\/wp\/v2\/product\/4169","targetHints":{"allow":["GET"]}}],"collection":[{"href":"https:\/\/bilive.ma\/index.php\/wp-json\/wp\/v2\/product"}],"about":[{"href":"https:\/\/bilive.ma\/index.php\/wp-json\/wp\/v2\/types\/product"}],"replies":[{"embeddable":true,"href":"https:\/\/bilive.ma\/index.php\/wp-json\/wp\/v2\/comments?post=4169"}],"version-history":[{"count":2,"href":"https:\/\/bilive.ma\/index.php\/wp-json\/wp\/v2\/product\/4169\/revisions"}],"predecessor-version":[{"id":4901,"href":"https:\/\/bilive.ma\/index.php\/wp-json\/wp\/v2\/product\/4169\/revisions\/4901"}],"wp:featuredmedia":[{"embeddable":true,"href":"https:\/\/bilive.ma\/index.php\/wp-json\/wp\/v2\/media\/4170"}],"wp:attachment":[{"href":"https:\/\/bilive.ma\/index.php\/wp-json\/wp\/v2\/media?parent=4169"}],"wp:term":[{"taxonomy":"product_brand","embeddable":true,"href":"https:\/\/bilive.ma\/index.php\/wp-json\/wp\/v2\/product_brand?post=4169"},{"taxonomy":"product_cat","embeddable":true,"href":"https:\/\/bilive.ma\/index.php\/wp-json\/wp\/v2\/product_cat?post=4169"},{"taxonomy":"product_tag","embeddable":true,"href":"https:\/\/bilive.ma\/index.php\/wp-json\/wp\/v2\/product_tag?post=4169"}],"curies":[{"name":"wp","href":"https:\/\/api.w.org\/{rel}","templated":true}]}}