{"id":4430,"date":"2025-11-18T17:36:45","date_gmt":"2025-11-18T16:36:45","guid":{"rendered":"https:\/\/bilive.ma\/?post_type=product&#038;p=4430"},"modified":"2026-02-14T11:26:31","modified_gmt":"2026-02-14T10:26:31","slug":"miel-de-marjoram","status":"publish","type":"product","link":"https:\/\/bilive.ma\/index.php\/product\/miel-de-marjoram\/","title":{"rendered":"Miel de Marjoram"},"content":{"rendered":"<p style=\"text-align: justify;\">D\u00e9couvrez un miel rare et d\u00e9licat, r\u00e9colt\u00e9 \u00e0 partir des fleurs de marjolaine. Sa saveur douce et l\u00e9g\u00e8rement \u00e9pic\u00e9e apporte une touche raffin\u00e9e \u00e0 vos boissons chaudes, desserts et recettes maison.<br data-start=\"356\" data-end=\"359\" \/>Naturellement riche en antioxydants, ce miel est appr\u00e9ci\u00e9 pour ses vertus apaisantes et digestives.<br data-start=\"458\" data-end=\"461\" \/>Un choix id\u00e9al pour ceux qui recherchent un miel authentique, parfum\u00e9 et 100% naturel.<\/p>\n","protected":false},"excerpt":{"rendered":"<p style=\"text-align: justify;\">D\u00e9couvrez un miel rare et d\u00e9licat, r\u00e9colt\u00e9 \u00e0 partir des fleurs de marjolaine. Sa saveur douce et l\u00e9g\u00e8rement \u00e9pic\u00e9e apporte une touche raffin\u00e9e \u00e0 vos boissons chaudes, desserts et recettes maison.<\/p>\n","protected":false},"featured_media":4431,"comment_status":"open","ping_status":"closed","template":"","meta":[],"product_brand":[],"product_cat":[81,105],"product_tag":[],"class_list":{"0":"post-4430","1":"product","2":"type-product","3":"status-publish","4":"has-post-thumbnail","6":"product_cat-miels","7":"product_cat-produits-du-terroir","8":"pa_poids-1kg","9":"pa_poids-250g","10":"pa_poids-500g","12":"first","13":"instock","14":"shipping-taxable","15":"purchasable","16":"product-type-variable","17":"wvs-archive-product-wrapper"},"_links":{"self":[{"href":"https:\/\/bilive.ma\/index.php\/wp-json\/wp\/v2\/product\/4430","targetHints":{"allow":["GET"]}}],"collection":[{"href":"https:\/\/bilive.ma\/index.php\/wp-json\/wp\/v2\/product"}],"about":[{"href":"https:\/\/bilive.ma\/index.php\/wp-json\/wp\/v2\/types\/product"}],"replies":[{"embeddable":true,"href":"https:\/\/bilive.ma\/index.php\/wp-json\/wp\/v2\/comments?post=4430"}],"version-history":[{"count":3,"href":"https:\/\/bilive.ma\/index.php\/wp-json\/wp\/v2\/product\/4430\/revisions"}],"predecessor-version":[{"id":4443,"href":"https:\/\/bilive.ma\/index.php\/wp-json\/wp\/v2\/product\/4430\/revisions\/4443"}],"wp:featuredmedia":[{"embeddable":true,"href":"https:\/\/bilive.ma\/index.php\/wp-json\/wp\/v2\/media\/4431"}],"wp:attachment":[{"href":"https:\/\/bilive.ma\/index.php\/wp-json\/wp\/v2\/media?parent=4430"}],"wp:term":[{"taxonomy":"product_brand","embeddable":true,"href":"https:\/\/bilive.ma\/index.php\/wp-json\/wp\/v2\/product_brand?post=4430"},{"taxonomy":"product_cat","embeddable":true,"href":"https:\/\/bilive.ma\/index.php\/wp-json\/wp\/v2\/product_cat?post=4430"},{"taxonomy":"product_tag","embeddable":true,"href":"https:\/\/bilive.ma\/index.php\/wp-json\/wp\/v2\/product_tag?post=4430"}],"curies":[{"name":"wp","href":"https:\/\/api.w.org\/{rel}","templated":true}]}}