{"id":4465,"date":"2025-11-18T20:53:21","date_gmt":"2025-11-18T19:53:21","guid":{"rendered":"https:\/\/bilive.ma\/?post_type=product&#038;p=4465"},"modified":"2026-02-14T11:25:37","modified_gmt":"2026-02-14T10:25:37","slug":"miel-floral","status":"publish","type":"product","link":"https:\/\/bilive.ma\/index.php\/product\/miel-floral\/","title":{"rendered":"Miel Floral"},"content":{"rendered":"<p style=\"text-align: justify;\">Miel polyvalent aux ar\u00f4mes floraux d\u00e9licats. Texture onctueuse, go\u00fbt l\u00e9ger et \u00e9quilibr\u00e9. Id\u00e9al pour sucrer vos boissons, desserts et recettes. 100% naturel, riche en nutriments et \u00e9nergie.<\/p>\n","protected":false},"excerpt":{"rendered":"<p style=\"text-align: justify;\">Miel polyvalent aux ar\u00f4mes floraux d\u00e9licats. Texture onctueuse, go\u00fbt l\u00e9ger et \u00e9quilibr\u00e9. Id\u00e9al pour sucrer vos boissons, desserts et recettes. 100% naturel, riche en nutriments et \u00e9nergie.<\/p>\n","protected":false},"featured_media":4469,"comment_status":"open","ping_status":"closed","template":"","meta":[],"product_brand":[],"product_cat":[81,105],"product_tag":[],"class_list":{"0":"post-4465","1":"product","2":"type-product","3":"status-publish","4":"has-post-thumbnail","6":"product_cat-miels","7":"product_cat-produits-du-terroir","8":"pa_poids-1kg","9":"pa_poids-250g","10":"pa_poids-500g","12":"first","13":"instock","14":"shipping-taxable","15":"purchasable","16":"product-type-variable","17":"wvs-archive-product-wrapper"},"_links":{"self":[{"href":"https:\/\/bilive.ma\/index.php\/wp-json\/wp\/v2\/product\/4465","targetHints":{"allow":["GET"]}}],"collection":[{"href":"https:\/\/bilive.ma\/index.php\/wp-json\/wp\/v2\/product"}],"about":[{"href":"https:\/\/bilive.ma\/index.php\/wp-json\/wp\/v2\/types\/product"}],"replies":[{"embeddable":true,"href":"https:\/\/bilive.ma\/index.php\/wp-json\/wp\/v2\/comments?post=4465"}],"version-history":[{"count":3,"href":"https:\/\/bilive.ma\/index.php\/wp-json\/wp\/v2\/product\/4465\/revisions"}],"predecessor-version":[{"id":4899,"href":"https:\/\/bilive.ma\/index.php\/wp-json\/wp\/v2\/product\/4465\/revisions\/4899"}],"wp:featuredmedia":[{"embeddable":true,"href":"https:\/\/bilive.ma\/index.php\/wp-json\/wp\/v2\/media\/4469"}],"wp:attachment":[{"href":"https:\/\/bilive.ma\/index.php\/wp-json\/wp\/v2\/media?parent=4465"}],"wp:term":[{"taxonomy":"product_brand","embeddable":true,"href":"https:\/\/bilive.ma\/index.php\/wp-json\/wp\/v2\/product_brand?post=4465"},{"taxonomy":"product_cat","embeddable":true,"href":"https:\/\/bilive.ma\/index.php\/wp-json\/wp\/v2\/product_cat?post=4465"},{"taxonomy":"product_tag","embeddable":true,"href":"https:\/\/bilive.ma\/index.php\/wp-json\/wp\/v2\/product_tag?post=4465"}],"curies":[{"name":"wp","href":"https:\/\/api.w.org\/{rel}","templated":true}]}}