{"id":4659,"date":"2026-01-07T14:19:36","date_gmt":"2026-01-07T13:19:36","guid":{"rendered":"https:\/\/bilive.ma\/?post_type=product&#038;p=4659"},"modified":"2026-04-03T23:57:07","modified_gmt":"2026-04-03T21:57:07","slug":"huile-dolive-naturelle-extra-vierge-bilive","status":"publish","type":"product","link":"https:\/\/bilive.ma\/index.php\/product\/huile-dolive-naturelle-extra-vierge-bilive\/","title":{"rendered":"Huile d\u2019Olive Naturelle Extra Vierge \u2013 BiLive"},"content":{"rendered":"<p style=\"text-align: justify;\" data-start=\"188\" data-end=\"502\">D\u00e9couvrez l\u2019<strong data-start=\"200\" data-end=\"237\">huile d\u2019olive extra vierge BiLive<\/strong>, issue d\u2019olives soigneusement s\u00e9lectionn\u00e9es et press\u00e9es \u00e0 froid afin de pr\u00e9server toutes leurs qualit\u00e9s naturelles. Riche en ar\u00f4mes et au go\u00fbt authentique, elle se distingue par sa couleur dor\u00e9e et sa saveur \u00e9quilibr\u00e9e, id\u00e9ale pour une cuisine saine et savoureuse.<\/p>\n<p style=\"text-align: justify;\" data-start=\"504\" data-end=\"806\">Gr\u00e2ce \u00e0 son proc\u00e9d\u00e9 d\u2019extraction naturelle, l\u2019huile d\u2019olive BiLive conserve ses <strong data-start=\"584\" data-end=\"611\">bienfaits nutritionnels<\/strong>, notamment sa richesse en antioxydants et en acides gras essentiels. Elle est parfaite pour l\u2019assaisonnement des salades, la cuisson l\u00e9g\u00e8re, ou pour sublimer vos plats traditionnels et modernes.<\/p>\n<p style=\"text-align: justify;\" data-start=\"808\" data-end=\"830\"><strong data-start=\"808\" data-end=\"830\">Caract\u00e9ristiques :<\/strong><\/p>\n<ul style=\"text-align: justify;\" data-start=\"831\" data-end=\"1057\">\n<li data-start=\"831\" data-end=\"852\">\n<p data-start=\"833\" data-end=\"852\">Marque : <strong data-start=\"842\" data-end=\"852\">BiLive<\/strong><\/p>\n<\/li>\n<li data-start=\"853\" data-end=\"890\">\n<p data-start=\"855\" data-end=\"890\">Type : Huile d\u2019olive extra vierge<\/p>\n<\/li>\n<li data-start=\"891\" data-end=\"923\">\n<p data-start=\"893\" data-end=\"923\">Extraction : Press\u00e9e \u00e0 froid<\/p>\n<\/li>\n<li data-start=\"924\" data-end=\"953\">\n<p data-start=\"926\" data-end=\"953\">Qualit\u00e9 : 100 % naturelle<\/p>\n<\/li>\n<li data-start=\"954\" data-end=\"1004\">\n<p data-start=\"956\" data-end=\"1004\">Utilisation : Cuisine, assaisonnement, cuisson<\/p>\n<\/li>\n<li data-start=\"1005\" data-end=\"1057\">\n<p data-start=\"1007\" data-end=\"1057\">Conditionnement : Bouteille pratique et herm\u00e9tique<\/p>\n<\/li>\n<\/ul>\n<p style=\"text-align: justify;\" data-start=\"1059\" data-end=\"1146\"><strong data-start=\"1059\" data-end=\"1069\">BiLive<\/strong>, c\u2019est le choix de la qualit\u00e9, du naturel et du go\u00fbt authentique de l\u2019olive.<\/p>\n","protected":false},"excerpt":{"rendered":"<p style=\"text-align: justify;\">D\u00e9couvrez l\u2019<strong data-start=\"200\" data-end=\"237\">huile d\u2019olive extra vierge BiLive<\/strong>, issue d\u2019olives soigneusement s\u00e9lectionn\u00e9es et press\u00e9es \u00e0 froid afin de pr\u00e9server toutes leurs qualit\u00e9s naturelles. Riche en ar\u00f4mes et au go\u00fbt authentique, elle se distingue par sa couleur dor\u00e9e et sa saveur \u00e9quilibr\u00e9e, id\u00e9ale pour une cuisine saine et savoureuse.<\/p>\n","protected":false},"featured_media":4664,"comment_status":"open","ping_status":"closed","template":"","meta":[],"product_brand":[],"product_cat":[80,105],"product_tag":[],"class_list":{"0":"post-4659","1":"product","2":"type-product","3":"status-publish","4":"has-post-thumbnail","6":"product_cat-huiles-et-olive","7":"product_cat-produits-du-terroir","8":"pa_capacite-65","9":"pa_capacite-500-ml","10":"pa_capacite-5l","12":"first","13":"instock","14":"shipping-taxable","15":"purchasable","16":"product-type-variable","17":"wvs-archive-product-wrapper"},"_links":{"self":[{"href":"https:\/\/bilive.ma\/index.php\/wp-json\/wp\/v2\/product\/4659","targetHints":{"allow":["GET"]}}],"collection":[{"href":"https:\/\/bilive.ma\/index.php\/wp-json\/wp\/v2\/product"}],"about":[{"href":"https:\/\/bilive.ma\/index.php\/wp-json\/wp\/v2\/types\/product"}],"replies":[{"embeddable":true,"href":"https:\/\/bilive.ma\/index.php\/wp-json\/wp\/v2\/comments?post=4659"}],"version-history":[{"count":4,"href":"https:\/\/bilive.ma\/index.php\/wp-json\/wp\/v2\/product\/4659\/revisions"}],"predecessor-version":[{"id":4890,"href":"https:\/\/bilive.ma\/index.php\/wp-json\/wp\/v2\/product\/4659\/revisions\/4890"}],"wp:featuredmedia":[{"embeddable":true,"href":"https:\/\/bilive.ma\/index.php\/wp-json\/wp\/v2\/media\/4664"}],"wp:attachment":[{"href":"https:\/\/bilive.ma\/index.php\/wp-json\/wp\/v2\/media?parent=4659"}],"wp:term":[{"taxonomy":"product_brand","embeddable":true,"href":"https:\/\/bilive.ma\/index.php\/wp-json\/wp\/v2\/product_brand?post=4659"},{"taxonomy":"product_cat","embeddable":true,"href":"https:\/\/bilive.ma\/index.php\/wp-json\/wp\/v2\/product_cat?post=4659"},{"taxonomy":"product_tag","embeddable":true,"href":"https:\/\/bilive.ma\/index.php\/wp-json\/wp\/v2\/product_tag?post=4659"}],"curies":[{"name":"wp","href":"https:\/\/api.w.org\/{rel}","templated":true}]}}