{"id":4681,"date":"2026-01-08T14:53:49","date_gmt":"2026-01-08T13:53:49","guid":{"rendered":"https:\/\/bilive.ma\/?post_type=product&#038;p=4681"},"modified":"2026-02-14T11:16:01","modified_gmt":"2026-02-14T10:16:01","slug":"distillat-de-camomille","status":"publish","type":"product","link":"https:\/\/bilive.ma\/index.php\/product\/distillat-de-camomille\/","title":{"rendered":"Distillat de Camomille"},"content":{"rendered":"<p style=\"text-align: justify;\" data-start=\"124\" data-end=\"399\"><strong>Distillat de Camomille : \u0645\u0642\u0637\u0631 \u0627\u0644\u0628\u0627\u0628\u0648\u0646\u062c<\/strong><br \/>\nLe distillat de camomille <strong data-start=\"150\" data-end=\"160\">Bilive<\/strong> est une eau florale naturelle obtenue par distillation de fleurs de camomille soigneusement s\u00e9lectionn\u00e9es. Reconnue pour ses propri\u00e9t\u00e9s apaisantes et adoucissantes, la camomille est id\u00e9ale pour le soin quotidien de la peau et des cheveux.<\/p>\n<p style=\"text-align: justify;\" data-start=\"401\" data-end=\"679\">Gr\u00e2ce \u00e0 sa formule douce et naturelle, ce distillat aide \u00e0 calmer les irritations, rafra\u00eechir la peau sensible et redonner de l\u2019\u00e9clat au teint. Il peut \u00eatre utilis\u00e9 comme lotion tonique, brume rafra\u00eechissante, soin apr\u00e8s-soleil ou ingr\u00e9dient naturel dans les routines de beaut\u00e9.<\/p>\n<p style=\"text-align: justify;\" data-start=\"681\" data-end=\"703\"><strong data-start=\"681\" data-end=\"703\">Caract\u00e9ristiques :<\/strong><\/p>\n<ul style=\"text-align: justify;\" data-start=\"704\" data-end=\"892\">\n<li data-start=\"704\" data-end=\"725\">\n<p data-start=\"706\" data-end=\"725\">Marque : <strong data-start=\"715\" data-end=\"725\">Bilive<\/strong><\/p>\n<\/li>\n<li data-start=\"726\" data-end=\"762\">\n<p data-start=\"728\" data-end=\"762\">Produit : Distillat de camomille<\/p>\n<\/li>\n<li data-start=\"763\" data-end=\"788\">\n<p data-start=\"765\" data-end=\"788\">Contenance : <strong data-start=\"778\" data-end=\"788\">250 ml<\/strong><\/p>\n<\/li>\n<li data-start=\"789\" data-end=\"825\">\n<p data-start=\"791\" data-end=\"825\">Usage : visage, corps et cheveux<\/p>\n<\/li>\n<li data-start=\"826\" data-end=\"858\">\n<p data-start=\"828\" data-end=\"858\">Convient aux peaux sensibles<\/p>\n<\/li>\n<li data-start=\"859\" data-end=\"892\">\n<p data-start=\"861\" data-end=\"892\">Usage cosm\u00e9tique et bien-\u00eatre<\/p>\n<\/li>\n<\/ul>\n<p style=\"text-align: justify;\" data-start=\"894\" data-end=\"1059\"><strong data-start=\"894\" data-end=\"904\">Bilive<\/strong> s\u2019engage \u00e0 proposer des produits naturels de haute qualit\u00e9, inspir\u00e9s des bienfaits des plantes, pour un soin respectueux de la peau et de l\u2019environnement.<\/p>\n","protected":false},"excerpt":{"rendered":"<p style=\"text-align: justify;\"><strong>Distillat de Camomille : \u0645\u0642\u0637\u0631 \u0627\u0644\u0628\u0627\u0628\u0648\u0646\u062c<\/strong><br \/>\nLe distillat de camomille <strong data-start=\"150\" data-end=\"160\">Bilive<\/strong> est une eau florale naturelle obtenue par distillation de fleurs de camomille soigneusement s\u00e9lectionn\u00e9es. Reconnue pour ses propri\u00e9t\u00e9s apaisantes et adoucissantes, la camomille est id\u00e9ale pour le soin quotidien de la peau et des cheveux.<\/p>\n","protected":false},"featured_media":4683,"comment_status":"open","ping_status":"closed","template":"","meta":[],"product_brand":[],"product_cat":[75],"product_tag":[],"class_list":{"0":"post-4681","1":"product","2":"type-product","3":"status-publish","4":"has-post-thumbnail","6":"product_cat-regimes-speciaux","8":"first","9":"instock","10":"shipping-taxable","11":"purchasable","12":"product-type-simple"},"_links":{"self":[{"href":"https:\/\/bilive.ma\/index.php\/wp-json\/wp\/v2\/product\/4681","targetHints":{"allow":["GET"]}}],"collection":[{"href":"https:\/\/bilive.ma\/index.php\/wp-json\/wp\/v2\/product"}],"about":[{"href":"https:\/\/bilive.ma\/index.php\/wp-json\/wp\/v2\/types\/product"}],"replies":[{"embeddable":true,"href":"https:\/\/bilive.ma\/index.php\/wp-json\/wp\/v2\/comments?post=4681"}],"version-history":[{"count":4,"href":"https:\/\/bilive.ma\/index.php\/wp-json\/wp\/v2\/product\/4681\/revisions"}],"predecessor-version":[{"id":4684,"href":"https:\/\/bilive.ma\/index.php\/wp-json\/wp\/v2\/product\/4681\/revisions\/4684"}],"wp:featuredmedia":[{"embeddable":true,"href":"https:\/\/bilive.ma\/index.php\/wp-json\/wp\/v2\/media\/4683"}],"wp:attachment":[{"href":"https:\/\/bilive.ma\/index.php\/wp-json\/wp\/v2\/media?parent=4681"}],"wp:term":[{"taxonomy":"product_brand","embeddable":true,"href":"https:\/\/bilive.ma\/index.php\/wp-json\/wp\/v2\/product_brand?post=4681"},{"taxonomy":"product_cat","embeddable":true,"href":"https:\/\/bilive.ma\/index.php\/wp-json\/wp\/v2\/product_cat?post=4681"},{"taxonomy":"product_tag","embeddable":true,"href":"https:\/\/bilive.ma\/index.php\/wp-json\/wp\/v2\/product_tag?post=4681"}],"curies":[{"name":"wp","href":"https:\/\/api.w.org\/{rel}","templated":true}]}}