{"id":4829,"date":"2026-01-09T17:36:01","date_gmt":"2026-01-09T16:36:01","guid":{"rendered":"https:\/\/bilive.ma\/?post_type=product&#038;p=4829"},"modified":"2026-04-06T15:04:29","modified_gmt":"2026-04-06T13:04:29","slug":"amlou-aux-graines-de-courge","status":"publish","type":"product","link":"https:\/\/bilive.ma\/index.php\/product\/amlou-aux-graines-de-courge\/","title":{"rendered":"Amlou aux graines de courge"},"content":{"rendered":"<p style=\"text-align: justify;\">\u0623\u0645\u0644\u0648 \u0628\u0628\u0630\u0648\u0631 \u0627\u0644\u064a\u0642\u0637\u064a\u0646<\/p>\n<p style=\"text-align: justify;\" data-start=\"68\" data-end=\"391\">L\u2019<strong data-start=\"70\" data-end=\"109\">Amlou aux graines de courge et Miel d\u2019oranger et huile d&#8217;olive <\/strong>est un produit naturel traditionnel, pr\u00e9par\u00e9 avec soin \u00e0 partir d\u2019ingr\u00e9dients de haute qualit\u00e9. Il se distingue par sa saveur authentique et sa grande valeur nutritionnelle, gr\u00e2ce aux bienfaits des graines de courge, riches en prot\u00e9ines, fibres, min\u00e9raux et acides gras essentiels.<\/p>\n<p style=\"text-align: justify;\" data-start=\"393\" data-end=\"635\">Cet amlou est id\u00e9al pour le petit-d\u00e9jeuner ou comme collation saine. Il peut \u00eatre d\u00e9gust\u00e9 avec du pain, des cr\u00eapes ou int\u00e9gr\u00e9 \u00e0 diff\u00e9rentes recettes. Il contribue \u00e0 l\u2019apport \u00e9nerg\u00e9tique, au bien-\u00eatre digestif et \u00e0 une alimentation \u00e9quilibr\u00e9e.<\/p>\n<p style=\"text-align: justify;\" data-start=\"637\" data-end=\"772\">\u2714\ufe0f Ingr\u00e9dients 100 % naturels<br data-start=\"666\" data-end=\"669\" \/>\u2714\ufe0f Sans conservateurs ni additifs<br data-start=\"702\" data-end=\"705\" \/>\u2714\ufe0f Riche en nutriments<br data-start=\"727\" data-end=\"730\" \/>\u2714\ufe0f Go\u00fbt authentique et texture onctueuse<\/p>\n<p style=\"text-align: justify;\" data-start=\"774\" data-end=\"912\" data-is-last-node=\"\" data-is-only-node=\"\"><strong data-start=\"774\" data-end=\"794\">Marque : Bilive<\/strong><br data-start=\"794\" data-end=\"797\" \/>Bilive s\u2019engage \u00e0 proposer des produits naturels de qualit\u00e9, alliant tradition, saveur et bienfaits nutritionnels.<\/p>\n<p><img decoding=\"async\" class=\"emoji\" role=\"img\" draggable=\"false\" src=\"https:\/\/s.w.org\/images\/core\/emoji\/17.0.2\/svg\/1f4e6.svg\" alt=\"\ud83d\udce6\" \/>\u00a0<strong data-start=\"977\" data-end=\"1007\">Conseils de conservation :<\/strong><br data-start=\"1007\" data-end=\"1010\" \/>Conserver dans un endroit frais et sec. M\u00e9langer avant utilisation pour une texture homog\u00e8ne.<\/p>\n","protected":false},"excerpt":{"rendered":"<p style=\"text-align: justify;\">L\u2019<strong data-start=\"70\" data-end=\"109\">Amlou aux graines de courge <\/strong>est un produit naturel traditionnel, pr\u00e9par\u00e9 avec soin \u00e0 partir d\u2019ingr\u00e9dients de haute qualit\u00e9. Il se distingue par sa saveur authentique et sa grande valeur nutritionnelle, gr\u00e2ce aux bienfaits des graines de courge, riches en prot\u00e9ines, fibres, min\u00e9raux et acides gras essentiels.<\/p>\n","protected":false},"featured_media":4957,"comment_status":"open","ping_status":"closed","template":"","meta":[],"product_brand":[],"product_cat":[97,105],"product_tag":[],"class_list":{"0":"post-4829","1":"product","2":"type-product","3":"status-publish","4":"has-post-thumbnail","6":"product_cat-amlou","7":"product_cat-produits-du-terroir","8":"pa_poids-1kg","9":"pa_poids-250g","10":"pa_poids-500g","12":"first","13":"instock","14":"shipping-taxable","15":"purchasable","16":"product-type-variable","17":"wvs-archive-product-wrapper"},"_links":{"self":[{"href":"https:\/\/bilive.ma\/index.php\/wp-json\/wp\/v2\/product\/4829","targetHints":{"allow":["GET"]}}],"collection":[{"href":"https:\/\/bilive.ma\/index.php\/wp-json\/wp\/v2\/product"}],"about":[{"href":"https:\/\/bilive.ma\/index.php\/wp-json\/wp\/v2\/types\/product"}],"replies":[{"embeddable":true,"href":"https:\/\/bilive.ma\/index.php\/wp-json\/wp\/v2\/comments?post=4829"}],"version-history":[{"count":6,"href":"https:\/\/bilive.ma\/index.php\/wp-json\/wp\/v2\/product\/4829\/revisions"}],"predecessor-version":[{"id":5770,"href":"https:\/\/bilive.ma\/index.php\/wp-json\/wp\/v2\/product\/4829\/revisions\/5770"}],"wp:featuredmedia":[{"embeddable":true,"href":"https:\/\/bilive.ma\/index.php\/wp-json\/wp\/v2\/media\/4957"}],"wp:attachment":[{"href":"https:\/\/bilive.ma\/index.php\/wp-json\/wp\/v2\/media?parent=4829"}],"wp:term":[{"taxonomy":"product_brand","embeddable":true,"href":"https:\/\/bilive.ma\/index.php\/wp-json\/wp\/v2\/product_brand?post=4829"},{"taxonomy":"product_cat","embeddable":true,"href":"https:\/\/bilive.ma\/index.php\/wp-json\/wp\/v2\/product_cat?post=4829"},{"taxonomy":"product_tag","embeddable":true,"href":"https:\/\/bilive.ma\/index.php\/wp-json\/wp\/v2\/product_tag?post=4829"}],"curies":[{"name":"wp","href":"https:\/\/api.w.org\/{rel}","templated":true}]}}