{"id":5113,"date":"2026-02-11T11:11:23","date_gmt":"2026-02-11T10:11:23","guid":{"rendered":"https:\/\/bilive.ma\/?post_type=product&#038;p=5113"},"modified":"2026-02-14T11:05:56","modified_gmt":"2026-02-14T10:05:56","slug":"khlii-beldi-a-lhuile-confit-de-viande-marocain","status":"publish","type":"product","link":"https:\/\/bilive.ma\/index.php\/product\/khlii-beldi-a-lhuile-confit-de-viande-marocain\/","title":{"rendered":"Khlii Beldi \u00e0 l\u2019Huile \u2013 Confit de Viande Marocain"},"content":{"rendered":"<p data-start=\"184\" data-end=\"488\">D\u00e9couvrez le <strong data-start=\"197\" data-end=\"222\">Khlii Beldi \u00e0 l\u2019huile<\/strong>, une sp\u00e9cialit\u00e9 marocaine traditionnelle pr\u00e9par\u00e9e selon un savoir-faire artisanal. La viande est soigneusement assaisonn\u00e9e avec des \u00e9pices naturelles, cuite lentement puis conserv\u00e9e dans l\u2019huile afin de pr\u00e9server toute sa saveur et garantir une longue conservation.<\/p>\n<p data-start=\"490\" data-end=\"586\">Conditionn\u00e9 en <strong data-start=\"505\" data-end=\"523\">bocal en verre<\/strong>, il conserve parfaitement son go\u00fbt riche et sa texture tendre.<\/p>\n<p data-start=\"588\" data-end=\"727\">Id\u00e9al pour accompagner des \u0153ufs au petit-d\u00e9jeuner, des plats traditionnels marocains ou pour ajouter une touche authentique \u00e0 vos recettes.<\/p>\n<p data-start=\"729\" data-end=\"853\">\u2714 Recette traditionnelle<br data-start=\"753\" data-end=\"756\" \/>\u2714 Conserv\u00e9 \u00e0 l\u2019huile<br data-start=\"776\" data-end=\"779\" \/>\u2714 Saveur riche et authentique<br data-start=\"808\" data-end=\"811\" \/>\u2714 Bocal en verre<br data-start=\"827\" data-end=\"830\" \/>\u2714 Longue conservation<\/p>\n","protected":false},"excerpt":{"rendered":"<article class=\"text-token-text-primary w-full focus:outline-none [--shadow-height:45px] has-data-writing-block:pointer-events-none has-data-writing-block:-mt-(--shadow-height) has-data-writing-block:pt-(--shadow-height) [&amp;:has([data-writing-block])&gt;*]:pointer-events-auto [content-visibility:auto] supports-[content-visibility:auto]:[contain-intrinsic-size:auto_100lvh] scroll-mt-[calc(var(--header-height)+min(200px,max(70px,20svh)))]\" dir=\"auto\" tabindex=\"-1\" data-turn-id=\"request-WEB:7c8f197a-bf32-4d92-8551-72d92019751d-4\" data-testid=\"conversation-turn-10\" data-scroll-anchor=\"true\" data-turn=\"assistant\">\n<div class=\"text-base my-auto mx-auto pb-10 [--thread-content-margin:--spacing(4)] thread-sm:[--thread-content-margin:--spacing(6)] thread-lg:[--thread-content-margin:--spacing(16)] px-(--thread-content-margin)\">\n<div class=\"[--thread-content-max-width:40rem] thread-lg:[--thread-content-max-width:48rem] mx-auto max-w-(--thread-content-max-width) flex-1 group\/turn-messages focus-visible:outline-hidden relative flex w-full min-w-0 flex-col agent-turn\" tabindex=\"-1\">\n<div class=\"flex max-w-full flex-col grow\">\n<div class=\"min-h-8 text-message relative flex w-full flex-col items-end gap-2 text-start break-words whitespace-normal [.text-message+&amp;]:mt-1\" dir=\"auto\" data-message-author-role=\"assistant\" data-message-id=\"12466593-5319-474b-98a7-473f704aac06\" data-message-model-slug=\"gpt-5-1\">\n<div class=\"flex w-full flex-col gap-1 empty:hidden first:pt-[1px]\">\n<div class=\"markdown prose dark:prose-invert w-full break-words light markdown-new-styling\">\n<p data-start=\"184\" data-end=\"488\">D\u00e9couvrez le <strong data-start=\"197\" data-end=\"222\">Khlii Beldi \u00e0 l\u2019huile<\/strong>, une sp\u00e9cialit\u00e9 marocaine traditionnelle pr\u00e9par\u00e9e selon un savoir-faire artisanal. La viande est soigneusement assaisonn\u00e9e avec des \u00e9pices naturelles, cuite lentement puis conserv\u00e9e dans l\u2019huile afin de pr\u00e9server toute sa saveur et garantir une longue conservation.<\/p>\n<\/div>\n<\/div>\n<\/div>\n<\/div>\n<\/div>\n<\/div>\n<\/article>\n","protected":false},"featured_media":5116,"comment_status":"open","ping_status":"closed","template":"","meta":[],"product_brand":[],"product_cat":[108,105],"product_tag":[],"class_list":{"0":"post-5113","1":"product","2":"type-product","3":"status-publish","4":"has-post-thumbnail","6":"product_cat-khliaa","7":"product_cat-produits-du-terroir","8":"pa_poids-1kg","9":"pa_poids-250g","10":"pa_poids-500g","12":"first","13":"instock","14":"shipping-taxable","15":"purchasable","16":"product-type-variable","17":"wvs-archive-product-wrapper"},"_links":{"self":[{"href":"https:\/\/bilive.ma\/index.php\/wp-json\/wp\/v2\/product\/5113","targetHints":{"allow":["GET"]}}],"collection":[{"href":"https:\/\/bilive.ma\/index.php\/wp-json\/wp\/v2\/product"}],"about":[{"href":"https:\/\/bilive.ma\/index.php\/wp-json\/wp\/v2\/types\/product"}],"replies":[{"embeddable":true,"href":"https:\/\/bilive.ma\/index.php\/wp-json\/wp\/v2\/comments?post=5113"}],"version-history":[{"count":1,"href":"https:\/\/bilive.ma\/index.php\/wp-json\/wp\/v2\/product\/5113\/revisions"}],"predecessor-version":[{"id":5117,"href":"https:\/\/bilive.ma\/index.php\/wp-json\/wp\/v2\/product\/5113\/revisions\/5117"}],"wp:featuredmedia":[{"embeddable":true,"href":"https:\/\/bilive.ma\/index.php\/wp-json\/wp\/v2\/media\/5116"}],"wp:attachment":[{"href":"https:\/\/bilive.ma\/index.php\/wp-json\/wp\/v2\/media?parent=5113"}],"wp:term":[{"taxonomy":"product_brand","embeddable":true,"href":"https:\/\/bilive.ma\/index.php\/wp-json\/wp\/v2\/product_brand?post=5113"},{"taxonomy":"product_cat","embeddable":true,"href":"https:\/\/bilive.ma\/index.php\/wp-json\/wp\/v2\/product_cat?post=5113"},{"taxonomy":"product_tag","embeddable":true,"href":"https:\/\/bilive.ma\/index.php\/wp-json\/wp\/v2\/product_tag?post=5113"}],"curies":[{"name":"wp","href":"https:\/\/api.w.org\/{rel}","templated":true}]}}