{"id":5123,"date":"2026-02-11T11:43:49","date_gmt":"2026-02-11T10:43:49","guid":{"rendered":"https:\/\/bilive.ma\/?post_type=product&#038;p=5123"},"modified":"2026-02-14T11:14:02","modified_gmt":"2026-02-14T10:14:02","slug":"graines-de-coriandre","status":"publish","type":"product","link":"https:\/\/bilive.ma\/index.php\/product\/graines-de-coriandre\/","title":{"rendered":"Graines de Coriandre"},"content":{"rendered":"<p style=\"text-align: justify;\" data-start=\"127\" data-end=\"389\">D\u00e9couvrez nos <strong data-start=\"141\" data-end=\"176\">graines de coriandre naturelles<\/strong>, soigneusement s\u00e9lectionn\u00e9es pour leur ar\u00f4me intense et leur qualit\u00e9 sup\u00e9rieure. Indispensables dans la cuisine marocaine et m\u00e9diterran\u00e9enne, elles apportent une saveur l\u00e9g\u00e8rement citronn\u00e9e et \u00e9pic\u00e9e \u00e0 vos plats.<\/p>\n<p style=\"text-align: justify;\" data-start=\"391\" data-end=\"523\">Utilis\u00e9es enti\u00e8res ou moulues, les graines de coriandre sont parfaites pour relever viandes, poissons, sauces, marinades et tajines.<\/p>\n<h2 style=\"text-align: justify;\" data-start=\"530\" data-end=\"547\"><span style=\"font-size: 12pt;\">Points forts<\/span><\/h2>\n<ul style=\"text-align: justify;\" data-start=\"548\" data-end=\"707\">\n<li data-start=\"548\" data-end=\"567\">\n<p data-start=\"550\" data-end=\"567\">100% naturelles<\/p>\n<\/li>\n<li data-start=\"568\" data-end=\"594\">\n<p data-start=\"570\" data-end=\"594\">Ar\u00f4me frais et intense<\/p>\n<\/li>\n<li data-start=\"595\" data-end=\"645\">\n<p data-start=\"597\" data-end=\"645\">Id\u00e9ales pour cuisine traditionnelle et moderne<\/p>\n<\/li>\n<li data-start=\"646\" data-end=\"682\">\n<p data-start=\"648\" data-end=\"682\">Riches en saveur et en bienfaits<\/p>\n<\/li>\n<li data-start=\"683\" data-end=\"707\">\n<p data-start=\"685\" data-end=\"707\">Format pratique 200g<\/p>\n<\/li>\n<\/ul>\n<h2 style=\"text-align: justify;\" data-start=\"714\" data-end=\"742\"><span style=\"font-size: 12pt;\">Conseils d\u2019utilisation<\/span><\/h2>\n<ul data-start=\"743\" data-end=\"916\">\n<li style=\"text-align: justify;\" data-start=\"743\" data-end=\"781\">\n<p data-start=\"745\" data-end=\"781\">\u00c0 moudre pour lib\u00e9rer tout l\u2019ar\u00f4me<\/p>\n<\/li>\n<li style=\"text-align: justify;\" data-start=\"782\" data-end=\"824\">\n<p data-start=\"784\" data-end=\"824\">\u00c0 griller l\u00e9g\u00e8rement avant utilisation<\/p>\n<\/li>\n<li style=\"text-align: justify;\" data-start=\"825\" data-end=\"874\">\n<p data-start=\"827\" data-end=\"874\">Parfaites pour tajines, couscous et marinades<\/p>\n<\/li>\n<li data-start=\"875\" data-end=\"916\">\n<p style=\"text-align: justify;\" data-start=\"877\" data-end=\"916\">Id\u00e9ales pour m\u00e9langes d\u2019\u00e9pices maison<\/p>\n<\/li>\n<\/ul>\n","protected":false},"excerpt":{"rendered":"<p style=\"text-align: justify;\" data-start=\"127\" data-end=\"389\">D\u00e9couvrez nos <strong data-start=\"141\" data-end=\"176\">graines de coriandre naturelles<\/strong>, soigneusement s\u00e9lectionn\u00e9es pour leur ar\u00f4me intense et leur qualit\u00e9 sup\u00e9rieure. Indispensables dans la cuisine marocaine et m\u00e9diterran\u00e9enne, elles apportent une saveur l\u00e9g\u00e8rement citronn\u00e9e et \u00e9pic\u00e9e \u00e0 vos plats.<\/p>\n<p style=\"text-align: justify;\" data-start=\"391\" data-end=\"523\">Utilis\u00e9es enti\u00e8res ou moulues, les graines de coriandre sont parfaites pour relever viandes, poissons, sauces, marinades et tajines.<\/p>\n","protected":false},"featured_media":5124,"comment_status":"open","ping_status":"closed","template":"","meta":[],"product_brand":[],"product_cat":[82,105],"product_tag":[],"class_list":{"0":"post-5123","1":"product","2":"type-product","3":"status-publish","4":"has-post-thumbnail","6":"product_cat-epices-plantes-et-grains","7":"product_cat-produits-du-terroir","8":"pa_poids-100-g","9":"pa_poids-200-g","11":"first","12":"instock","13":"shipping-taxable","14":"purchasable","15":"product-type-variable","16":"wvs-archive-product-wrapper"},"_links":{"self":[{"href":"https:\/\/bilive.ma\/index.php\/wp-json\/wp\/v2\/product\/5123","targetHints":{"allow":["GET"]}}],"collection":[{"href":"https:\/\/bilive.ma\/index.php\/wp-json\/wp\/v2\/product"}],"about":[{"href":"https:\/\/bilive.ma\/index.php\/wp-json\/wp\/v2\/types\/product"}],"replies":[{"embeddable":true,"href":"https:\/\/bilive.ma\/index.php\/wp-json\/wp\/v2\/comments?post=5123"}],"version-history":[{"count":2,"href":"https:\/\/bilive.ma\/index.php\/wp-json\/wp\/v2\/product\/5123\/revisions"}],"predecessor-version":[{"id":5173,"href":"https:\/\/bilive.ma\/index.php\/wp-json\/wp\/v2\/product\/5123\/revisions\/5173"}],"wp:featuredmedia":[{"embeddable":true,"href":"https:\/\/bilive.ma\/index.php\/wp-json\/wp\/v2\/media\/5124"}],"wp:attachment":[{"href":"https:\/\/bilive.ma\/index.php\/wp-json\/wp\/v2\/media?parent=5123"}],"wp:term":[{"taxonomy":"product_brand","embeddable":true,"href":"https:\/\/bilive.ma\/index.php\/wp-json\/wp\/v2\/product_brand?post=5123"},{"taxonomy":"product_cat","embeddable":true,"href":"https:\/\/bilive.ma\/index.php\/wp-json\/wp\/v2\/product_cat?post=5123"},{"taxonomy":"product_tag","embeddable":true,"href":"https:\/\/bilive.ma\/index.php\/wp-json\/wp\/v2\/product_tag?post=5123"}],"curies":[{"name":"wp","href":"https:\/\/api.w.org\/{rel}","templated":true}]}}