{"id":5129,"date":"2026-02-11T11:55:23","date_gmt":"2026-02-11T10:55:23","guid":{"rendered":"https:\/\/bilive.ma\/?post_type=product&#038;p=5129"},"modified":"2026-02-14T11:01:58","modified_gmt":"2026-02-14T10:01:58","slug":"curcuma-en-poudre-bio","status":"publish","type":"product","link":"https:\/\/bilive.ma\/index.php\/product\/curcuma-en-poudre-bio\/","title":{"rendered":"Curcuma en poudre Bio"},"content":{"rendered":"<p style=\"text-align: justify;\" data-start=\"101\" data-end=\"354\">Apportez couleur, saveur et bienfaits \u00e0 vos plats avec notre <strong data-start=\"162\" data-end=\"194\">curcuma en poudre biologique<\/strong> soigneusement s\u00e9lectionn\u00e9. R\u00e9put\u00e9 pour ses propri\u00e9t\u00e9s antioxydantes et anti-inflammatoires, le curcuma est un incontournable de la cuisine saine et \u00e9quilibr\u00e9e.<\/p>\n<h3 style=\"text-align: justify;\" data-start=\"356\" data-end=\"383\">\ud83c\udf3f 100% Bio &amp; Naturel<\/h3>\n<p style=\"text-align: justify;\" data-start=\"384\" data-end=\"449\">Issu de l\u2019agriculture biologique, sans additifs ni conservateurs.<\/p>\n<h3 style=\"text-align: justify;\" data-start=\"451\" data-end=\"478\">\ud83c\udf5b Saveur authentique<\/h3>\n<p style=\"text-align: justify;\" data-start=\"479\" data-end=\"543\">Ar\u00f4me chaud, l\u00e9g\u00e8rement poivr\u00e9 et subtilement amer, id\u00e9al pour :<\/p>\n<ul style=\"text-align: justify;\" data-start=\"544\" data-end=\"650\">\n<li data-start=\"544\" data-end=\"571\">\n<p data-start=\"546\" data-end=\"571\">Currys et plats indiens<\/p>\n<\/li>\n<li data-start=\"572\" data-end=\"592\">\n<p data-start=\"574\" data-end=\"592\">Soupes et sauces<\/p>\n<\/li>\n<li data-start=\"593\" data-end=\"620\">\n<p data-start=\"595\" data-end=\"620\">Riz, l\u00e9gumes et viandes<\/p>\n<\/li>\n<li data-start=\"621\" data-end=\"650\">\n<p data-start=\"623\" data-end=\"650\">Smoothies et golden latte<\/p>\n<\/li>\n<\/ul>\n<h3 style=\"text-align: justify;\" data-start=\"652\" data-end=\"679\">\ud83d\udc9b Bienfaits naturels<\/h3>\n<p style=\"text-align: justify;\" data-start=\"680\" data-end=\"748\">Riche en curcumine, le curcuma est traditionnellement utilis\u00e9 pour :<\/p>\n<ul style=\"text-align: justify;\" data-start=\"749\" data-end=\"851\">\n<li data-start=\"749\" data-end=\"784\">\n<p data-start=\"751\" data-end=\"784\">Soutenir le syst\u00e8me immunitaire<\/p>\n<\/li>\n<li data-start=\"785\" data-end=\"811\">\n<p data-start=\"787\" data-end=\"811\">Favoriser la digestion<\/p>\n<\/li>\n<li data-start=\"812\" data-end=\"851\">\n<p data-start=\"814\" data-end=\"851\">Contribuer au bien-\u00eatre articulaire<\/p>\n<\/li>\n<\/ul>\n<h3 style=\"text-align: justify;\" data-start=\"853\" data-end=\"877\">\ud83d\udce6 Format pratique<\/h3>\n<p style=\"text-align: justify;\" data-start=\"878\" data-end=\"979\">Conditionn\u00e9 dans un emballage herm\u00e9tique de <strong data-start=\"922\" data-end=\"930\">200g<\/strong> pour pr\u00e9server toute sa fra\u00eecheur et ses ar\u00f4mes.<\/p>\n","protected":false},"excerpt":{"rendered":"<p style=\"text-align: justify;\" data-start=\"115\" data-end=\"422\">Apportez couleur, saveur et bienfaits \u00e0 vos plats avec notre <strong data-start=\"162\" data-end=\"194\">curcuma en poudre biologique<\/strong> soigneusement s\u00e9lectionn\u00e9. R\u00e9put\u00e9 pour ses propri\u00e9t\u00e9s antioxydantes et anti-inflammatoires, le curcuma est un incontournable de la cuisine saine et \u00e9quilibr\u00e9e.<\/p>\n","protected":false},"featured_media":5130,"comment_status":"open","ping_status":"closed","template":"","meta":[],"product_brand":[],"product_cat":[82,105],"product_tag":[],"class_list":{"0":"post-5129","1":"product","2":"type-product","3":"status-publish","4":"has-post-thumbnail","6":"product_cat-epices-plantes-et-grains","7":"product_cat-produits-du-terroir","8":"pa_poids-100-g","9":"pa_poids-200-g","11":"first","12":"instock","13":"shipping-taxable","14":"purchasable","15":"product-type-variable","16":"wvs-archive-product-wrapper"},"_links":{"self":[{"href":"https:\/\/bilive.ma\/index.php\/wp-json\/wp\/v2\/product\/5129","targetHints":{"allow":["GET"]}}],"collection":[{"href":"https:\/\/bilive.ma\/index.php\/wp-json\/wp\/v2\/product"}],"about":[{"href":"https:\/\/bilive.ma\/index.php\/wp-json\/wp\/v2\/types\/product"}],"replies":[{"embeddable":true,"href":"https:\/\/bilive.ma\/index.php\/wp-json\/wp\/v2\/comments?post=5129"}],"version-history":[{"count":3,"href":"https:\/\/bilive.ma\/index.php\/wp-json\/wp\/v2\/product\/5129\/revisions"}],"predecessor-version":[{"id":5165,"href":"https:\/\/bilive.ma\/index.php\/wp-json\/wp\/v2\/product\/5129\/revisions\/5165"}],"wp:featuredmedia":[{"embeddable":true,"href":"https:\/\/bilive.ma\/index.php\/wp-json\/wp\/v2\/media\/5130"}],"wp:attachment":[{"href":"https:\/\/bilive.ma\/index.php\/wp-json\/wp\/v2\/media?parent=5129"}],"wp:term":[{"taxonomy":"product_brand","embeddable":true,"href":"https:\/\/bilive.ma\/index.php\/wp-json\/wp\/v2\/product_brand?post=5129"},{"taxonomy":"product_cat","embeddable":true,"href":"https:\/\/bilive.ma\/index.php\/wp-json\/wp\/v2\/product_cat?post=5129"},{"taxonomy":"product_tag","embeddable":true,"href":"https:\/\/bilive.ma\/index.php\/wp-json\/wp\/v2\/product_tag?post=5129"}],"curies":[{"name":"wp","href":"https:\/\/api.w.org\/{rel}","templated":true}]}}