{"id":5132,"date":"2026-02-11T12:00:52","date_gmt":"2026-02-11T11:00:52","guid":{"rendered":"https:\/\/bilive.ma\/?post_type=product&#038;p=5132"},"modified":"2026-02-14T10:55:49","modified_gmt":"2026-02-14T09:55:49","slug":"gingembre-en-poudre-bio","status":"publish","type":"product","link":"https:\/\/bilive.ma\/index.php\/product\/gingembre-en-poudre-bio\/","title":{"rendered":"Gingembre en poudre Bio"},"content":{"rendered":"<p data-start=\"106\" data-end=\"285\">D\u00e9couvrez toute l\u2019intensit\u00e9 et la fra\u00eecheur de notre <strong data-start=\"159\" data-end=\"193\">gingembre en poudre biologique<\/strong>, un indispensable pour relever vos recettes et profiter de ses nombreux bienfaits naturels.<\/p>\n<h3 data-start=\"287\" data-end=\"314\"><span style=\"font-size: 12pt;\">100% Bio &amp; Naturel<\/span><\/h3>\n<p data-start=\"315\" data-end=\"401\">Issu de l\u2019agriculture biologique, sans additifs, sans conservateurs et sans colorants.<\/p>\n<h3 data-start=\"403\" data-end=\"441\"><span style=\"font-size: 12pt;\">Saveur intense et chaleureuse<\/span><\/h3>\n<p data-start=\"442\" data-end=\"500\">Go\u00fbt l\u00e9g\u00e8rement piquant, frais et citronn\u00e9, parfait pour :<\/p>\n<ul data-start=\"501\" data-end=\"635\">\n<li data-start=\"501\" data-end=\"534\">\n<p data-start=\"503\" data-end=\"534\">Plats asiatiques et orientaux<\/p>\n<\/li>\n<li data-start=\"535\" data-end=\"558\">\n<p data-start=\"537\" data-end=\"558\">Marinades et sauces<\/p>\n<\/li>\n<li data-start=\"559\" data-end=\"586\">\n<p data-start=\"561\" data-end=\"586\">P\u00e2tisseries et biscuits<\/p>\n<\/li>\n<li data-start=\"587\" data-end=\"608\">\n<p data-start=\"589\" data-end=\"608\">Infusions et th\u00e9s<\/p>\n<\/li>\n<li data-start=\"609\" data-end=\"635\">\n<p data-start=\"611\" data-end=\"635\">Smoothies et jus detox<\/p>\n<\/li>\n<\/ul>\n<h3 data-start=\"637\" data-end=\"664\"><span style=\"font-size: 12pt;\">Bienfaits reconnus<\/span><\/h3>\n<p data-start=\"665\" data-end=\"698\">Traditionnellement utilis\u00e9 pour :<\/p>\n<ul data-start=\"699\" data-end=\"839\">\n<li data-start=\"699\" data-end=\"725\">\n<p data-start=\"701\" data-end=\"725\">Favoriser la digestion<\/p>\n<\/li>\n<li data-start=\"726\" data-end=\"761\">\n<p data-start=\"728\" data-end=\"761\">Soutenir le syst\u00e8me immunitaire<\/p>\n<\/li>\n<li data-start=\"762\" data-end=\"792\">\n<p data-start=\"764\" data-end=\"792\">Apporter tonus et vitalit\u00e9<\/p>\n<\/li>\n<li data-start=\"793\" data-end=\"839\">\n<p data-start=\"795\" data-end=\"839\">Aider \u00e0 lutter contre la fatigue passag\u00e8re<\/p>\n<\/li>\n<\/ul>\n<h3 data-start=\"841\" data-end=\"865\"><span style=\"font-size: 12pt;\">Format pratique<\/span><\/h3>\n<p data-start=\"866\" data-end=\"957\">Conditionn\u00e9 en pot herm\u00e9tique de <strong data-start=\"899\" data-end=\"907\">200g<\/strong> pour pr\u00e9server toute sa saveur et ses propri\u00e9t\u00e9s.<\/p>\n","protected":false},"excerpt":{"rendered":"<p style=\"text-align: justify;\" data-start=\"115\" data-end=\"422\">D\u00e9couvrez toute l\u2019intensit\u00e9 et la fra\u00eecheur de notre <strong data-start=\"159\" data-end=\"193\">gingembre en poudre biologique<\/strong>, un indispensable pour relever vos recettes et profiter de ses nombreux bienfaits naturels.<\/p>\n","protected":false},"featured_media":5134,"comment_status":"open","ping_status":"closed","template":"","meta":[],"product_brand":[],"product_cat":[82,105],"product_tag":[],"class_list":{"0":"post-5132","1":"product","2":"type-product","3":"status-publish","4":"has-post-thumbnail","6":"product_cat-epices-plantes-et-grains","7":"product_cat-produits-du-terroir","8":"pa_poids-100-g","9":"pa_poids-200-g","11":"first","12":"instock","13":"shipping-taxable","14":"purchasable","15":"product-type-variable","16":"wvs-archive-product-wrapper"},"_links":{"self":[{"href":"https:\/\/bilive.ma\/index.php\/wp-json\/wp\/v2\/product\/5132","targetHints":{"allow":["GET"]}}],"collection":[{"href":"https:\/\/bilive.ma\/index.php\/wp-json\/wp\/v2\/product"}],"about":[{"href":"https:\/\/bilive.ma\/index.php\/wp-json\/wp\/v2\/types\/product"}],"replies":[{"embeddable":true,"href":"https:\/\/bilive.ma\/index.php\/wp-json\/wp\/v2\/comments?post=5132"}],"version-history":[{"count":2,"href":"https:\/\/bilive.ma\/index.php\/wp-json\/wp\/v2\/product\/5132\/revisions"}],"predecessor-version":[{"id":5162,"href":"https:\/\/bilive.ma\/index.php\/wp-json\/wp\/v2\/product\/5132\/revisions\/5162"}],"wp:featuredmedia":[{"embeddable":true,"href":"https:\/\/bilive.ma\/index.php\/wp-json\/wp\/v2\/media\/5134"}],"wp:attachment":[{"href":"https:\/\/bilive.ma\/index.php\/wp-json\/wp\/v2\/media?parent=5132"}],"wp:term":[{"taxonomy":"product_brand","embeddable":true,"href":"https:\/\/bilive.ma\/index.php\/wp-json\/wp\/v2\/product_brand?post=5132"},{"taxonomy":"product_cat","embeddable":true,"href":"https:\/\/bilive.ma\/index.php\/wp-json\/wp\/v2\/product_cat?post=5132"},{"taxonomy":"product_tag","embeddable":true,"href":"https:\/\/bilive.ma\/index.php\/wp-json\/wp\/v2\/product_tag?post=5132"}],"curies":[{"name":"wp","href":"https:\/\/api.w.org\/{rel}","templated":true}]}}