{"id":5230,"date":"2026-03-09T13:19:35","date_gmt":"2026-03-09T12:19:35","guid":{"rendered":"https:\/\/bilive.ma\/?post_type=product&#038;p=5230"},"modified":"2026-03-09T13:22:30","modified_gmt":"2026-03-09T12:22:30","slug":"croustisud-chips-pomme-de-terre-sans-sel-100g","status":"publish","type":"product","link":"https:\/\/bilive.ma\/index.php\/product\/croustisud-chips-pomme-de-terre-sans-sel-100g\/","title":{"rendered":"Croustisud Chips Pomme de Terre"},"content":{"rendered":"<p style=\"text-align: justify;\" data-start=\"170\" data-end=\"642\">Savourez le go\u00fbt authentique de la pomme de terre avec les <strong data-start=\"229\" data-end=\"265\">chips Croustisud sans sel ajout\u00e9<\/strong>. \u00c9labor\u00e9es \u00e0 partir de pommes de terre issues de l\u2019agriculture biologique et d\u2019huile de tournesol, ces chips croustillantes offrent une alternative simple et naturelle pour les amateurs de snacks. Leur recette minimaliste met en valeur la saveur originale de la pomme de terre, sans ajout de sel, pour un plaisir plus sain et \u00e9quilibr\u00e9.<\/p>\n<p style=\"text-align: justify;\" data-start=\"644\" data-end=\"915\">Parfaites pour l\u2019ap\u00e9ritif, un encas rapide ou pour accompagner vos repas, ces chips s\u00e9duisent par leur texture croquante et leur go\u00fbt authentique. Elles conviennent \u00e9galement aux personnes souhaitant r\u00e9duire leur consommation de sel tout en profitant d\u2019un snack gourmand.<\/p>\n<p style=\"text-align: justify;\" data-start=\"917\" data-end=\"939\"><strong data-start=\"917\" data-end=\"939\">Caract\u00e9ristiques :<\/strong><\/p>\n<ul style=\"text-align: justify;\" data-start=\"940\" data-end=\"1181\">\n<li data-section-id=\"1d1m57z\" data-start=\"940\" data-end=\"980\">\n<p data-start=\"942\" data-end=\"980\">Chips de pommes de terre biologiques<\/p>\n<\/li>\n<li data-section-id=\"1wvi9g1\" data-start=\"981\" data-end=\"1000\">\n<p data-start=\"983\" data-end=\"1000\">Sans sel ajout\u00e9<\/p>\n<\/li>\n<li data-section-id=\"1f9ls7o\" data-start=\"1001\" data-end=\"1035\">\n<p data-start=\"1003\" data-end=\"1035\">Sans additifs ni conservateurs<\/p>\n<\/li>\n<li data-section-id=\"1fojqsv\" data-start=\"1036\" data-end=\"1077\">\n<p data-start=\"1038\" data-end=\"1077\">Texture croustillante et go\u00fbt naturel<\/p>\n<\/li>\n<li data-section-id=\"v4sj80\" data-start=\"1078\" data-end=\"1181\">\n<p data-start=\"1080\" data-end=\"1181\">Sachet de 100 g, id\u00e9al pour le partage ou une pause gourmande<\/p>\n<\/li>\n<\/ul>\n<p style=\"text-align: justify;\" data-start=\"1183\" data-end=\"1328\"><strong data-start=\"1183\" data-end=\"1200\">Ingr\u00e9dients :<\/strong><br data-start=\"1200\" data-end=\"1203\" \/>Pommes de terre* (\u224878 %), huile de tournesol*.<br data-start=\"1249\" data-end=\"1252\" \/>*Issus de l\u2019agriculture biologique<\/p>\n","protected":false},"excerpt":{"rendered":"<p style=\"text-align: justify;\">Savourez le go\u00fbt authentique de la pomme de terre avec les <strong data-start=\"229\" data-end=\"265\">chips Croustisud sans sel ajout\u00e9<\/strong>. \u00c9labor\u00e9es \u00e0 partir de pommes de terre issues de l\u2019agriculture biologique et d\u2019huile de tournesol, ces chips croustillantes offrent une alternative simple et naturelle pour les amateurs de snacks.<\/p>\n","protected":false},"featured_media":5231,"comment_status":"open","ping_status":"closed","template":"","meta":[],"product_brand":[],"product_cat":[130],"product_tag":[],"class_list":{"0":"post-5230","1":"product","2":"type-product","3":"status-publish","4":"has-post-thumbnail","6":"product_cat-sans-sel","8":"first","9":"instock","10":"shipping-taxable","11":"purchasable","12":"product-type-simple"},"_links":{"self":[{"href":"https:\/\/bilive.ma\/index.php\/wp-json\/wp\/v2\/product\/5230","targetHints":{"allow":["GET"]}}],"collection":[{"href":"https:\/\/bilive.ma\/index.php\/wp-json\/wp\/v2\/product"}],"about":[{"href":"https:\/\/bilive.ma\/index.php\/wp-json\/wp\/v2\/types\/product"}],"replies":[{"embeddable":true,"href":"https:\/\/bilive.ma\/index.php\/wp-json\/wp\/v2\/comments?post=5230"}],"version-history":[{"count":2,"href":"https:\/\/bilive.ma\/index.php\/wp-json\/wp\/v2\/product\/5230\/revisions"}],"predecessor-version":[{"id":5233,"href":"https:\/\/bilive.ma\/index.php\/wp-json\/wp\/v2\/product\/5230\/revisions\/5233"}],"wp:featuredmedia":[{"embeddable":true,"href":"https:\/\/bilive.ma\/index.php\/wp-json\/wp\/v2\/media\/5231"}],"wp:attachment":[{"href":"https:\/\/bilive.ma\/index.php\/wp-json\/wp\/v2\/media?parent=5230"}],"wp:term":[{"taxonomy":"product_brand","embeddable":true,"href":"https:\/\/bilive.ma\/index.php\/wp-json\/wp\/v2\/product_brand?post=5230"},{"taxonomy":"product_cat","embeddable":true,"href":"https:\/\/bilive.ma\/index.php\/wp-json\/wp\/v2\/product_cat?post=5230"},{"taxonomy":"product_tag","embeddable":true,"href":"https:\/\/bilive.ma\/index.php\/wp-json\/wp\/v2\/product_tag?post=5230"}],"curies":[{"name":"wp","href":"https:\/\/api.w.org\/{rel}","templated":true}]}}