{"id":5234,"date":"2026-03-09T13:24:11","date_gmt":"2026-03-09T12:24:11","guid":{"rendered":"https:\/\/bilive.ma\/?post_type=product&#038;p=5234"},"modified":"2026-03-09T13:26:20","modified_gmt":"2026-03-09T12:26:20","slug":"le-pain-des-fleurs-tartines-craquantes-au-sarrasin","status":"publish","type":"product","link":"https:\/\/bilive.ma\/index.php\/product\/le-pain-des-fleurs-tartines-craquantes-au-sarrasin\/","title":{"rendered":"Le Pain des Fleurs Tartines Craquantes au Sarrasin"},"content":{"rendered":"<p>Les tartines craquantes Le Pain des Fleurs constituent un alli\u00e9 pr\u00e9cieux dans le cadre d\u2019un r\u00e9gime sans gluten ou pour toutes les personnes d\u00e9sireuses de limiter leur apport quotidien en gluten.<\/p>\n<p>Ces tartines craquantes sans gluten, sont constitu\u00e9es de 100% farine de sarrasin. Elles sont \u00e9labor\u00e9es sans levure, produit laitier, oeuf, mati\u00e8re grasse ou ar\u00f4me.<\/p>\n<p>Ce sont des tartines fines, l\u00e9g\u00e8rement toast\u00e9es, \u00e0 la texture tr\u00e8s croustillante.<br \/>\nINGREDIENTS: farine de sarrasin issue de l\u2019agriculture biologique<\/p>\n<p>ANALYSE NUTRITIONNELLE<br \/>\n(moyenne pour 100 g de produit)<br \/>\nValeur \u00e9nerg\u00e9tique : 1586 kJ \/ 379 kcal<br \/>\nProt\u00e9ines : 14,3 g<br \/>\nGlucides : 70,8 g<br \/>\ndont sucres : 0,6 g<br \/>\nLipides : 3,0 g<br \/>\ndont satur\u00e9s : 0,6 g<br \/>\nFibres alimentaires : 6,0 g<br \/>\nSodium : &lt; 0,005 g<br \/>\nMagn\u00e9sium : 215 mg (57% des A.J.R.*)<br \/>\nFer : 3,7 mg (26% des A.J.R.*)<br \/>\nPhosphore : 400mg (57% des A.J.R.*)<br \/>\n*A.J.R. : apports journaliers recommand\u00e9s<\/p>\n<p>Conditions de stockage : \u00e0 conserver dans un endroit sec et frais, \u00e0 l\u2019abri de la lumi\u00e8re<\/p>\n","protected":false},"excerpt":{"rendered":"<p>Tartines craquantes sans gluten au sarrasin 100% bio. Sans sel ni saccharose ajout\u00e9s. 150 g.<\/p>\n","protected":false},"featured_media":5235,"comment_status":"open","ping_status":"closed","template":"","meta":[],"product_brand":[],"product_cat":[75,76],"product_tag":[],"class_list":{"0":"post-5234","1":"product","2":"type-product","3":"status-publish","4":"has-post-thumbnail","6":"product_cat-regimes-speciaux","7":"product_cat-sans-gluten","9":"first","10":"instock","11":"shipping-taxable","12":"purchasable","13":"product-type-simple"},"_links":{"self":[{"href":"https:\/\/bilive.ma\/index.php\/wp-json\/wp\/v2\/product\/5234","targetHints":{"allow":["GET"]}}],"collection":[{"href":"https:\/\/bilive.ma\/index.php\/wp-json\/wp\/v2\/product"}],"about":[{"href":"https:\/\/bilive.ma\/index.php\/wp-json\/wp\/v2\/types\/product"}],"replies":[{"embeddable":true,"href":"https:\/\/bilive.ma\/index.php\/wp-json\/wp\/v2\/comments?post=5234"}],"version-history":[{"count":2,"href":"https:\/\/bilive.ma\/index.php\/wp-json\/wp\/v2\/product\/5234\/revisions"}],"predecessor-version":[{"id":5237,"href":"https:\/\/bilive.ma\/index.php\/wp-json\/wp\/v2\/product\/5234\/revisions\/5237"}],"wp:featuredmedia":[{"embeddable":true,"href":"https:\/\/bilive.ma\/index.php\/wp-json\/wp\/v2\/media\/5235"}],"wp:attachment":[{"href":"https:\/\/bilive.ma\/index.php\/wp-json\/wp\/v2\/media?parent=5234"}],"wp:term":[{"taxonomy":"product_brand","embeddable":true,"href":"https:\/\/bilive.ma\/index.php\/wp-json\/wp\/v2\/product_brand?post=5234"},{"taxonomy":"product_cat","embeddable":true,"href":"https:\/\/bilive.ma\/index.php\/wp-json\/wp\/v2\/product_cat?post=5234"},{"taxonomy":"product_tag","embeddable":true,"href":"https:\/\/bilive.ma\/index.php\/wp-json\/wp\/v2\/product_tag?post=5234"}],"curies":[{"name":"wp","href":"https:\/\/api.w.org\/{rel}","templated":true}]}}