{"id":5243,"date":"2026-03-25T10:07:36","date_gmt":"2026-03-25T09:07:36","guid":{"rendered":"https:\/\/bilive.ma\/?post_type=product&#038;p=5243"},"modified":"2026-03-25T11:21:42","modified_gmt":"2026-03-25T10:21:42","slug":"noix-de-cajou-naturelles-premium-250g","status":"publish","type":"product","link":"https:\/\/bilive.ma\/index.php\/product\/noix-de-cajou-naturelles-premium-250g\/","title":{"rendered":"Noix de Cajou Naturelles Premium \u2013 250g"},"content":{"rendered":"<p style=\"text-align: justify;\" data-start=\"217\" data-end=\"472\">Savourez la qualit\u00e9 exceptionnelle de nos noix de cajou naturelles, soigneusement s\u00e9lectionn\u00e9es pour leur go\u00fbt riche et leur texture croquante. Id\u00e9ales pour une collation saine, elles apportent une source naturelle de prot\u00e9ines, de fibres et de bons gras.<\/p>\n<p style=\"text-align: justify;\" data-start=\"474\" data-end=\"577\">Conditionn\u00e9es dans un sachet refermable pratique, elles conservent toute leur fra\u00eecheur et leur saveur.<\/p>\n<h4 style=\"text-align: justify;\" data-start=\"579\" data-end=\"611\"><span role=\"text\">\u2714\ufe0f <strong data-start=\"587\" data-end=\"609\">Caract\u00e9ristiques :<\/strong><\/span><\/h4>\n<ul style=\"text-align: justify;\" data-start=\"612\" data-end=\"768\">\n<li data-section-id=\"1ecf743\" data-start=\"612\" data-end=\"628\">Poids : 250g<\/li>\n<li data-section-id=\"1bjl0nk\" data-start=\"629\" data-end=\"662\">100% noix de cajou naturelles<\/li>\n<li data-section-id=\"1f9ls7o\" data-start=\"663\" data-end=\"697\">Sans additifs ni conservateurs<\/li>\n<li data-section-id=\"1uiv162\" data-start=\"698\" data-end=\"732\">Riche en nutriments essentiels<\/li>\n<li data-section-id=\"1148hk6\" data-start=\"733\" data-end=\"768\">Emballage herm\u00e9tique refermable<\/li>\n<\/ul>\n<h4 style=\"text-align: justify;\" data-start=\"770\" data-end=\"808\"><span role=\"text\">\ud83d\udca1 <strong data-start=\"778\" data-end=\"806\">Conseils d\u2019utilisation :<\/strong><\/span><\/h4>\n<p style=\"text-align: justify;\" data-start=\"809\" data-end=\"921\">\u00c0 d\u00e9guster telles quelles, en ap\u00e9ritif, ou \u00e0 incorporer dans vos recettes (salades, plats asiatiques, desserts).<\/p>\n","protected":false},"excerpt":{"rendered":"<p>Savourez la qualit\u00e9 exceptionnelle de nos noix de cajou naturelles, soigneusement s\u00e9lectionn\u00e9es pour leur go\u00fbt riche et leur texture croquante. Id\u00e9ales pour une collation saine, elles apportent une source naturelle de prot\u00e9ines, de fibres et de bons gras.<\/p>\n","protected":false},"featured_media":5244,"comment_status":"open","ping_status":"closed","template":"","meta":[],"product_brand":[],"product_cat":[107,105],"product_tag":[],"class_list":{"0":"post-5243","1":"product","2":"type-product","3":"status-publish","4":"has-post-thumbnail","6":"product_cat-fruits-secs","7":"product_cat-produits-du-terroir","9":"first","10":"instock","11":"shipping-taxable","12":"purchasable","13":"product-type-simple"},"_links":{"self":[{"href":"https:\/\/bilive.ma\/index.php\/wp-json\/wp\/v2\/product\/5243","targetHints":{"allow":["GET"]}}],"collection":[{"href":"https:\/\/bilive.ma\/index.php\/wp-json\/wp\/v2\/product"}],"about":[{"href":"https:\/\/bilive.ma\/index.php\/wp-json\/wp\/v2\/types\/product"}],"replies":[{"embeddable":true,"href":"https:\/\/bilive.ma\/index.php\/wp-json\/wp\/v2\/comments?post=5243"}],"version-history":[{"count":1,"href":"https:\/\/bilive.ma\/index.php\/wp-json\/wp\/v2\/product\/5243\/revisions"}],"predecessor-version":[{"id":5245,"href":"https:\/\/bilive.ma\/index.php\/wp-json\/wp\/v2\/product\/5243\/revisions\/5245"}],"wp:featuredmedia":[{"embeddable":true,"href":"https:\/\/bilive.ma\/index.php\/wp-json\/wp\/v2\/media\/5244"}],"wp:attachment":[{"href":"https:\/\/bilive.ma\/index.php\/wp-json\/wp\/v2\/media?parent=5243"}],"wp:term":[{"taxonomy":"product_brand","embeddable":true,"href":"https:\/\/bilive.ma\/index.php\/wp-json\/wp\/v2\/product_brand?post=5243"},{"taxonomy":"product_cat","embeddable":true,"href":"https:\/\/bilive.ma\/index.php\/wp-json\/wp\/v2\/product_cat?post=5243"},{"taxonomy":"product_tag","embeddable":true,"href":"https:\/\/bilive.ma\/index.php\/wp-json\/wp\/v2\/product_tag?post=5243"}],"curies":[{"name":"wp","href":"https:\/\/api.w.org\/{rel}","templated":true}]}}