{"id":5247,"date":"2026-03-25T10:12:56","date_gmt":"2026-03-25T09:12:56","guid":{"rendered":"https:\/\/bilive.ma\/?post_type=product&#038;p=5247"},"modified":"2026-04-06T14:45:46","modified_gmt":"2026-04-06T12:45:46","slug":"propolis-de-daghmous-akbar-naturelle-puissant-antibacterien-10g","status":"publish","type":"product","link":"https:\/\/bilive.ma\/index.php\/product\/propolis-de-daghmous-akbar-naturelle-puissant-antibacterien-10g\/","title":{"rendered":"Propolis de Daghmous (Akbar) Naturelle \u2013 Puissant Antibact\u00e9rien 10g"},"content":{"rendered":"<p style=\"text-align: justify;\" data-start=\"228\" data-end=\"505\">La <strong data-start=\"231\" data-end=\"263\">propolis de daghmous (Akbar)<\/strong> est une r\u00e9sine naturelle puissante produite par les abeilles \u00e0 partir de la plante \u00e9pineuse <em data-start=\"356\" data-end=\"367\">Euphorbia<\/em>. Reconnue pour ses propri\u00e9t\u00e9s exceptionnelles, elle agit comme un antibiotique naturel, un anti-inflammatoire et un antioxydant puissant.<\/p>\n<p style=\"text-align: justify;\" data-start=\"507\" data-end=\"803\">Tr\u00e8s utilis\u00e9e en m\u00e9decine traditionnelle, elle contribue \u00e0 renforcer le syst\u00e8me immunitaire et \u00e0 lutter contre plusieurs troubles, notamment respiratoires et digestifs. Sa couleur fonc\u00e9e t\u00e9moigne de sa forte concentration en principes actifs, surtout lorsqu\u2019elle est associ\u00e9e au miel de daghmous.<\/p>\n<h3 style=\"text-align: justify;\" data-section-id=\"1991od\" data-start=\"810\" data-end=\"845\"><span role=\"text\">\u00a0<strong data-start=\"817\" data-end=\"843\">Bienfaits principaux :<\/strong><\/span><\/h3>\n<ul style=\"text-align: justify;\" data-start=\"846\" data-end=\"1323\">\n<li data-section-id=\"1e5isnv\" data-start=\"846\" data-end=\"927\"><strong data-start=\"848\" data-end=\"871\">Renforce l\u2019immunit\u00e9<\/strong> : aide l\u2019organisme \u00e0 lutter contre virus et bact\u00e9ries<\/li>\n<li data-section-id=\"10iua6v\" data-start=\"928\" data-end=\"1030\"><strong data-start=\"930\" data-end=\"949\">Sant\u00e9 digestive<\/strong> : efficace contre les troubles gastriques et la bact\u00e9rie <em data-start=\"1007\" data-end=\"1028\">Helicobacter pylori<\/em><\/li>\n<li data-section-id=\"136gibc\" data-start=\"1031\" data-end=\"1125\"><strong data-start=\"1033\" data-end=\"1057\">Soutien respiratoire<\/strong> : apaise les inflammations de la gorge et des voies respiratoires<\/li>\n<li data-section-id=\"1t3s4l\" data-start=\"1126\" data-end=\"1219\"><strong data-start=\"1128\" data-end=\"1145\">Cicatrisation<\/strong> : favorise la r\u00e9g\u00e9n\u00e9ration des tissus et la gu\u00e9rison des petites plaies<\/li>\n<li data-section-id=\"tl4gex\" data-start=\"1220\" data-end=\"1323\"><strong data-start=\"1222\" data-end=\"1246\">Antioxydant puissant<\/strong> : prot\u00e8ge contre les radicaux libres et soutient la sant\u00e9 cardiovasculaire<\/li>\n<\/ul>\n<h3 style=\"text-align: justify;\" data-section-id=\"19d5z31\" data-start=\"1330\" data-end=\"1363\"><span role=\"text\">\u00a0Mode d\u2019utilisation :<\/span><\/h3>\n<ul style=\"text-align: justify;\" data-start=\"1364\" data-end=\"1453\">\n<li data-section-id=\"1hay0m3\" data-start=\"1364\" data-end=\"1391\">\u00c0 consommer directement<\/li>\n<li data-section-id=\"1i41pde\" data-start=\"1392\" data-end=\"1419\">\u00c0 m\u00e9langer avec du miel<\/li>\n<\/ul>\n<h3 style=\"text-align: justify;\" data-section-id=\"1mg5j1c\" data-start=\"1460\" data-end=\"1486\"><span role=\"text\">Pr\u00e9cautions :<\/span><\/h3>\n<ul data-start=\"1487\" data-end=\"1637\">\n<li style=\"text-align: justify;\" data-section-id=\"131m7z5\" data-start=\"1487\" data-end=\"1553\">D\u00e9conseill\u00e9 aux personnes allergiques aux produits de la ruche<\/li>\n<li style=\"text-align: justify;\" data-section-id=\"1l32azn\" data-start=\"1554\" data-end=\"1637\">Consulter un m\u00e9decin avant utilisation pour les femmes enceintes ou allaitantes<\/li>\n<\/ul>\n","protected":false},"excerpt":{"rendered":"<p style=\"text-align: justify;\">La <strong data-start=\"231\" data-end=\"263\">propolis de daghmous (Akbar)<\/strong> est une r\u00e9sine naturelle puissante produite par les abeilles \u00e0 partir de la plante \u00e9pineuse <em data-start=\"356\" data-end=\"367\">Euphorbia<\/em>. Reconnue pour ses propri\u00e9t\u00e9s exceptionnelles, elle agit comme un antibiotique naturel, un anti-inflammatoire et un antioxydant puissant.<\/p>\n","protected":false},"featured_media":5248,"comment_status":"open","ping_status":"closed","template":"","meta":[],"product_brand":[],"product_cat":[81,105],"product_tag":[],"class_list":{"0":"post-5247","1":"product","2":"type-product","3":"status-publish","4":"has-post-thumbnail","6":"product_cat-miels","7":"product_cat-produits-du-terroir","9":"first","10":"instock","11":"shipping-taxable","12":"purchasable","13":"product-type-simple"},"_links":{"self":[{"href":"https:\/\/bilive.ma\/index.php\/wp-json\/wp\/v2\/product\/5247","targetHints":{"allow":["GET"]}}],"collection":[{"href":"https:\/\/bilive.ma\/index.php\/wp-json\/wp\/v2\/product"}],"about":[{"href":"https:\/\/bilive.ma\/index.php\/wp-json\/wp\/v2\/types\/product"}],"replies":[{"embeddable":true,"href":"https:\/\/bilive.ma\/index.php\/wp-json\/wp\/v2\/comments?post=5247"}],"version-history":[{"count":3,"href":"https:\/\/bilive.ma\/index.php\/wp-json\/wp\/v2\/product\/5247\/revisions"}],"predecessor-version":[{"id":5759,"href":"https:\/\/bilive.ma\/index.php\/wp-json\/wp\/v2\/product\/5247\/revisions\/5759"}],"wp:featuredmedia":[{"embeddable":true,"href":"https:\/\/bilive.ma\/index.php\/wp-json\/wp\/v2\/media\/5248"}],"wp:attachment":[{"href":"https:\/\/bilive.ma\/index.php\/wp-json\/wp\/v2\/media?parent=5247"}],"wp:term":[{"taxonomy":"product_brand","embeddable":true,"href":"https:\/\/bilive.ma\/index.php\/wp-json\/wp\/v2\/product_brand?post=5247"},{"taxonomy":"product_cat","embeddable":true,"href":"https:\/\/bilive.ma\/index.php\/wp-json\/wp\/v2\/product_cat?post=5247"},{"taxonomy":"product_tag","embeddable":true,"href":"https:\/\/bilive.ma\/index.php\/wp-json\/wp\/v2\/product_tag?post=5247"}],"curies":[{"name":"wp","href":"https:\/\/api.w.org\/{rel}","templated":true}]}}