{"id":5251,"date":"2026-03-25T10:18:06","date_gmt":"2026-03-25T09:18:06","guid":{"rendered":"https:\/\/bilive.ma\/?post_type=product&#038;p=5251"},"modified":"2026-04-06T14:56:58","modified_gmt":"2026-04-06T12:56:58","slug":"amlou-aux-amandes-miel-doranger-avec-huile-dargan","status":"publish","type":"product","link":"https:\/\/bilive.ma\/index.php\/product\/amlou-aux-amandes-miel-doranger-avec-huile-dargan\/","title":{"rendered":"Amlou aux Amandes &#038; Miel d\u2019Oranger avec huile d&#8217;argan"},"content":{"rendered":"<p style=\"text-align: justify;\" data-start=\"218\" data-end=\"502\">D\u00e9couvrez l\u2019authenticit\u00e9 du <strong data-start=\"246\" data-end=\"255\">Amlou<\/strong>, une d\u00e9licieuse sp\u00e9cialit\u00e9 marocaine pr\u00e9par\u00e9e \u00e0 base d\u2019amandes finement broy\u00e9es, d\u2019huile d\u2019argan et de miel d\u2019oranger. Ce m\u00e9lange savoureux offre une texture onctueuse et un go\u00fbt riche, parfait pour les amateurs de produits naturels et gourmands.<\/p>\n<p style=\"text-align: justify;\" data-start=\"504\" data-end=\"643\">Id\u00e9al au petit-d\u00e9jeuner ou en collation, l\u2019Amlou est une excellente source d\u2019\u00e9nergie gr\u00e2ce \u00e0 ses ingr\u00e9dients naturels riches en nutriments.<\/p>\n<h3 data-section-id=\"128n9db\" data-start=\"650\" data-end=\"681\"><span role=\"text\"><strong data-start=\"657\" data-end=\"679\">Caract\u00e9ristiques :<\/strong><\/span><\/h3>\n<ul data-start=\"682\" data-end=\"879\">\n<li data-section-id=\"1xmwng\" data-start=\"682\" data-end=\"715\">Produit traditionnel marocain<\/li>\n<li data-section-id=\"1diyfe8\" data-start=\"716\" data-end=\"772\">Ingr\u00e9dients : amandes, huile d\u2019argan, miel d\u2019oranger<\/li>\n<li data-section-id=\"43c9vu\" data-start=\"773\" data-end=\"808\">Texture : cr\u00e9meuse et onctueuse<\/li>\n<li data-section-id=\"tay0ui\" data-start=\"809\" data-end=\"840\">100% naturel, sans additifs<\/li>\n<li data-section-id=\"kxbtan\" data-start=\"841\" data-end=\"879\">Riche en vitamines et bons lipides<\/li>\n<\/ul>\n<h3 data-section-id=\"cubjr0\" data-start=\"886\" data-end=\"923\"><span role=\"text\"><strong data-start=\"893\" data-end=\"921\">Conseils d\u2019utilisation :<\/strong><\/span><\/h3>\n<p data-start=\"924\" data-end=\"1042\">\u00c0 d\u00e9guster sur du pain, des cr\u00eapes ou des pancakes, ou \u00e0 consommer directement \u00e0 la cuill\u00e8re pour un plaisir gourmand.<\/p>\n<h3 data-section-id=\"1a1bpxa\" data-start=\"1049\" data-end=\"1076\"><span role=\"text\"><strong data-start=\"1056\" data-end=\"1074\">Conservation :<\/strong><\/span><\/h3>\n<p data-start=\"1077\" data-end=\"1181\">Conserver dans un endroit frais et sec. M\u00e9langer avant utilisation si une s\u00e9paration naturelle appara\u00eet.<\/p>\n","protected":false},"excerpt":{"rendered":"<p style=\"text-align: justify;\" data-start=\"218\" data-end=\"502\">D\u00e9couvrez l\u2019authenticit\u00e9 du <strong data-start=\"246\" data-end=\"255\">Amlou<\/strong>, une d\u00e9licieuse sp\u00e9cialit\u00e9 marocaine pr\u00e9par\u00e9e \u00e0 base d\u2019amandes finement broy\u00e9es, d\u2019huile d\u2019argan et de miel d\u2019oranger. Ce m\u00e9lange savoureux offre une texture onctueuse et un go\u00fbt riche, parfait pour les amateurs de produits naturels et gourmands.<\/p>\n","protected":false},"featured_media":5252,"comment_status":"open","ping_status":"closed","template":"","meta":[],"product_brand":[],"product_cat":[97,105],"product_tag":[],"class_list":{"0":"post-5251","1":"product","2":"type-product","3":"status-publish","4":"has-post-thumbnail","6":"product_cat-amlou","7":"product_cat-produits-du-terroir","8":"pa_poids-250g","9":"pa_poids-500g","11":"first","12":"instock","13":"shipping-taxable","14":"purchasable","15":"product-type-variable","16":"wvs-archive-product-wrapper"},"_links":{"self":[{"href":"https:\/\/bilive.ma\/index.php\/wp-json\/wp\/v2\/product\/5251","targetHints":{"allow":["GET"]}}],"collection":[{"href":"https:\/\/bilive.ma\/index.php\/wp-json\/wp\/v2\/product"}],"about":[{"href":"https:\/\/bilive.ma\/index.php\/wp-json\/wp\/v2\/types\/product"}],"replies":[{"embeddable":true,"href":"https:\/\/bilive.ma\/index.php\/wp-json\/wp\/v2\/comments?post=5251"}],"version-history":[{"count":3,"href":"https:\/\/bilive.ma\/index.php\/wp-json\/wp\/v2\/product\/5251\/revisions"}],"predecessor-version":[{"id":5254,"href":"https:\/\/bilive.ma\/index.php\/wp-json\/wp\/v2\/product\/5251\/revisions\/5254"}],"wp:featuredmedia":[{"embeddable":true,"href":"https:\/\/bilive.ma\/index.php\/wp-json\/wp\/v2\/media\/5252"}],"wp:attachment":[{"href":"https:\/\/bilive.ma\/index.php\/wp-json\/wp\/v2\/media?parent=5251"}],"wp:term":[{"taxonomy":"product_brand","embeddable":true,"href":"https:\/\/bilive.ma\/index.php\/wp-json\/wp\/v2\/product_brand?post=5251"},{"taxonomy":"product_cat","embeddable":true,"href":"https:\/\/bilive.ma\/index.php\/wp-json\/wp\/v2\/product_cat?post=5251"},{"taxonomy":"product_tag","embeddable":true,"href":"https:\/\/bilive.ma\/index.php\/wp-json\/wp\/v2\/product_tag?post=5251"}],"curies":[{"name":"wp","href":"https:\/\/api.w.org\/{rel}","templated":true}]}}