{"id":5258,"date":"2026-03-25T10:26:19","date_gmt":"2026-03-25T09:26:19","guid":{"rendered":"https:\/\/bilive.ma\/?post_type=product&#038;p=5258"},"modified":"2026-04-06T14:57:51","modified_gmt":"2026-04-06T12:57:51","slug":"amlou-aux-amandes-locales-bio-huile-dargan-miel-doranger","status":"publish","type":"product","link":"https:\/\/bilive.ma\/index.php\/product\/amlou-aux-amandes-locales-bio-huile-dargan-miel-doranger\/","title":{"rendered":"Amlou aux Amandes Locales Bio \u2013 Huile d\u2019Argan &#038; Miel d\u2019Oranger"},"content":{"rendered":"<p style=\"text-align: justify;\" data-start=\"261\" data-end=\"516\">Savourez l\u2019authenticit\u00e9 marocaine avec cet <strong data-start=\"304\" data-end=\"337\">Amlou aux amandes locales Bio<\/strong> de <span class=\"hover:entity-accent entity-underline inline cursor-pointer align-baseline\"><span class=\"whitespace-normal\">Bilive<\/span><\/span>. Une p\u00e2te traditionnelle riche et onctueuse, pr\u00e9par\u00e9e selon un savoir-faire artisanal, alliant des ingr\u00e9dients naturels de haute qualit\u00e9.<\/p>\n<p style=\"text-align: justify;\" data-start=\"518\" data-end=\"556\">\u2728 <strong data-start=\"520\" data-end=\"554\">Caract\u00e9ristiques principales :<\/strong><\/p>\n<ul style=\"text-align: justify;\" data-start=\"557\" data-end=\"780\">\n<li data-section-id=\"1exdmnx\" data-start=\"557\" data-end=\"607\">\ud83c\udf3f Produit 100% naturel et certifi\u00e9 biologique<\/li>\n<li data-section-id=\"u4qaaj\" data-start=\"608\" data-end=\"658\">\ud83c\udf30 Amandes locales soigneusement s\u00e9lectionn\u00e9es<\/li>\n<li data-section-id=\"1xlvd10\" data-start=\"659\" data-end=\"695\">\ud83e\uded2 Enrichi en huile d\u2019argan pure<\/li>\n<li data-section-id=\"1b0tjcl\" data-start=\"696\" data-end=\"743\">\ud83c\udf6f Subtilement sucr\u00e9 avec du miel d\u2019oranger<\/li>\n<li data-section-id=\"ynn9p4\" data-start=\"744\" data-end=\"780\">\u274c Sans conservateurs ni additifs<\/li>\n<\/ul>\n<p style=\"text-align: justify;\" data-start=\"782\" data-end=\"946\">\ud83d\ude0b <strong data-start=\"785\" data-end=\"810\">Un go\u00fbt authentique :<\/strong><br data-start=\"810\" data-end=\"813\" \/>Cette recette traditionnelle marocaine offre une texture cr\u00e9meuse et un go\u00fbt riche, parfait pour les amateurs de produits du terroir.<\/p>\n<p style=\"text-align: justify;\" data-start=\"948\" data-end=\"978\">\ud83e\udd5e <strong data-start=\"951\" data-end=\"976\">Id\u00e9es d\u2019utilisation :<\/strong><\/p>\n<ul style=\"text-align: justify;\" data-start=\"979\" data-end=\"1112\">\n<li data-section-id=\"s69rzq\" data-start=\"979\" data-end=\"1024\">\u00c0 tartiner sur du pain, msemen ou baghrir<\/li>\n<li data-section-id=\"8iay3m\" data-start=\"1025\" data-end=\"1068\">En accompagnement de cr\u00eapes et pancakes<\/li>\n<li data-section-id=\"1vzzo9z\" data-start=\"1069\" data-end=\"1112\">Pour enrichir vos desserts et smoothies<\/li>\n<\/ul>\n<p style=\"text-align: justify;\" data-start=\"1114\" data-end=\"1147\">\ud83d\udce6 <strong data-start=\"1117\" data-end=\"1145\">Informations pratiques :<\/strong><\/p>\n<ul data-start=\"1148\" data-end=\"1297\">\n<li style=\"text-align: justify;\" data-section-id=\"jj3uda\" data-start=\"1148\" data-end=\"1168\">Poids net : 500g<\/li>\n<li style=\"text-align: justify;\" data-section-id=\"1ndkk8v\" data-start=\"1169\" data-end=\"1228\">Conservation : \u00e0 conserver dans un endroit frais et sec<\/li>\n<li style=\"text-align: justify;\" data-section-id=\"4g04xg\" data-start=\"1229\" data-end=\"1297\">Astuce : m\u00e9langer avant utilisation pour homog\u00e9n\u00e9iser la texture<\/li>\n<\/ul>\n","protected":false},"excerpt":{"rendered":"<p style=\"text-align: justify;\">Savourez l\u2019authenticit\u00e9 marocaine avec cet <strong data-start=\"304\" data-end=\"337\">Amlou aux amandes locales Bio<\/strong> de <span class=\"hover:entity-accent entity-underline inline cursor-pointer align-baseline\"><span class=\"whitespace-normal\">Bilive<\/span><\/span>. Une p\u00e2te traditionnelle riche et onctueuse, pr\u00e9par\u00e9e selon un savoir-faire artisanal, alliant des ingr\u00e9dients naturels de haute qualit\u00e9.<\/p>\n","protected":false},"featured_media":5259,"comment_status":"open","ping_status":"closed","template":"","meta":[],"product_brand":[],"product_cat":[97,105],"product_tag":[],"class_list":{"0":"post-5258","1":"product","2":"type-product","3":"status-publish","4":"has-post-thumbnail","6":"product_cat-amlou","7":"product_cat-produits-du-terroir","8":"pa_poids-250g","9":"pa_poids-500g","11":"first","12":"instock","13":"shipping-taxable","14":"purchasable","15":"product-type-variable","16":"wvs-archive-product-wrapper"},"_links":{"self":[{"href":"https:\/\/bilive.ma\/index.php\/wp-json\/wp\/v2\/product\/5258","targetHints":{"allow":["GET"]}}],"collection":[{"href":"https:\/\/bilive.ma\/index.php\/wp-json\/wp\/v2\/product"}],"about":[{"href":"https:\/\/bilive.ma\/index.php\/wp-json\/wp\/v2\/types\/product"}],"replies":[{"embeddable":true,"href":"https:\/\/bilive.ma\/index.php\/wp-json\/wp\/v2\/comments?post=5258"}],"version-history":[{"count":3,"href":"https:\/\/bilive.ma\/index.php\/wp-json\/wp\/v2\/product\/5258\/revisions"}],"predecessor-version":[{"id":5542,"href":"https:\/\/bilive.ma\/index.php\/wp-json\/wp\/v2\/product\/5258\/revisions\/5542"}],"wp:featuredmedia":[{"embeddable":true,"href":"https:\/\/bilive.ma\/index.php\/wp-json\/wp\/v2\/media\/5259"}],"wp:attachment":[{"href":"https:\/\/bilive.ma\/index.php\/wp-json\/wp\/v2\/media?parent=5258"}],"wp:term":[{"taxonomy":"product_brand","embeddable":true,"href":"https:\/\/bilive.ma\/index.php\/wp-json\/wp\/v2\/product_brand?post=5258"},{"taxonomy":"product_cat","embeddable":true,"href":"https:\/\/bilive.ma\/index.php\/wp-json\/wp\/v2\/product_cat?post=5258"},{"taxonomy":"product_tag","embeddable":true,"href":"https:\/\/bilive.ma\/index.php\/wp-json\/wp\/v2\/product_tag?post=5258"}],"curies":[{"name":"wp","href":"https:\/\/api.w.org\/{rel}","templated":true}]}}