{"id":5264,"date":"2026-03-25T10:54:15","date_gmt":"2026-03-25T09:54:15","guid":{"rendered":"https:\/\/bilive.ma\/?post_type=product&#038;p=5264"},"modified":"2026-04-06T15:01:07","modified_gmt":"2026-04-06T13:01:07","slug":"amlou-aux-cacahuetes-miel-dorange-et-huile-dolive","status":"publish","type":"product","link":"https:\/\/bilive.ma\/index.php\/product\/amlou-aux-cacahuetes-miel-dorange-et-huile-dolive\/","title":{"rendered":"Amlou aux cacahu\u00e8tes, miel d\u2019orange et huile d\u2019olive"},"content":{"rendered":"<div class=\"relative basis-auto flex-col -mb-(--composer-overlap-px) pb-(--composer-overlap-px) [--composer-overlap-px:28px] grow flex\">\n<div class=\"flex flex-col text-sm pb-25\">\n<section class=\"text-token-text-primary w-full focus:outline-none [--shadow-height:45px] has-data-writing-block:pointer-events-none has-data-writing-block:-mt-(--shadow-height) has-data-writing-block:pt-(--shadow-height) [&amp;:has([data-writing-block])&gt;*]:pointer-events-auto scroll-mt-[calc(var(--header-height)+min(200px,max(70px,20svh)))]\" dir=\"auto\" data-turn-id=\"request-WEB:fc3b47d9-3d16-490a-bed8-ceab681e9c75-1\" data-testid=\"conversation-turn-4\" data-scroll-anchor=\"true\" data-turn=\"assistant\">\n<div class=\"text-base my-auto mx-auto pb-10 [--thread-content-margin:var(--thread-content-margin-xs,calc(var(--spacing)*4))] @w-sm\/main:[--thread-content-margin:var(--thread-content-margin-sm,calc(var(--spacing)*6))] @w-lg\/main:[--thread-content-margin:var(--thread-content-margin-lg,calc(var(--spacing)*16))] px-(--thread-content-margin)\">\n<div class=\"[--thread-content-max-width:40rem] @w-lg\/main:[--thread-content-max-width:48rem] mx-auto max-w-(--thread-content-max-width) flex-1 group\/turn-messages focus-visible:outline-hidden relative flex w-full min-w-0 flex-col agent-turn\">\n<div class=\"flex max-w-full flex-col gap-4 grow\">\n<div class=\"min-h-8 text-message relative flex w-full flex-col items-end gap-2 text-start break-words whitespace-normal outline-none keyboard-focused:focus-ring [.text-message+&amp;]:mt-1\" dir=\"auto\" tabindex=\"0\" data-message-author-role=\"assistant\" data-message-id=\"cd28db0f-0a9d-40cf-b510-6faf00941ef7\" data-message-model-slug=\"gpt-5-3\" data-turn-start-message=\"true\">\n<div class=\"flex w-full flex-col gap-1 empty:hidden\">\n<div class=\"markdown prose dark:prose-invert w-full wrap-break-word light markdown-new-styling\">\n<p style=\"text-align: justify;\" data-start=\"362\" data-end=\"547\">D\u00e9couvrez l\u2019<strong data-start=\"374\" data-end=\"437\">Amlou aux Cacahu\u00e8tes, Miel d\u2019Orange et huile d&#8217;olive de BiLive<\/strong>, une sp\u00e9cialit\u00e9 inspir\u00e9e de la tradition marocaine revisit\u00e9e avec des ingr\u00e9dients soigneusement s\u00e9lectionn\u00e9s.<\/p>\n<p style=\"text-align: justify;\" data-start=\"549\" data-end=\"830\">Cette p\u00e2te onctueuse est \u00e9labor\u00e9e \u00e0 partir de cacahu\u00e8tes de qualit\u00e9, finement broy\u00e9es, associ\u00e9es \u00e0 du miel naturel, une alternative savoureuse \u00e0 l\u2019amlou classique, offrant un go\u00fbt doux, l\u00e9g\u00e8rement sucr\u00e9 et subtilement parfum\u00e9.<\/p>\n<p style=\"text-align: justify;\" data-start=\"832\" data-end=\"1001\">\u2705 <strong data-start=\"834\" data-end=\"870\">Recette artisanale<\/strong><br data-start=\"870\" data-end=\"873\" \/>\u2705 <strong data-start=\"875\" data-end=\"917\">Riche en \u00e9nergie et en bons nutriments<\/strong><br data-start=\"917\" data-end=\"920\" \/>\u2705 <strong data-start=\"922\" data-end=\"956\">Sans additifs ni conservateurs<\/strong><br data-start=\"956\" data-end=\"959\" \/>\u2705 <strong data-start=\"961\" data-end=\"1001\">Texture cr\u00e9meuse et go\u00fbt authentique<\/strong><\/p>\n<p style=\"text-align: justify;\" data-start=\"1003\" data-end=\"1024\">\ud83d\udca1 <strong data-start=\"1006\" data-end=\"1022\">Id\u00e9al pour :<\/strong><\/p>\n<ul style=\"text-align: justify;\" data-start=\"1025\" data-end=\"1155\">\n<li data-section-id=\"1s1zpny\" data-start=\"1025\" data-end=\"1067\">Tartiner sur du pain, msemen ou cr\u00eapes<\/li>\n<li data-section-id=\"t8mxoj\" data-start=\"1068\" data-end=\"1115\">Accompagner vos petits-d\u00e9jeuners et go\u00fbters<\/li>\n<li data-section-id=\"ec9a92\" data-start=\"1116\" data-end=\"1155\">Ajouter \u00e0 vos desserts ou smoothies<\/li>\n<\/ul>\n<p style=\"text-align: justify;\" data-start=\"1157\" data-end=\"1281\">\ud83e\udd44 <strong data-start=\"1160\" data-end=\"1188\">Conseils d\u2019utilisation :<\/strong><br data-start=\"1188\" data-end=\"1191\" \/>M\u00e9langer avant utilisation. \u00c0 consommer selon vos envies, en tartine ou en accompagnement.<\/p>\n<p style=\"text-align: justify;\" data-start=\"1283\" data-end=\"1384\">\ud83d\udce6 <strong data-start=\"1286\" data-end=\"1307\">Conditionnement :<\/strong><br data-start=\"1307\" data-end=\"1310\" \/>Bocal en verre herm\u00e9tique pour pr\u00e9server toute la fra\u00eecheur et les ar\u00f4mes.<\/p>\n<\/div>\n<\/div>\n<\/div>\n<\/div>\n<\/div>\n<\/div>\n<\/section>\n<\/div>\n<\/div>\n","protected":false},"excerpt":{"rendered":"<p style=\"text-align: justify;\" data-start=\"200\" data-end=\"321\">Une version gourmande de l\u2019amlou \u00e0 base de cacahu\u00e8tes, miel naturel et zeste d\u2019orange pour une saveur riche et originale.<\/p>\n","protected":false},"featured_media":5265,"comment_status":"open","ping_status":"closed","template":"","meta":[],"product_brand":[],"product_cat":[97,105],"product_tag":[],"class_list":{"0":"post-5264","1":"product","2":"type-product","3":"status-publish","4":"has-post-thumbnail","6":"product_cat-amlou","7":"product_cat-produits-du-terroir","8":"pa_poids-400-g","9":"pa_poids-750-g","11":"first","12":"instock","13":"shipping-taxable","14":"purchasable","15":"product-type-variable","16":"wvs-archive-product-wrapper"},"_links":{"self":[{"href":"https:\/\/bilive.ma\/index.php\/wp-json\/wp\/v2\/product\/5264","targetHints":{"allow":["GET"]}}],"collection":[{"href":"https:\/\/bilive.ma\/index.php\/wp-json\/wp\/v2\/product"}],"about":[{"href":"https:\/\/bilive.ma\/index.php\/wp-json\/wp\/v2\/types\/product"}],"replies":[{"embeddable":true,"href":"https:\/\/bilive.ma\/index.php\/wp-json\/wp\/v2\/comments?post=5264"}],"version-history":[{"count":5,"href":"https:\/\/bilive.ma\/index.php\/wp-json\/wp\/v2\/product\/5264\/revisions"}],"predecessor-version":[{"id":5767,"href":"https:\/\/bilive.ma\/index.php\/wp-json\/wp\/v2\/product\/5264\/revisions\/5767"}],"wp:featuredmedia":[{"embeddable":true,"href":"https:\/\/bilive.ma\/index.php\/wp-json\/wp\/v2\/media\/5265"}],"wp:attachment":[{"href":"https:\/\/bilive.ma\/index.php\/wp-json\/wp\/v2\/media?parent=5264"}],"wp:term":[{"taxonomy":"product_brand","embeddable":true,"href":"https:\/\/bilive.ma\/index.php\/wp-json\/wp\/v2\/product_brand?post=5264"},{"taxonomy":"product_cat","embeddable":true,"href":"https:\/\/bilive.ma\/index.php\/wp-json\/wp\/v2\/product_cat?post=5264"},{"taxonomy":"product_tag","embeddable":true,"href":"https:\/\/bilive.ma\/index.php\/wp-json\/wp\/v2\/product_tag?post=5264"}],"curies":[{"name":"wp","href":"https:\/\/api.w.org\/{rel}","templated":true}]}}