{"id":5268,"date":"2026-03-25T10:58:03","date_gmt":"2026-03-25T09:58:03","guid":{"rendered":"https:\/\/bilive.ma\/?post_type=product&#038;p=5268"},"modified":"2026-04-06T15:19:12","modified_gmt":"2026-04-06T13:19:12","slug":"kabsa","status":"publish","type":"product","link":"https:\/\/bilive.ma\/index.php\/product\/kabsa\/","title":{"rendered":"Kabsa"},"content":{"rendered":"<p style=\"text-align: justify;\" data-start=\"383\" data-end=\"643\">Apportez une touche d\u2019authenticit\u00e9 \u00e0 votre cuisine avec notre <strong data-start=\"445\" data-end=\"471\">m\u00e9lange d\u2019\u00e9pices Kabsa<\/strong>, inspir\u00e9 de la c\u00e9l\u00e8bre sp\u00e9cialit\u00e9 du Moyen-Orient. Ce m\u00e9lange unique associe des \u00e9pices soigneusement s\u00e9lectionn\u00e9es pour offrir un go\u00fbt riche, parfum\u00e9 et l\u00e9g\u00e8rement \u00e9pic\u00e9.<\/p>\n<p style=\"text-align: justify;\" data-start=\"645\" data-end=\"765\">Id\u00e9al pour pr\u00e9parer le fameux Kabsa, ce m\u00e9lange sublime \u00e9galement vos plats de riz, viandes (poulet, agneau) et l\u00e9gumes.<\/p>\n<p style=\"text-align: justify;\" data-start=\"767\" data-end=\"903\">\ud83c\udf3f <strong data-start=\"770\" data-end=\"795\">Composition typique :<\/strong><br data-start=\"795\" data-end=\"798\" \/>Cumin, coriandre, cannelle, cardamome, clou de girofle, poivre noir, curcuma et autres \u00e9pices naturelles.<\/p>\n<p style=\"text-align: justify;\" data-start=\"905\" data-end=\"1029\">\u2705 <strong data-start=\"907\" data-end=\"923\">100% naturel<\/strong><br data-start=\"923\" data-end=\"926\" \/>\u2705 <strong data-start=\"928\" data-end=\"962\">Sans additifs ni conservateurs<\/strong><br data-start=\"962\" data-end=\"965\" \/>\u2705 <strong data-start=\"967\" data-end=\"1003\">Saveur authentique et \u00e9quilibr\u00e9e<\/strong><br data-start=\"1003\" data-end=\"1006\" \/>\u2705 <strong data-start=\"1008\" data-end=\"1029\">Facile \u00e0 utiliser<\/strong><\/p>\n<p style=\"text-align: justify;\" data-start=\"1031\" data-end=\"1053\">\ud83c\udf7d\ufe0f <strong data-start=\"1035\" data-end=\"1051\">Id\u00e9al pour :<\/strong><\/p>\n<ul style=\"text-align: justify;\" data-start=\"1054\" data-end=\"1173\">\n<li data-section-id=\"1roc9yt\" data-start=\"1054\" data-end=\"1088\">Pr\u00e9parer le Kabsa traditionnel<\/li>\n<li data-section-id=\"s71ces\" data-start=\"1089\" data-end=\"1134\">Assaisonner le riz et les plats orientaux<\/li>\n<li data-section-id=\"1e5xxh2\" data-start=\"1135\" data-end=\"1173\">Rehausser les viandes et volailles<\/li>\n<\/ul>\n<p style=\"text-align: justify;\" data-start=\"1175\" data-end=\"1310\">\ud83e\udd44 <strong data-start=\"1178\" data-end=\"1206\">Conseils d\u2019utilisation :<\/strong><br data-start=\"1206\" data-end=\"1209\" \/>Ajouter 1 \u00e0 2 cuill\u00e8res \u00e0 caf\u00e9 dans vos pr\u00e9parations pendant la cuisson pour lib\u00e9rer tous les ar\u00f4mes.<\/p>\n<p style=\"text-align: justify;\" data-start=\"1312\" data-end=\"1410\">\ud83d\udce6 <strong data-start=\"1315\" data-end=\"1336\">Conditionnement :<\/strong><br data-start=\"1336\" data-end=\"1339\" \/>Disponible en pot ou sachet herm\u00e9tique pour une meilleure conservation.<\/p>\n","protected":false},"excerpt":{"rendered":"<p style=\"text-align: justify;\">Un m\u00e9lange d\u2019\u00e9pices traditionnel pour pr\u00e9parer le c\u00e9l\u00e8bre Kabsa, riche en saveurs orientales et parfaitement \u00e9quilibr\u00e9.<\/p>\n","protected":false},"featured_media":5269,"comment_status":"open","ping_status":"closed","template":"","meta":[],"product_brand":[],"product_cat":[82,105],"product_tag":[],"class_list":{"0":"post-5268","1":"product","2":"type-product","3":"status-publish","4":"has-post-thumbnail","6":"product_cat-epices-plantes-et-grains","7":"product_cat-produits-du-terroir","9":"first","10":"instock","11":"shipping-taxable","12":"purchasable","13":"product-type-simple"},"_links":{"self":[{"href":"https:\/\/bilive.ma\/index.php\/wp-json\/wp\/v2\/product\/5268","targetHints":{"allow":["GET"]}}],"collection":[{"href":"https:\/\/bilive.ma\/index.php\/wp-json\/wp\/v2\/product"}],"about":[{"href":"https:\/\/bilive.ma\/index.php\/wp-json\/wp\/v2\/types\/product"}],"replies":[{"embeddable":true,"href":"https:\/\/bilive.ma\/index.php\/wp-json\/wp\/v2\/comments?post=5268"}],"version-history":[{"count":4,"href":"https:\/\/bilive.ma\/index.php\/wp-json\/wp\/v2\/product\/5268\/revisions"}],"predecessor-version":[{"id":5774,"href":"https:\/\/bilive.ma\/index.php\/wp-json\/wp\/v2\/product\/5268\/revisions\/5774"}],"wp:featuredmedia":[{"embeddable":true,"href":"https:\/\/bilive.ma\/index.php\/wp-json\/wp\/v2\/media\/5269"}],"wp:attachment":[{"href":"https:\/\/bilive.ma\/index.php\/wp-json\/wp\/v2\/media?parent=5268"}],"wp:term":[{"taxonomy":"product_brand","embeddable":true,"href":"https:\/\/bilive.ma\/index.php\/wp-json\/wp\/v2\/product_brand?post=5268"},{"taxonomy":"product_cat","embeddable":true,"href":"https:\/\/bilive.ma\/index.php\/wp-json\/wp\/v2\/product_cat?post=5268"},{"taxonomy":"product_tag","embeddable":true,"href":"https:\/\/bilive.ma\/index.php\/wp-json\/wp\/v2\/product_tag?post=5268"}],"curies":[{"name":"wp","href":"https:\/\/api.w.org\/{rel}","templated":true}]}}